{"id":479,"date":"2026-04-28T08:15:36","date_gmt":"2026-04-28T08:15:36","guid":{"rendered":"https:\/\/coresparkbattery.com\/deep-cycles-12v-100ah-solar-system-rechargeable-lithium-battery-12-8v-lifepo4-battery-pack-24v-100ah-lithium-ion-batteries\/"},"modified":"2026-04-28T09:40:12","modified_gmt":"2026-04-28T09:40:12","slug":"deep-cycles-12v-100ah-solar-system-rechargeable-lithium-battery-12-8v-lifepo4-battery-pack-24v-100ah-lithium-ion-batteries","status":"publish","type":"product","link":"https:\/\/coresparkbattery.com\/pt\/deep-cycles-12v-100ah-solar-system-rechargeable-lithium-battery-12-8v-lifepo4-battery-pack-24v-100ah-lithium-ion-batteries\/","title":{"rendered":"Deep Cycles 12v 100ah Bateria de l\u00edtio recarreg\u00e1vel para sistema solar 12.8v Bateria Lifepo4 Baterias de i\u00f5es de l\u00edtio 24v 100ah"},"content":{"rendered":"<p>BMS 100A incorporado e corte de baixa temperatura<br \/>\nA bateria de ciclo profundo tem um BMS de 100A incorporado para a proteger contra sobrecarga, descarga excessiva, sobrecorrente e curto-circuitos com uma excelente taxa de auto-descarga baixa. O corte de alta temperatura impede o carregamento acima de 167 \u00b0F (75\u00b0C). E prote\u00e7\u00e3o contra corte por baixa temperatura<br \/>\nevita danos na bateria em ambientes de baixa temperatura.<\/p>\n<p>Tecnologia avan\u00e7ada de ferro-l\u00edtio<br \/>\nBateria de l\u00edtio de 100Ah fabricada por c\u00e9lulas LiFePO4 de qualidade autom\u00f3vel com maior densidade de energia, desempenho mais est\u00e1vel e maior pot\u00eancia. Excelente desempenho de ciclo, carregamento e descarregamento r\u00e1pidos, efici\u00eancia de carregamento at\u00e9 100% e elevada pot\u00eancia de sa\u00edda. Sem efeito de mem\u00f3ria, independentemente do estado em que a bateria se encontra, pode ser utilizada assim que \u00e9 carregada. Expans\u00e3o de suporte para at\u00e9 4 s\u00e9ries e 4 paralelas e adequado para armazenamento de energia el\u00e9ctrica.<\/p>","protected":false},"excerpt":{"rendered":"<p>Bateria de 12V 250Ah LiFePO4 para ve\u00edculos de recreio, bateria de 12V 350Ah LiFePO4 para ve\u00edculos de recreio, bateria de 12V 60Ah LiFePO4 para ve\u00edculos de recreio, bateria de 12V 70Ah LiFePO4 para ve\u00edculos de recreio<\/p>","protected":false},"featured_media":775,"template":"","meta":{"_gspb_post_css":""},"product_brand":[],"product_cat":[494,493,499,498,492],"product_tag":[201,202,203,204],"class_list":{"0":"post-479","1":"product","2":"type-product","3":"status-publish","4":"has-post-thumbnail","6":"product_cat-12v-lifepo4-battery","7":"product_cat-12v-rv-lifepo4-battery","8":"product_cat-24v-lifepo4-battery","9":"product_cat-24v-rv-lifepo4-battery","10":"product_cat-rv-lifepo4-battery","11":"product_tag-12v-250ah-lifepo4-rv-battery","12":"product_tag-12v-350ah-lifepo4-rv-battery","13":"product_tag-12v-60ah-lifepo4-rv-battery","14":"product_tag-12v-70ah-lifepo4-rv-battery","16":"first","17":"instock","18":"featured","19":"shipping-taxable","20":"product-type-simple"},"_links":{"self":[{"href":"https:\/\/coresparkbattery.com\/pt\/wp-json\/wp\/v2\/product\/479","targetHints":{"allow":["GET"]}}],"collection":[{"href":"https:\/\/coresparkbattery.com\/pt\/wp-json\/wp\/v2\/product"}],"about":[{"href":"https:\/\/coresparkbattery.com\/pt\/wp-json\/wp\/v2\/types\/product"}],"wp:featuredmedia":[{"embeddable":true,"href":"https:\/\/coresparkbattery.com\/pt\/wp-json\/wp\/v2\/media\/775"}],"wp:attachment":[{"href":"https:\/\/coresparkbattery.com\/pt\/wp-json\/wp\/v2\/media?parent=479"}],"wp:term":[{"taxonomy":"product_brand","embeddable":true,"href":"https:\/\/coresparkbattery.com\/pt\/wp-json\/wp\/v2\/product_brand?post=479"},{"taxonomy":"product_cat","embeddable":true,"href":"https:\/\/coresparkbattery.com\/pt\/wp-json\/wp\/v2\/product_cat?post=479"},{"taxonomy":"product_tag","embeddable":true,"href":"https:\/\/coresparkbattery.com\/pt\/wp-json\/wp\/v2\/product_tag?post=479"}],"curies":[{"name":"wp","href":"https:\/\/api.w.org\/{rel}","templated":true}]}}