{"id":476,"date":"2026-04-28T08:15:36","date_gmt":"2026-04-28T08:15:36","guid":{"rendered":"https:\/\/coresparkbattery.com\/12v-50ah-lithium-battery-lifepo4-lithium-ion-battery-deep-cycle-fot-solar-systems-12v-solar-battery\/"},"modified":"2026-04-28T09:36:56","modified_gmt":"2026-04-28T09:36:56","slug":"12v-50ah-lithium-battery-lifepo4-lithium-ion-battery-deep-cycle-fot-solar-systems-12v-solar-battery","status":"publish","type":"product","link":"https:\/\/coresparkbattery.com\/pt\/12v-50ah-lithium-battery-lifepo4-lithium-ion-battery-deep-cycle-fot-solar-systems-12v-solar-battery\/","title":{"rendered":"Bateria de l\u00edtio de 12V 50Ah Lifepo4 Bateria de i\u00f5es de l\u00edtio de ciclo profundo Fot Sistemas solares Bateria solar de 12v"},"content":{"rendered":"<p>BMS de 50A incorporado e corte de baixa temperatura<br \/>\nA bateria de ciclo profundo tem um BMS de 100A incorporado para a proteger contra sobrecarga, descarga excessiva, sobrecorrente e curto-circuito com uma excelente taxa de auto-descarga baixa. O corte de alta temperatura impede o carregamento acima de 167 \u00b0F (75\u00b0C). E prote\u00e7\u00e3o de corte de baixa temperatura<br \/>\nevita que a bateria se danifique num ambiente de baixa temperatura.<\/p>\n<p>Tecnologia avan\u00e7ada de ferro-l\u00edtio<br \/>\nBateria de l\u00edtio de 50Ah fabricada por c\u00e9lulas LiFePO4 de qualidade autom\u00f3vel com maior densidade de energia, desempenho mais est\u00e1vel e maior pot\u00eancia. Excelente desempenho de ciclo, carregamento e descarregamento r\u00e1pidos, efici\u00eancia de carregamento at\u00e9 100% e elevada pot\u00eancia de sa\u00edda. Sem efeito de mem\u00f3ria, independentemente do estado em que a bateria se encontra, pode ser utilizada assim que \u00e9 carregada. Expans\u00e3o de suporte para at\u00e9 4 s\u00e9ries e 4 paralelas e adequado para armazenamento de energia el\u00e9ctrica.<\/p>\n<p>Longevidade e leveza excepcionais<br \/>\nAs nossas baterias de l\u00edtio-ferro LiFePO4 fornecem mais de 5000 ciclos em compara\u00e7\u00e3o com 300~500 ciclos em baterias de chumbo-\u00e1cido. A vida \u00fatil das baterias LiFePO4 \u00e9 8 a 10 vezes maior do que a das baterias de chumbo-\u00e1cido padr\u00e3o, ajudando a minimizar o custo de substitui\u00e7\u00e3o e a reduzir o custo total de manuten\u00e7\u00e3o.<br \/>\ncusto de propriedade. Al\u00e9m disso, o peso da bateria de fosfato de ferro e l\u00edtio \u00e9 30% mais leve do que o da bateria de chumbo-\u00e1cido com a mesma capacidade, pelo que pode ser transportada mais facilmente.<\/p>","protected":false},"excerpt":{"rendered":"<p>Bateria de 12V para ve\u00edculos de recreio sem manuten\u00e7\u00e3o, bateria de 12V de alta capacidade para ve\u00edculos de recreio, bateria LiFePO4 de 12,8V para ve\u00edculos de recreio, bateria recarreg\u00e1vel de 12V para ve\u00edculos de recreio<\/p>","protected":false},"featured_media":756,"template":"","meta":{"_gspb_post_css":""},"product_brand":[],"product_cat":[494,493,492],"product_tag":[186,185,188,187],"class_list":{"0":"post-476","1":"product","2":"type-product","3":"status-publish","4":"has-post-thumbnail","6":"product_cat-12v-lifepo4-battery","7":"product_cat-12v-rv-lifepo4-battery","8":"product_cat-rv-lifepo4-battery","9":"product_tag-12v-high-capacity-rv-battery","10":"product_tag-12v-maintenance-free-rv-battery","11":"product_tag-12v-rechargeable-rv-battery","12":"product_tag-rv-lifepo4-battery-12-8v","14":"first","15":"instock","16":"featured","17":"shipping-taxable","18":"product-type-simple"},"_links":{"self":[{"href":"https:\/\/coresparkbattery.com\/pt\/wp-json\/wp\/v2\/product\/476","targetHints":{"allow":["GET"]}}],"collection":[{"href":"https:\/\/coresparkbattery.com\/pt\/wp-json\/wp\/v2\/product"}],"about":[{"href":"https:\/\/coresparkbattery.com\/pt\/wp-json\/wp\/v2\/types\/product"}],"wp:featuredmedia":[{"embeddable":true,"href":"https:\/\/coresparkbattery.com\/pt\/wp-json\/wp\/v2\/media\/756"}],"wp:attachment":[{"href":"https:\/\/coresparkbattery.com\/pt\/wp-json\/wp\/v2\/media?parent=476"}],"wp:term":[{"taxonomy":"product_brand","embeddable":true,"href":"https:\/\/coresparkbattery.com\/pt\/wp-json\/wp\/v2\/product_brand?post=476"},{"taxonomy":"product_cat","embeddable":true,"href":"https:\/\/coresparkbattery.com\/pt\/wp-json\/wp\/v2\/product_cat?post=476"},{"taxonomy":"product_tag","embeddable":true,"href":"https:\/\/coresparkbattery.com\/pt\/wp-json\/wp\/v2\/product_tag?post=476"}],"curies":[{"name":"wp","href":"https:\/\/api.w.org\/{rel}","templated":true}]}}