{"id":475,"date":"2026-04-28T08:15:36","date_gmt":"2026-04-28T08:15:36","guid":{"rendered":"https:\/\/coresparkbattery.com\/12v-30ah-lifepo4-battery-pack-deep-cycles-lifepo4-12-8v-7ah-12ah-20ah-30ah-50ah-lithium-battery\/"},"modified":"2026-04-28T09:35:25","modified_gmt":"2026-04-28T09:35:25","slug":"12v-30ah-lifepo4-battery-pack-deep-cycles-lifepo4-12-8v-7ah-12ah-20ah-30ah-50ah-lithium-battery","status":"publish","type":"product","link":"https:\/\/coresparkbattery.com\/pt\/12v-30ah-lifepo4-battery-pack-deep-cycles-lifepo4-12-8v-7ah-12ah-20ah-30ah-50ah-lithium-battery\/","title":{"rendered":"Bateria 12v 30ah Lifepo4 Deep Cycles Lifepo4 12.8v 7ah 12ah 20ah 30ah 50ah Bateria de l\u00edtio"},"content":{"rendered":"<p>Brinquedos de aplica\u00e7\u00e3o, Sistemas de armazenamento de energia solar, Fontes de alimenta\u00e7\u00e3o ininterruptas<br \/>\nVida \u00fatil do ciclo 5000 ciclos<br \/>\nMateriais do c\u00e1todo LiFePO4<br \/>\nQuantidade m\u00e1xima de carga (c\u00e9lulas) 384W<br \/>\nTemperatura de funcionamento (\u2103) AT\u00c9 60<br \/>\nDimens\u00e3o (C*L*A) 195*130*154mm<br \/>\nN\u00famero do modelo 12V 30AH<br \/>\nLocal de origem Guangdong, China<br \/>\nPeso 4.2KG<br \/>\nNome do produto Bateria Lifepo4 12v 30ah<br \/>\nVida \u00fatil do ciclo 5000 vezes<br \/>\nPeso 4.2KG<br \/>\nAceit\u00e1vel OEM\/ODM<br \/>\nMOQ 2 unidades<br \/>\nTipo fosfato de l\u00edtio e ferro<br \/>\nOEM dispon\u00edvel<br \/>\nCobr\u00e1vel sim<br \/>\nGarantia de 2 anos<br \/>\nTamanho 195x130x154mm<\/p>","protected":false},"excerpt":{"rendered":"<p>Bateria de ciclo profundo de 12V LiFePO4, Melhor bateria de l\u00edtio para ve\u00edculos de recreio de 12V, Bateria de 12V LiFePO4 para ve\u00edculos de recreio com BMS, Leve, Bateria de 12V para ve\u00edculos de recreio<\/p>","protected":false},"featured_media":756,"template":"","meta":{"_gspb_post_css":""},"product_brand":[],"product_cat":[494],"product_tag":[180,528,183,181,511],"class_list":{"0":"post-475","1":"product","2":"type-product","3":"status-publish","4":"has-post-thumbnail","6":"product_cat-12v-lifepo4-battery","7":"product_tag-12v-lifepo4-deep-cycle-battery","8":"product_tag-12v-lifepo4-rv-battery-with-bms","9":"product_tag-12v-rv-battery","10":"product_tag-best-12v-rv-lithium-battery","11":"product_tag-lightweight","13":"first","14":"instock","15":"featured","16":"shipping-taxable","17":"product-type-simple"},"_links":{"self":[{"href":"https:\/\/coresparkbattery.com\/pt\/wp-json\/wp\/v2\/product\/475","targetHints":{"allow":["GET"]}}],"collection":[{"href":"https:\/\/coresparkbattery.com\/pt\/wp-json\/wp\/v2\/product"}],"about":[{"href":"https:\/\/coresparkbattery.com\/pt\/wp-json\/wp\/v2\/types\/product"}],"wp:featuredmedia":[{"embeddable":true,"href":"https:\/\/coresparkbattery.com\/pt\/wp-json\/wp\/v2\/media\/756"}],"wp:attachment":[{"href":"https:\/\/coresparkbattery.com\/pt\/wp-json\/wp\/v2\/media?parent=475"}],"wp:term":[{"taxonomy":"product_brand","embeddable":true,"href":"https:\/\/coresparkbattery.com\/pt\/wp-json\/wp\/v2\/product_brand?post=475"},{"taxonomy":"product_cat","embeddable":true,"href":"https:\/\/coresparkbattery.com\/pt\/wp-json\/wp\/v2\/product_cat?post=475"},{"taxonomy":"product_tag","embeddable":true,"href":"https:\/\/coresparkbattery.com\/pt\/wp-json\/wp\/v2\/product_tag?post=475"}],"curies":[{"name":"wp","href":"https:\/\/api.w.org\/{rel}","templated":true}]}}