{"id":474,"date":"2026-04-28T08:15:36","date_gmt":"2026-04-28T08:15:36","guid":{"rendered":"https:\/\/coresparkbattery.com\/12-8v-20ah-lifepo4-battery-pack-12volt-7ah-12ah-20ah-30ah-50ah-lifepo4-lithium-battery\/"},"modified":"2026-04-28T09:34:34","modified_gmt":"2026-04-28T09:34:34","slug":"12-8v-20ah-lifepo4-battery-pack-12volt-7ah-12ah-20ah-30ah-50ah-lifepo4-lithium-battery","status":"publish","type":"product","link":"https:\/\/coresparkbattery.com\/pt\/12-8v-20ah-lifepo4-battery-pack-12volt-7ah-12ah-20ah-30ah-50ah-lifepo4-lithium-battery\/","title":{"rendered":"Bateria 12.8v 20ah Lifepo4 Bateria de l\u00edtio 12volt 7ah 12ah 20ah 30ah 50ah LiFePO4"},"content":{"rendered":"<p>Aplica\u00e7\u00e3o Sistemas de armazenamento de energia solar, fontes de alimenta\u00e7\u00e3o ininterruptas<br \/>\nNome da marca Log\u00f3tipo personalizado<br \/>\nN\u00famero do modelo 12V 20AH<br \/>\nLocal de origem Guangdong, China<br \/>\nPeso 2.8KG<br \/>\nNome do produto Bateria Lifepo4 12v 20ah<br \/>\nVida \u00fatil do ciclo 5000 vezes<br \/>\nPeso 2.8KG<br \/>\nAceit\u00e1vel OEM\/ODM<br \/>\nMOQ 1 Pcs<br \/>\nTipo fosfato de l\u00edtio e ferro<br \/>\nOEM dispon\u00edvel<br \/>\nCobr\u00e1vel sim<br \/>\nGarantia de 2 anos<br \/>\nTamanho 180*77*172mm<\/p>","protected":false},"excerpt":{"rendered":"<p>Bateria de reboque de viagem de 12V, bateria LiFePO4 para RV solar, bateria auxiliar de RV de 12V, bateria de l\u00edtio de RV de 12V<\/p>","protected":false},"featured_media":751,"template":"","meta":{"_gspb_post_css":""},"product_brand":[],"product_cat":[494,493,492],"product_tag":[178,176,177,179],"class_list":{"0":"post-474","1":"product","2":"type-product","3":"status-publish","4":"has-post-thumbnail","6":"product_cat-12v-lifepo4-battery","7":"product_cat-12v-rv-lifepo4-battery","8":"product_cat-rv-lifepo4-battery","9":"product_tag-12v-rv-auxiliary-battery","10":"product_tag-12v-travel-trailer-battery","11":"product_tag-lifepo4-battery-for-rv-solar","12":"product_tag-rv-12v-lithium-battery-pack","14":"first","15":"instock","16":"featured","17":"shipping-taxable","18":"product-type-simple"},"_links":{"self":[{"href":"https:\/\/coresparkbattery.com\/pt\/wp-json\/wp\/v2\/product\/474","targetHints":{"allow":["GET"]}}],"collection":[{"href":"https:\/\/coresparkbattery.com\/pt\/wp-json\/wp\/v2\/product"}],"about":[{"href":"https:\/\/coresparkbattery.com\/pt\/wp-json\/wp\/v2\/types\/product"}],"wp:featuredmedia":[{"embeddable":true,"href":"https:\/\/coresparkbattery.com\/pt\/wp-json\/wp\/v2\/media\/751"}],"wp:attachment":[{"href":"https:\/\/coresparkbattery.com\/pt\/wp-json\/wp\/v2\/media?parent=474"}],"wp:term":[{"taxonomy":"product_brand","embeddable":true,"href":"https:\/\/coresparkbattery.com\/pt\/wp-json\/wp\/v2\/product_brand?post=474"},{"taxonomy":"product_cat","embeddable":true,"href":"https:\/\/coresparkbattery.com\/pt\/wp-json\/wp\/v2\/product_cat?post=474"},{"taxonomy":"product_tag","embeddable":true,"href":"https:\/\/coresparkbattery.com\/pt\/wp-json\/wp\/v2\/product_tag?post=474"}],"curies":[{"name":"wp","href":"https:\/\/api.w.org\/{rel}","templated":true}]}}