{"id":472,"date":"2026-04-28T08:15:36","date_gmt":"2026-04-28T08:15:36","guid":{"rendered":"https:\/\/coresparkbattery.com\/lifepo4-prismatic-12v-12ah-lithium-ion-12-volt-battery-12v-lithium-battery-lifepo4-battery-12v-12ah\/"},"modified":"2026-04-28T09:32:18","modified_gmt":"2026-04-28T09:32:18","slug":"lifepo4-prismatic-12v-12ah-lithium-ion-12-volt-battery-12v-lithium-battery-lifepo4-battery-12v-12ah","status":"publish","type":"product","link":"https:\/\/coresparkbattery.com\/pt\/lifepo4-prismatic-12v-12ah-lithium-ion-12-volt-battery-12v-lithium-battery-lifepo4-battery-12v-12ah\/","title":{"rendered":"LiFePO4 Prismatic 12V 12AH Bateria de i\u00f5es de l\u00edtio de 12 volts Bateria de l\u00edtio de 12v Lifepo4 Bateria 12v 12ah"},"content":{"rendered":"<p>Aplica\u00e7\u00e3o Brinquedos, ferramentas el\u00e9ctricas, electrodom\u00e9sticos, eletr\u00f3nica de consumo, barcos, submarinos, bicicletas\/scooters el\u00e9ctricas, ve\u00edculos el\u00e9ctricos, cadeiras de rodas el\u00e9ctricas, sistemas de energia el\u00e9ctrica, sistemas de armazenamento de energia solar, fontes de alimenta\u00e7\u00e3o ininterrupta, empilhadores el\u00e9ctricos<br \/>\nNome da marca Log\u00f3tipo personalizado<br \/>\nN\u00famero do modelo 12V 12AH<br \/>\nPeso 1,5 kg<br \/>\nNome do produto bateria lifepo4 12v 12ah<br \/>\nVida \u00fatil do ciclo 5000 vezes<br \/>\nPeso 0.9KG<br \/>\nAceit\u00e1vel OEM\/ODM<br \/>\nMOQ 1 Pcs<br \/>\nTipo fosfato de l\u00edtio e ferro<br \/>\nCobr\u00e1vel sim<br \/>\nGarantia de 5 anos<br \/>\nTamanho 151*99*97mm<br \/>\nCarater\u00edsticas Utiliza\u00e7\u00e3o alargada da UPS<\/p>","protected":false},"excerpt":{"rendered":"<p>Bateria de campismo de 12V, LiFePO4, bateria de l\u00edtio de ciclo profundo para ve\u00edculos de recreio, bateria de 12V para ve\u00edculos de recreio fora da rede, banco de baterias LiFePO4 para ve\u00edculos de recreio<\/p>","protected":false},"featured_media":742,"template":"","meta":{"_gspb_post_css":""},"product_brand":[],"product_cat":[494,493,492],"product_tag":[168,170,526,171,527],"class_list":{"0":"post-472","1":"product","2":"type-product","3":"status-publish","4":"has-post-thumbnail","6":"product_cat-12v-lifepo4-battery","7":"product_cat-12v-rv-lifepo4-battery","8":"product_cat-rv-lifepo4-battery","9":"product_tag-12v-camper-battery","10":"product_tag-12v-off-grid-rv-battery","11":"product_tag-lifepo4","12":"product_tag-lifepo4-rv-battery-bank","13":"product_tag-rv-deep-cycle-lithium-battery","15":"first","16":"instock","17":"featured","18":"shipping-taxable","19":"product-type-simple"},"_links":{"self":[{"href":"https:\/\/coresparkbattery.com\/pt\/wp-json\/wp\/v2\/product\/472","targetHints":{"allow":["GET"]}}],"collection":[{"href":"https:\/\/coresparkbattery.com\/pt\/wp-json\/wp\/v2\/product"}],"about":[{"href":"https:\/\/coresparkbattery.com\/pt\/wp-json\/wp\/v2\/types\/product"}],"wp:featuredmedia":[{"embeddable":true,"href":"https:\/\/coresparkbattery.com\/pt\/wp-json\/wp\/v2\/media\/742"}],"wp:attachment":[{"href":"https:\/\/coresparkbattery.com\/pt\/wp-json\/wp\/v2\/media?parent=472"}],"wp:term":[{"taxonomy":"product_brand","embeddable":true,"href":"https:\/\/coresparkbattery.com\/pt\/wp-json\/wp\/v2\/product_brand?post=472"},{"taxonomy":"product_cat","embeddable":true,"href":"https:\/\/coresparkbattery.com\/pt\/wp-json\/wp\/v2\/product_cat?post=472"},{"taxonomy":"product_tag","embeddable":true,"href":"https:\/\/coresparkbattery.com\/pt\/wp-json\/wp\/v2\/product_tag?post=472"}],"curies":[{"name":"wp","href":"https:\/\/api.w.org\/{rel}","templated":true}]}}