{"id":471,"date":"2026-04-28T08:15:35","date_gmt":"2026-04-28T08:15:35","guid":{"rendered":"https:\/\/coresparkbattery.com\/solar-battery-12v-7ah-10ah-12ah-20ah-50ah-100ah-lifepo4-lithium-battery-pack-12v-50ah-lithium-battery\/"},"modified":"2026-04-28T09:31:13","modified_gmt":"2026-04-28T09:31:13","slug":"solar-battery-12v-7ah-10ah-12ah-20ah-50ah-100ah-lifepo4-lithium-battery-pack-12v-50ah-lithium-battery","status":"publish","type":"product","link":"https:\/\/coresparkbattery.com\/pt\/solar-battery-12v-7ah-10ah-12ah-20ah-50ah-100ah-lifepo4-lithium-battery-pack-12v-50ah-lithium-battery\/","title":{"rendered":"Bateria solar 12v 7ah 10ah 12ah 20ah 50ah 100ah Bateria de l\u00edtio Lifepo4 Bateria de l\u00edtio 12V 50Ah"},"content":{"rendered":"<p>Ferramentas el\u00e9ctricas de aplica\u00e7\u00e3o, sistemas de armazenamento de energia solar, fontes de alimenta\u00e7\u00e3o ininterruptas<br \/>\nMateriais do c\u00e1todo LiFePO4<br \/>\nQuantidade m\u00e1xima de carga (c\u00e9lulas) 89,6Wh<br \/>\nTemperatura de funcionamento(\u2103) -20\u00b0C a 60\u2103 (-4\u00b0F a 140\u00b0F)<br \/>\nDimens\u00e3o (C*L*A) 151*65*95 mm<br \/>\nN\u00famero do modelo 12V 7AH<br \/>\nPeso 0.95KG<br \/>\nNome do produto Bateria 12V 7AH LiFePO4<br \/>\nVida \u00fatil do ciclo 5000 vezes<br \/>\nPeso 0.95KG<br \/>\nAceit\u00e1vel OEM\/ODM<br \/>\nDispon\u00edvel em OEM<br \/>\nGarantia de 2 anos<\/p>","protected":false},"excerpt":{"rendered":"<p>Bateria de 12V para autocaravanas de ciclo profundo, bateria de l\u00edtio para autocaravanas, bateria de 12V LiFePO4 para autocaravanas, bateria de l\u00edtio para autocaravanas<\/p>","protected":false},"featured_media":737,"template":"","meta":{"_gspb_post_css":""},"product_brand":[],"product_cat":[494,493,492],"product_tag":[164,166,167,165],"class_list":{"0":"post-471","1":"product","2":"type-product","3":"status-publish","4":"has-post-thumbnail","6":"product_cat-12v-lifepo4-battery","7":"product_cat-12v-rv-lifepo4-battery","8":"product_cat-rv-lifepo4-battery","9":"product_tag-12v-deep-cycle-rv-battery","10":"product_tag-12v-rv-battery-lifepo4","11":"product_tag-lithium-battery-for-camper","12":"product_tag-rv-house-battery-lithium","14":"first","15":"instock","16":"featured","17":"shipping-taxable","18":"product-type-simple"},"_links":{"self":[{"href":"https:\/\/coresparkbattery.com\/pt\/wp-json\/wp\/v2\/product\/471","targetHints":{"allow":["GET"]}}],"collection":[{"href":"https:\/\/coresparkbattery.com\/pt\/wp-json\/wp\/v2\/product"}],"about":[{"href":"https:\/\/coresparkbattery.com\/pt\/wp-json\/wp\/v2\/types\/product"}],"wp:featuredmedia":[{"embeddable":true,"href":"https:\/\/coresparkbattery.com\/pt\/wp-json\/wp\/v2\/media\/737"}],"wp:attachment":[{"href":"https:\/\/coresparkbattery.com\/pt\/wp-json\/wp\/v2\/media?parent=471"}],"wp:term":[{"taxonomy":"product_brand","embeddable":true,"href":"https:\/\/coresparkbattery.com\/pt\/wp-json\/wp\/v2\/product_brand?post=471"},{"taxonomy":"product_cat","embeddable":true,"href":"https:\/\/coresparkbattery.com\/pt\/wp-json\/wp\/v2\/product_cat?post=471"},{"taxonomy":"product_tag","embeddable":true,"href":"https:\/\/coresparkbattery.com\/pt\/wp-json\/wp\/v2\/product_tag?post=471"}],"curies":[{"name":"wp","href":"https:\/\/api.w.org\/{rel}","templated":true}]}}