{"id":470,"date":"2026-04-28T08:15:35","date_gmt":"2026-04-28T08:15:35","guid":{"rendered":"https:\/\/coresparkbattery.com\/12v-7ah-lithium-ion-lifepo4-battery-pack-rechargeable-deep-cycle-energy-storage-battery-for-ups-solar-energy-system\/"},"modified":"2026-04-28T09:30:16","modified_gmt":"2026-04-28T09:30:16","slug":"12v-7ah-lithium-ion-lifepo4-battery-pack-rechargeable-deep-cycle-energy-storage-battery-for-ups-solar-energy-system","status":"publish","type":"product","link":"https:\/\/coresparkbattery.com\/pt\/12v-7ah-lithium-ion-lifepo4-battery-pack-rechargeable-deep-cycle-energy-storage-battery-for-ups-solar-energy-system\/","title":{"rendered":"12v 7ah Lithium Ion Lifepo4 Battery Pack Bateria recarreg\u00e1vel de armazenamento de energia de ciclo profundo para UPS\/sistema de energia solar"},"content":{"rendered":"<p>BMS de 12A atualizado<br \/>\nA bateria de ciclo profundo tem um BMS de 12A incorporado para a proteger contra sobrecarga, descarga excessiva, sobrecorrente e curto-circuito com uma excelente taxa de auto-descarga baixa. Com corte de alta temperatura, impede o carregamento acima de 167 \u00b0F (75\u00b0C).<\/p>\n<p>Tecnologia avan\u00e7ada de ferro-l\u00edtio<br \/>\nBateria de l\u00edtio de 7Ah fabricada por c\u00e9lulas LiFePO4 de qualidade autom\u00f3vel com maior densidade de energia, desempenho mais est\u00e1vel e maior pot\u00eancia. Excelente desempenho de ciclo, carregamento e descarregamento r\u00e1pidos, efici\u00eancia de carregamento at\u00e9 100% e elevada pot\u00eancia de sa\u00edda. Sem efeito de mem\u00f3ria, independentemente do estado em que a bateria se encontra, pode ser utilizada assim que \u00e9 carregada. Suporta a expans\u00e3o da bateria at\u00e9<br \/>\na 4 em s\u00e9rie e 4 em paralelo e adequado para armazenamento de energia el\u00e9ctrica.<\/p>\n<p>Bateria LiFePo4<br \/>\n12,8V 7Ah<br \/>\n12,8V 12Ah<br \/>\n12,8V 20Ah<br \/>\n12,8V 30Ah<br \/>\n12,8V 50Ah<br \/>\nTens\u00e3o nominal<br \/>\n12.8V<br \/>\n12.8V<br \/>\n12.8V<br \/>\n12.8V<br \/>\n12.8V<br \/>\nTens\u00e3o de carga<br \/>\n14,2V-14,6V<br \/>\n14,2V-14,6V<br \/>\n14,2V-14,6V<br \/>\n14,2V-14,6V<br \/>\n14,2V-14,6V<br \/>\nPeso<br \/>\n0.95KG\/2.09LB<br \/>\n1.5KG\/3.30LB<br \/>\n2.8KG\/6.17LB<br \/>\n4.2KG\/9.25LB<br \/>\n5.5KG\/12LB<br \/>\nEnergia<br \/>\n89,6Wh<br \/>\n153,6Wh<br \/>\n256Wh<br \/>\n384Wh<br \/>\n640Wh<br \/>\nCorrente m\u00e1xima de carregamento cont\u00ednuo<br \/>\n12A<br \/>\n12A<br \/>\n20A<br \/>\n30A<br \/>\n50A<br \/>\nCorrente m\u00e1xima de descarga cont\u00ednua<br \/>\n12A<br \/>\n12A<br \/>\n20A<br \/>\n30A<br \/>\n50A<br \/>\nCorrente de carga recomendada<br \/>\n1,4A(0,2C)<br \/>\n2,4A(0,2C)<br \/>\n4A(0,2C)<br \/>\n6A(0,2C)<br \/>\n10A(0,2C)<br \/>\nCarga m\u00e1xima \/ Pot\u00eancia do inversor<br \/>\n89.6W<br \/>\n153.6W<br \/>\n256W<br \/>\n384W<br \/>\n640W<\/p>","protected":false},"excerpt":{"rendered":"<p>Bateria LiFePO4 de 12V para ve\u00edculos de recreio, bateria de l\u00edtio de 12V para ve\u00edculos de recreio, bateria LiFePO4 para ve\u00edculos de recreio, bateria de fosfato de ferro-l\u00edtio para ve\u00edculos de recreio<\/p>","protected":false},"featured_media":732,"template":"","meta":{"_gspb_post_css":""},"product_brand":[],"product_cat":[494,493,492],"product_tag":[161,160,162,163],"class_list":{"0":"post-470","1":"product","2":"type-product","3":"status-publish","4":"has-post-thumbnail","6":"product_cat-12v-lifepo4-battery","7":"product_cat-12v-rv-lifepo4-battery","8":"product_cat-rv-lifepo4-battery","9":"product_tag-12v-lithium-rv-battery","10":"product_tag-12v-rv-lifepo4-battery","11":"product_tag-lifepo4-battery-for-rv","12":"product_tag-rv-lithium-iron-phosphate-battery","14":"first","15":"instock","16":"featured","17":"shipping-taxable","18":"product-type-simple"},"_links":{"self":[{"href":"https:\/\/coresparkbattery.com\/pt\/wp-json\/wp\/v2\/product\/470","targetHints":{"allow":["GET"]}}],"collection":[{"href":"https:\/\/coresparkbattery.com\/pt\/wp-json\/wp\/v2\/product"}],"about":[{"href":"https:\/\/coresparkbattery.com\/pt\/wp-json\/wp\/v2\/types\/product"}],"wp:featuredmedia":[{"embeddable":true,"href":"https:\/\/coresparkbattery.com\/pt\/wp-json\/wp\/v2\/media\/732"}],"wp:attachment":[{"href":"https:\/\/coresparkbattery.com\/pt\/wp-json\/wp\/v2\/media?parent=470"}],"wp:term":[{"taxonomy":"product_brand","embeddable":true,"href":"https:\/\/coresparkbattery.com\/pt\/wp-json\/wp\/v2\/product_brand?post=470"},{"taxonomy":"product_cat","embeddable":true,"href":"https:\/\/coresparkbattery.com\/pt\/wp-json\/wp\/v2\/product_cat?post=470"},{"taxonomy":"product_tag","embeddable":true,"href":"https:\/\/coresparkbattery.com\/pt\/wp-json\/wp\/v2\/product_tag?post=470"}],"curies":[{"name":"wp","href":"https:\/\/api.w.org\/{rel}","templated":true}]}}