{"id":468,"date":"2026-04-28T08:15:35","date_gmt":"2026-04-28T08:15:35","guid":{"rendered":"https:\/\/coresparkbattery.com\/deep-cycles-best-selling-76-8v-golf-carts-battery-with-bluetooth-heating-lifepo4-48v-36v-72v-100ah-105ah-lithium-battery\/"},"modified":"2026-04-28T09:27:18","modified_gmt":"2026-04-28T09:27:18","slug":"deep-cycles-best-selling-76-8v-golf-carts-battery-with-bluetooth-heating-lifepo4-48v-36v-72v-100ah-105ah-lithium-battery","status":"publish","type":"product","link":"https:\/\/coresparkbattery.com\/pt\/deep-cycles-best-selling-76-8v-golf-carts-battery-with-bluetooth-heating-lifepo4-48v-36v-72v-100ah-105ah-lithium-battery\/","title":{"rendered":"Deep Cycles Bateria para carrinhos de golfe 76.8v mais vendida com aquecimento bluetooth Bateria de l\u00edtio Lifepo4 48V 36V 72V 100Ah 105Ah"},"content":{"rendered":"<p>Tipo de c\u00e9lula<br \/>\nLiFePO4 Prism\u00e1tico<br \/>\nGarantia<br \/>\n5 anos<br \/>\nCiclo de vida<br \/>\n\u22654000 ciclos<br \/>\nTens\u00e3o nominal<br \/>\n70.4V<br \/>\nCapacidade nominal<br \/>\n105Ah<br \/>\nEnergia<br \/>\n7392Wh<br \/>\nM\u00e1ximo. Expans\u00e3o (paralela e em s\u00e9rie)<br \/>\nN\/A<br \/>\nResist\u00eancia interna<br \/>\n\uff1c40m\u03a9<br \/>\nCertifica\u00e7\u00f5es<br \/>\nCE, RoHS, FCC, UN38.13<br \/>\nBMS<br \/>\n200A<br \/>\nM\u00e1x. Pot\u00eancia de sa\u00edda cont\u00ednua<br \/>\n14080W<br \/>\nM\u00e1x. Corrente de carga cont\u00ednua<br \/>\n100A<br \/>\nM\u00e1x. Corrente de descarga cont\u00ednua<br \/>\n200A (Pico 400A 35S)<br \/>\nM\u00e1ximo. Descarga<br \/>\nPico 600A \/ 3s<br \/>\nTens\u00e3o de carga<br \/>\n78.1V<br \/>\nCorrente de carga recomendada<br \/>\n18A<br \/>\nTemperatura da carga<br \/>\n5\u00b0C a 50\u00b0C (23\u00b0F a 127\u00b0F)<br \/>\nTemperatura da carga<br \/>\n\u2018-5\u00b0C a 50\u00b0C (23\u00b0F a 127\u00b0F)<br \/>\nTerminais<br \/>\nM8<br \/>\nPeso aprox.<br \/>\n60KG \/ 132.27LBs<br \/>\nTamanho<br \/>\n558x307x269mm 21.97\u00d712.09\u00d710.59inch<br \/>\nClasse de prote\u00e7\u00e3o<br \/>\nIP67<br \/>\nPorqu\u00ea escolher-nos<br \/>\n* F\u00e1brica com certifica\u00e7\u00e3o de gest\u00e3o ISO 9001<br \/>\n* Equipa de I&amp;D com engenheiros e designers experientes<br \/>\n* Profissionais OEM&amp;ODM<br \/>\n* V\u00e1rias linhas de produ\u00e7\u00e3o e v\u00e1rios trabalhadores da produ\u00e7\u00e3o<br \/>\n* Controlo rigoroso da qualidade do produto, controlo de alta qualidade<br \/>\n* Integra\u00e7\u00e3o da produ\u00e7\u00e3o<\/p>","protected":false},"excerpt":{"rendered":"<p>Bateria Yamaha 36V, Yamaha, Bateria de l\u00edtio, Bateria LiFePO4, Carrinho de golfe, Bateria para Club Car Precedent<\/p>","protected":false},"featured_media":722,"template":"","meta":{"_gspb_post_css":""},"product_brand":[],"product_cat":[489,488,15],"product_tag":[151,522,379,521,520,519],"class_list":{"0":"post-468","1":"product","2":"type-product","3":"status-publish","4":"has-post-thumbnail","6":"product_cat-48v-golf-cart-battery","7":"product_cat-76-8v-golf-cart-battery","8":"product_cat-golf-cart-battery","9":"product_tag-battery-for-club-car-precedent","10":"product_tag-golf-cart","11":"product_tag-lifepo4-battery","12":"product_tag-lithium-battery","13":"product_tag-yamaha","14":"product_tag-yamaha-36v-battery","16":"first","17":"instock","18":"featured","19":"shipping-taxable","20":"product-type-simple"},"_links":{"self":[{"href":"https:\/\/coresparkbattery.com\/pt\/wp-json\/wp\/v2\/product\/468","targetHints":{"allow":["GET"]}}],"collection":[{"href":"https:\/\/coresparkbattery.com\/pt\/wp-json\/wp\/v2\/product"}],"about":[{"href":"https:\/\/coresparkbattery.com\/pt\/wp-json\/wp\/v2\/types\/product"}],"wp:featuredmedia":[{"embeddable":true,"href":"https:\/\/coresparkbattery.com\/pt\/wp-json\/wp\/v2\/media\/722"}],"wp:attachment":[{"href":"https:\/\/coresparkbattery.com\/pt\/wp-json\/wp\/v2\/media?parent=468"}],"wp:term":[{"taxonomy":"product_brand","embeddable":true,"href":"https:\/\/coresparkbattery.com\/pt\/wp-json\/wp\/v2\/product_brand?post=468"},{"taxonomy":"product_cat","embeddable":true,"href":"https:\/\/coresparkbattery.com\/pt\/wp-json\/wp\/v2\/product_cat?post=468"},{"taxonomy":"product_tag","embeddable":true,"href":"https:\/\/coresparkbattery.com\/pt\/wp-json\/wp\/v2\/product_tag?post=468"}],"curies":[{"name":"wp","href":"https:\/\/api.w.org\/{rel}","templated":true}]}}