{"id":467,"date":"2026-04-28T08:15:35","date_gmt":"2026-04-28T08:15:35","guid":{"rendered":"https:\/\/coresparkbattery.com\/golf-cart-battery-76-8v-105ah-150ah-lifepo4-battery-grade-a-battery-cell-electric-golf-car-battery-pack\/"},"modified":"2026-04-28T09:26:12","modified_gmt":"2026-04-28T09:26:12","slug":"golf-cart-battery-76-8v-105ah-150ah-lifepo4-battery-grade-a-battery-cell-electric-golf-car-battery-pack","status":"publish","type":"product","link":"https:\/\/coresparkbattery.com\/pt\/golf-cart-battery-76-8v-105ah-150ah-lifepo4-battery-grade-a-battery-cell-electric-golf-car-battery-pack\/","title":{"rendered":"Bateria para carrinho de golfe 76.8V 105Ah 150Ah Bateria LiFePo4 Bateria de grau a c\u00e9lula de bateria Bateria el\u00e9ctrica para carro de golfe"},"content":{"rendered":"<p>Vida \u00fatil do ciclo 4000 ciclos<br \/>\nMateriais do c\u00e1todo LiFePO4<br \/>\nQuantidade m\u00e1xima de carga (c\u00e9lulas) 10240W<br \/>\nTemperatura de funcionamento (\u2103) AT\u00c9 60<br \/>\nDimens\u00e3o (C*L*A) 509 * 334 * 230mm<br \/>\nPeso 46,5 kg<br \/>\nNome do produto Bateria LiFePO4 para carros de golfe<br \/>\nVida \u00fatil do ciclo 4000 vezes<br \/>\nPeso 46,5 kg<br \/>\nAceit\u00e1vel OEM\/ODM<br \/>\nTipo Fosfato de ferro e l\u00edtio<br \/>\nDispon\u00edvel em OEM<br \/>\nTamanho 509*334*230\u00b13mm<\/p>","protected":false},"excerpt":{"rendered":"<p>Bateria de l\u00edtio EZGO, Bateria LiFePO4 EZGO, Bateria para carrinho de golfe Yamaha, Bateria 48V Yamaha<\/p>","protected":false},"featured_media":717,"template":"","meta":{"_gspb_post_css":""},"product_brand":[],"product_cat":[488,15],"product_tag":[146,145,147,67],"class_list":{"0":"post-467","1":"product","2":"type-product","3":"status-publish","4":"has-post-thumbnail","6":"product_cat-76-8v-golf-cart-battery","7":"product_cat-golf-cart-battery","8":"product_tag-ezgo-lifepo4-battery","9":"product_tag-ezgo-lithium-battery","10":"product_tag-yamaha-48v-battery","11":"product_tag-yamaha-golf-cart-battery","13":"first","14":"instock","15":"featured","16":"shipping-taxable","17":"product-type-simple"},"_links":{"self":[{"href":"https:\/\/coresparkbattery.com\/pt\/wp-json\/wp\/v2\/product\/467","targetHints":{"allow":["GET"]}}],"collection":[{"href":"https:\/\/coresparkbattery.com\/pt\/wp-json\/wp\/v2\/product"}],"about":[{"href":"https:\/\/coresparkbattery.com\/pt\/wp-json\/wp\/v2\/types\/product"}],"wp:featuredmedia":[{"embeddable":true,"href":"https:\/\/coresparkbattery.com\/pt\/wp-json\/wp\/v2\/media\/717"}],"wp:attachment":[{"href":"https:\/\/coresparkbattery.com\/pt\/wp-json\/wp\/v2\/media?parent=467"}],"wp:term":[{"taxonomy":"product_brand","embeddable":true,"href":"https:\/\/coresparkbattery.com\/pt\/wp-json\/wp\/v2\/product_brand?post=467"},{"taxonomy":"product_cat","embeddable":true,"href":"https:\/\/coresparkbattery.com\/pt\/wp-json\/wp\/v2\/product_cat?post=467"},{"taxonomy":"product_tag","embeddable":true,"href":"https:\/\/coresparkbattery.com\/pt\/wp-json\/wp\/v2\/product_tag?post=467"}],"curies":[{"name":"wp","href":"https:\/\/api.w.org\/{rel}","templated":true}]}}