{"id":462,"date":"2026-04-28T08:15:34","date_gmt":"2026-04-28T08:15:34","guid":{"rendered":"https:\/\/coresparkbattery.com\/oem-factory-lifepo4-golf-cart-lithium-battery-51-2v-100ah-105ah150ah-lifepo4-battery-pack-for-golf-cart\/"},"modified":"2026-04-28T09:20:50","modified_gmt":"2026-04-28T09:20:50","slug":"oem-factory-lifepo4-golf-cart-lithium-battery-51-2v-100ah-105ah150ah-lifepo4-battery-pack-for-golf-cart","status":"publish","type":"product","link":"https:\/\/coresparkbattery.com\/pt\/oem-factory-lifepo4-golf-cart-lithium-battery-51-2v-100ah-105ah150ah-lifepo4-battery-pack-for-golf-cart\/","title":{"rendered":"Bateria de l\u00edtio para carrinho de golfe OEM Factory Lifepo4 51.2V 100ah 105Ah150ah Bateria Lifepo4 para carrinho de golfe"},"content":{"rendered":"<p>Desempenho de topo<br \/>\nA bateria LiFePO4 de 48V 105Ah para carrinho de golfe \u00e9 fabricada por c\u00e9lulas LiFePO4 prism\u00e1ticas de grau A topo de gama e tem uma energia compacta de 5,37kWh, o que equivale a 4pcs 12V 100Ah LiFePO4 em 4S (mesmo 8pcs 12V 100Ah baterias AGM em 8S). Tem uma \u00f3ptima pot\u00eancia de 10,24kW<br \/>\ncom baixa taxa de auto-descarga, baixa perda de capacidade, desempenho mais est\u00e1vel e corrente de descarga cont\u00ednua at\u00e9 200A (Pico 400A 35S, 600A 3S), que \u00e9 50% mais potente do que a outra bateria de l\u00edtio do mesmo tamanho.<\/p>\n<p>Monitoriza\u00e7\u00e3o de aplica\u00e7\u00f5es m\u00f3veis<br \/>\nA bateria do carrinho de golfe adicionou uma fun\u00e7\u00e3o APP. Os clientes podem ligar a bateria atrav\u00e9s da APP m\u00f3vel, ler ou controlar os v\u00e1rios dados da bateria (SOC) em tempo real.<\/p>","protected":false},"excerpt":{"rendered":"<p>Bateria 51.2V 100Ah para Carrinho de Golfe, Bateria 51.2V 150Ah para Carrinho de Golfe, Bateria 51.2V 200Ah para Carrinho de Golfe, Bateria 12V 100Ah para Carrinho de Golfe<\/p>","protected":false},"featured_media":692,"template":"","meta":{"_gspb_post_css":""},"product_brand":[],"product_cat":[487,15],"product_tag":[128,125,126,127],"class_list":{"0":"post-462","1":"product","2":"type-product","3":"status-publish","4":"has-post-thumbnail","6":"product_cat-51-2v-golf-cart-battery","7":"product_cat-golf-cart-battery","8":"product_tag-12v-100ah-golf-cart-battery","9":"product_tag-51-2v-100ah-golf-cart-battery","10":"product_tag-51-2v-150ah-golf-cart-battery","11":"product_tag-51-2v-200ah-golf-cart-battery","13":"first","14":"instock","15":"featured","16":"shipping-taxable","17":"product-type-simple"},"_links":{"self":[{"href":"https:\/\/coresparkbattery.com\/pt\/wp-json\/wp\/v2\/product\/462","targetHints":{"allow":["GET"]}}],"collection":[{"href":"https:\/\/coresparkbattery.com\/pt\/wp-json\/wp\/v2\/product"}],"about":[{"href":"https:\/\/coresparkbattery.com\/pt\/wp-json\/wp\/v2\/types\/product"}],"wp:featuredmedia":[{"embeddable":true,"href":"https:\/\/coresparkbattery.com\/pt\/wp-json\/wp\/v2\/media\/692"}],"wp:attachment":[{"href":"https:\/\/coresparkbattery.com\/pt\/wp-json\/wp\/v2\/media?parent=462"}],"wp:term":[{"taxonomy":"product_brand","embeddable":true,"href":"https:\/\/coresparkbattery.com\/pt\/wp-json\/wp\/v2\/product_brand?post=462"},{"taxonomy":"product_cat","embeddable":true,"href":"https:\/\/coresparkbattery.com\/pt\/wp-json\/wp\/v2\/product_cat?post=462"},{"taxonomy":"product_tag","embeddable":true,"href":"https:\/\/coresparkbattery.com\/pt\/wp-json\/wp\/v2\/product_tag?post=462"}],"curies":[{"name":"wp","href":"https:\/\/api.w.org\/{rel}","templated":true}]}}