{"id":459,"date":"2026-04-28T08:15:34","date_gmt":"2026-04-28T08:15:34","guid":{"rendered":"https:\/\/coresparkbattery.com\/51-2v-100ah-48v-150ah-golf-cart-lifepo4-battery-pack-51-2v-1054ah-for-golf-golf-cart-for-marine-battery-with-bluetooth\/"},"modified":"2026-04-28T09:17:55","modified_gmt":"2026-04-28T09:17:55","slug":"51-2v-100ah-48v-150ah-golf-cart-lifepo4-battery-pack-51-2v-1054ah-for-golf-golf-cart-for-marine-battery-with-bluetooth","status":"publish","type":"product","link":"https:\/\/coresparkbattery.com\/pt\/51-2v-100ah-48v-150ah-golf-cart-lifepo4-battery-pack-51-2v-1054ah-for-golf-golf-cart-for-marine-battery-with-bluetooth\/","title":{"rendered":"51.2V 100Ah 48V 150ah Carrinho de Golfe Lifepo4 Bateria 51.2V 1054Ah para Carrinho de Golfe para Bateria Mar\u00edtima com bluetooth"},"content":{"rendered":"<p>Esta bateria para carrinhos de golfe \u00e9 o \u00fanico fabricante original na plataforma. Procure por Bateria BYPOWER Lifepo4. Estamos empenhados em construir baterias LiFePO4 exclusivas e acess\u00edveis, valorizando o feedback de cada utilizador e fornecendo o mais elevado padr\u00e3o de servi\u00e7o aos clientes.<\/p>","protected":false},"excerpt":{"rendered":"<p>Bateria para Carrinho de Golfe 48V 100Ah, Bateria para Carrinho de Golfe 48V 105Ah, Bateria para Carrinho de Golfe 48V 120Ah, Bateria para Carrinho de Golfe 48V 150Ah<\/p>","protected":false},"featured_media":677,"template":"","meta":{"_gspb_post_css":""},"product_brand":[],"product_cat":[489,487,15],"product_tag":[112,113,114,115],"class_list":{"0":"post-459","1":"product","2":"type-product","3":"status-publish","4":"has-post-thumbnail","6":"product_cat-48v-golf-cart-battery","7":"product_cat-51-2v-golf-cart-battery","8":"product_cat-golf-cart-battery","9":"product_tag-48v-100ah-golf-cart-battery","10":"product_tag-48v-105ah-golf-cart-battery","11":"product_tag-48v-120ah-golf-cart-battery","12":"product_tag-48v-150ah-golf-cart-battery","14":"first","15":"instock","16":"featured","17":"shipping-taxable","18":"product-type-simple"},"_links":{"self":[{"href":"https:\/\/coresparkbattery.com\/pt\/wp-json\/wp\/v2\/product\/459","targetHints":{"allow":["GET"]}}],"collection":[{"href":"https:\/\/coresparkbattery.com\/pt\/wp-json\/wp\/v2\/product"}],"about":[{"href":"https:\/\/coresparkbattery.com\/pt\/wp-json\/wp\/v2\/types\/product"}],"wp:featuredmedia":[{"embeddable":true,"href":"https:\/\/coresparkbattery.com\/pt\/wp-json\/wp\/v2\/media\/677"}],"wp:attachment":[{"href":"https:\/\/coresparkbattery.com\/pt\/wp-json\/wp\/v2\/media?parent=459"}],"wp:term":[{"taxonomy":"product_brand","embeddable":true,"href":"https:\/\/coresparkbattery.com\/pt\/wp-json\/wp\/v2\/product_brand?post=459"},{"taxonomy":"product_cat","embeddable":true,"href":"https:\/\/coresparkbattery.com\/pt\/wp-json\/wp\/v2\/product_cat?post=459"},{"taxonomy":"product_tag","embeddable":true,"href":"https:\/\/coresparkbattery.com\/pt\/wp-json\/wp\/v2\/product_tag?post=459"}],"curies":[{"name":"wp","href":"https:\/\/api.w.org\/{rel}","templated":true}]}}