{"id":452,"date":"2026-04-28T08:15:33","date_gmt":"2026-04-28T08:15:33","guid":{"rendered":"https:\/\/coresparkbattery.com\/golf-cart-lithium-batteries-36v-48v-72v-105ah-150ah-golf-cart-bluetooth-lifepo4-battery-with-display\/"},"modified":"2026-04-28T09:05:26","modified_gmt":"2026-04-28T09:05:26","slug":"golf-cart-lithium-batteries-36v-48v-72v-105ah-150ah-golf-cart-bluetooth-lifepo4-battery-with-display","status":"publish","type":"product","link":"https:\/\/coresparkbattery.com\/pt\/golf-cart-lithium-batteries-36v-48v-72v-105ah-150ah-golf-cart-bluetooth-lifepo4-battery-with-display\/","title":{"rendered":"Baterias de l\u00edtio para carros de golfe 36V 48V 72V 105Ah 150Ah Bateria Lifepo4 Bluetooth para carros de golfe com ecr\u00e3"},"content":{"rendered":"<p>Desempenho de topo<br \/>\nA bateria LiFePO4 de 48V 105Ah para carrinho de golfe \u00e9 fabricada por c\u00e9lulas LiFePO4 prism\u00e1ticas de grau A topo de gama e tem uma energia compacta de 5,37kWh, o que equivale a 4pcs 12V 100Ah LiFePO4 em 4S (mesmo 8pcs 12V 100Ah baterias AGM em 8S). Tem uma \u00f3ptima pot\u00eancia de 10,24kW<br \/>\ncom baixa taxa de auto-descarga, baixa perda de capacidade, desempenho mais est\u00e1vel e corrente de descarga cont\u00ednua at\u00e9 200A (Pico 400A 35S, 600A 3S), que \u00e9 50% mais potente do que a outra bateria de l\u00edtio do mesmo tamanho.<\/p>\n<p>BMS 200A incorporado e prote\u00e7\u00e3o m\u00faltipla<br \/>\nA bateria LiFePO4 de 48V 105Ah incorporada no Sistema de Gest\u00e3o da Bateria (BMS) de 200A fornece prote\u00e7\u00e3o contra sobrecarga\/descarga, sobrecorrente, temperaturas altas\/baixas e curto-circuito. Com boa estabilidade t\u00e9rmica e qu\u00edmica. Livre de manuten\u00e7\u00e3o, sem trabalho e custo de manuten\u00e7\u00e3o di\u00e1ria.<\/p>","protected":false},"excerpt":{"rendered":"<p>Bateria para carrinho de golfe 48V 200Ah, Bateria para carrinho de golfe 72V 100Ah, Bateria para carrinho de golfe 12V, Bateria para carrinho de golfe 8V<\/p>","protected":false},"featured_media":642,"template":"","meta":{"_gspb_post_css":""},"product_brand":[],"product_cat":[489,488,15],"product_tag":[92,90,91,93],"class_list":{"0":"post-452","1":"product","2":"type-product","3":"status-publish","4":"has-post-thumbnail","6":"product_cat-48v-golf-cart-battery","7":"product_cat-76-8v-golf-cart-battery","8":"product_cat-golf-cart-battery","9":"product_tag-golf-cart-battery-12v","10":"product_tag-golf-cart-battery-48v-200ah","11":"product_tag-golf-cart-battery-72v-100ah","12":"product_tag-golf-cart-battery-8v","14":"first","15":"instock","16":"featured","17":"shipping-taxable","18":"product-type-simple"},"_links":{"self":[{"href":"https:\/\/coresparkbattery.com\/pt\/wp-json\/wp\/v2\/product\/452","targetHints":{"allow":["GET"]}}],"collection":[{"href":"https:\/\/coresparkbattery.com\/pt\/wp-json\/wp\/v2\/product"}],"about":[{"href":"https:\/\/coresparkbattery.com\/pt\/wp-json\/wp\/v2\/types\/product"}],"wp:featuredmedia":[{"embeddable":true,"href":"https:\/\/coresparkbattery.com\/pt\/wp-json\/wp\/v2\/media\/642"}],"wp:attachment":[{"href":"https:\/\/coresparkbattery.com\/pt\/wp-json\/wp\/v2\/media?parent=452"}],"wp:term":[{"taxonomy":"product_brand","embeddable":true,"href":"https:\/\/coresparkbattery.com\/pt\/wp-json\/wp\/v2\/product_brand?post=452"},{"taxonomy":"product_cat","embeddable":true,"href":"https:\/\/coresparkbattery.com\/pt\/wp-json\/wp\/v2\/product_cat?post=452"},{"taxonomy":"product_tag","embeddable":true,"href":"https:\/\/coresparkbattery.com\/pt\/wp-json\/wp\/v2\/product_tag?post=452"}],"curies":[{"name":"wp","href":"https:\/\/api.w.org\/{rel}","templated":true}]}}