{"id":451,"date":"2026-04-28T08:15:33","date_gmt":"2026-04-28T08:15:33","guid":{"rendered":"https:\/\/coresparkbattery.com\/hot-selling-48-volt-lithium-ion-battery-105ah-36v-105ah-lifepo4-battery-48v-105ah-golf-cart-batteries\/"},"modified":"2026-04-28T09:04:25","modified_gmt":"2026-04-28T09:04:25","slug":"hot-selling-48-volt-lithium-ion-battery-105ah-36v-105ah-lifepo4-battery-48v-105ah-golf-cart-batteries","status":"publish","type":"product","link":"https:\/\/coresparkbattery.com\/pt\/hot-selling-48-volt-lithium-ion-battery-105ah-36v-105ah-lifepo4-battery-48v-105ah-golf-cart-batteries\/","title":{"rendered":"Bateria de i\u00f5es de l\u00edtio de 48 volts 105ah 36v 105ah Bateria Lifepo4 48v 105ah Baterias para carrinhos de golfe"},"content":{"rendered":"<p>Desempenho de topo<br \/>\nA bateria LiFePO4 de 48V 105Ah para carrinho de golfe \u00e9 fabricada por c\u00e9lulas LiFePO4 prism\u00e1ticas de grau A topo de gama e tem uma energia compacta de 5,37kWh, o que equivale a 4pcs 12V 100Ah LiFePO4 em 4S (mesmo 8pcs 12V 100Ah baterias AGM em 8S). Tem uma \u00f3ptima pot\u00eancia de 10,24kW<br \/>\ncom baixa taxa de auto-descarga, baixa perda de capacidade, desempenho mais est\u00e1vel e corrente de descarga cont\u00ednua at\u00e9 200A (Pico 400A 35S, 600A 3S), que \u00e9 50% mais potente do que a outra bateria de l\u00edtio do mesmo tamanho.<\/p>","protected":false},"excerpt":{"rendered":"<p>Bateria para carrinho de golfe 51.2V, Bateria para carrinho de golfe 48V 100Ah, Bateria para carrinho de golfe 36V 100Ah, Bateria para carrinho de golfe 48V 150Ah<\/p>","protected":false},"featured_media":636,"template":"","meta":{"_gspb_post_css":""},"product_brand":[],"product_cat":[489,487,15],"product_tag":[88,87,89,86],"class_list":{"0":"post-451","1":"product","2":"type-product","3":"status-publish","4":"has-post-thumbnail","6":"product_cat-48v-golf-cart-battery","7":"product_cat-51-2v-golf-cart-battery","8":"product_cat-golf-cart-battery","9":"product_tag-golf-cart-battery-36v-100ah","10":"product_tag-golf-cart-battery-48v-100ah","11":"product_tag-golf-cart-battery-48v-150ah","12":"product_tag-golf-cart-battery-51-2v","14":"first","15":"instock","16":"featured","17":"shipping-taxable","18":"product-type-simple"},"_links":{"self":[{"href":"https:\/\/coresparkbattery.com\/pt\/wp-json\/wp\/v2\/product\/451","targetHints":{"allow":["GET"]}}],"collection":[{"href":"https:\/\/coresparkbattery.com\/pt\/wp-json\/wp\/v2\/product"}],"about":[{"href":"https:\/\/coresparkbattery.com\/pt\/wp-json\/wp\/v2\/types\/product"}],"wp:featuredmedia":[{"embeddable":true,"href":"https:\/\/coresparkbattery.com\/pt\/wp-json\/wp\/v2\/media\/636"}],"wp:attachment":[{"href":"https:\/\/coresparkbattery.com\/pt\/wp-json\/wp\/v2\/media?parent=451"}],"wp:term":[{"taxonomy":"product_brand","embeddable":true,"href":"https:\/\/coresparkbattery.com\/pt\/wp-json\/wp\/v2\/product_brand?post=451"},{"taxonomy":"product_cat","embeddable":true,"href":"https:\/\/coresparkbattery.com\/pt\/wp-json\/wp\/v2\/product_cat?post=451"},{"taxonomy":"product_tag","embeddable":true,"href":"https:\/\/coresparkbattery.com\/pt\/wp-json\/wp\/v2\/product_tag?post=451"}],"curies":[{"name":"wp","href":"https:\/\/api.w.org\/{rel}","templated":true}]}}