{"id":450,"date":"2026-04-28T08:15:33","date_gmt":"2026-04-28T08:15:33","guid":{"rendered":"https:\/\/coresparkbattery.com\/38-4v-48v-51-2v-72v-50ah-100ah-105ah-160ah-lifepo4-golf-cart-battery-lithium-ion-lifepo4-battery-for-club-car-golf-cart\/"},"modified":"2026-04-28T09:03:20","modified_gmt":"2026-04-28T09:03:20","slug":"38-4v-48v-51-2v-72v-50ah-100ah-105ah-160ah-lifepo4-golf-cart-battery-lithium-ion-lifepo4-battery-for-club-car-golf-cart","status":"publish","type":"product","link":"https:\/\/coresparkbattery.com\/pt\/38-4v-48v-51-2v-72v-50ah-100ah-105ah-160ah-lifepo4-golf-cart-battery-lithium-ion-lifepo4-battery-for-club-car-golf-cart\/","title":{"rendered":"38.4v 48v 51.2v 72v 50ah 100ah 105ah 160ah Bateria para carrinho de golfe Lifepo4 Bateria de i\u00f5es de l\u00edtio Lifepo4 para carrinho de golfe Club Car"},"content":{"rendered":"<p>Desempenho de topo<br \/>\nA bateria 36V 105Ah liFePO4 do carrinho de golfe tem uma energia compacta de 4.03kWh, que \u00e9 equivalente a 3pcs 12V 100Ah LiFePO4 baterias em 3S (ou mesmo 6pcs 12V 100Ah AGM baterias em 6S). A nossa bateria LiFePO4 tem uma grande pot\u00eancia de 7680w com baixa taxa de auto-descarga, baixa<br \/>\nperda de capacidade, e desempenho mais est\u00e1vel, corrente de descarga cont\u00ednua at\u00e9 200A (Pico 400A 35S), que \u00e9 50% mais potente do que a outra bateria de l\u00edtio do mesmo tamanho.<\/p>\n<p>BMS 200A incorporado e prote\u00e7\u00e3o m\u00faltipla<br \/>\nA bateria LiFePO4 de 36V 105Ah incorporada no Sistema de Gest\u00e3o da Bateria (BMS) de 200A fornece prote\u00e7\u00e3o contra sobrecarga\/descarga, sobrecorrente, temperaturas altas\/baixas e curto-circuito. Com boa estabilidade t\u00e9rmica e qu\u00edmica. Livre de manuten\u00e7\u00e3o, sem trabalho e custo de manuten\u00e7\u00e3o di\u00e1ria.<\/p>","protected":false},"excerpt":{"rendered":"<p>Bateria para carrinho de golfe com BMS, Bateria para carrinho de golfe 100Ah, Bateria para carrinho de golfe 150Ah, Bateria para carrinho de golfe 200Ah<\/p>","protected":false},"featured_media":631,"template":"","meta":{"_gspb_post_css":""},"product_brand":[],"product_cat":[489,487,488,15],"product_tag":[83,84,85,82],"class_list":{"0":"post-450","1":"product","2":"type-product","3":"status-publish","4":"has-post-thumbnail","6":"product_cat-48v-golf-cart-battery","7":"product_cat-51-2v-golf-cart-battery","8":"product_cat-76-8v-golf-cart-battery","9":"product_cat-golf-cart-battery","10":"product_tag-golf-cart-battery-100ah","11":"product_tag-golf-cart-battery-150ah","12":"product_tag-golf-cart-battery-200ah","13":"product_tag-golf-cart-battery-with-bms","15":"first","16":"instock","17":"featured","18":"shipping-taxable","19":"product-type-simple"},"_links":{"self":[{"href":"https:\/\/coresparkbattery.com\/pt\/wp-json\/wp\/v2\/product\/450","targetHints":{"allow":["GET"]}}],"collection":[{"href":"https:\/\/coresparkbattery.com\/pt\/wp-json\/wp\/v2\/product"}],"about":[{"href":"https:\/\/coresparkbattery.com\/pt\/wp-json\/wp\/v2\/types\/product"}],"wp:featuredmedia":[{"embeddable":true,"href":"https:\/\/coresparkbattery.com\/pt\/wp-json\/wp\/v2\/media\/631"}],"wp:attachment":[{"href":"https:\/\/coresparkbattery.com\/pt\/wp-json\/wp\/v2\/media?parent=450"}],"wp:term":[{"taxonomy":"product_brand","embeddable":true,"href":"https:\/\/coresparkbattery.com\/pt\/wp-json\/wp\/v2\/product_brand?post=450"},{"taxonomy":"product_cat","embeddable":true,"href":"https:\/\/coresparkbattery.com\/pt\/wp-json\/wp\/v2\/product_cat?post=450"},{"taxonomy":"product_tag","embeddable":true,"href":"https:\/\/coresparkbattery.com\/pt\/wp-json\/wp\/v2\/product_tag?post=450"}],"curies":[{"name":"wp","href":"https:\/\/api.w.org\/{rel}","templated":true}]}}