{"id":449,"date":"2026-04-28T08:15:33","date_gmt":"2026-04-28T08:15:33","guid":{"rendered":"https:\/\/coresparkbattery.com\/25-6v-48v-70-4v-105ah-lifepo4-battery-50ah-100ah-105ah-160ah-lithium-ion-rechargeable-battery-with-fast-charger-for-golf-carts-36v\/"},"modified":"2026-04-28T09:02:16","modified_gmt":"2026-04-28T09:02:16","slug":"25-6v-48v-70-4v-105ah-lifepo4-battery-50ah-100ah-105ah-160ah-lithium-ion-rechargeable-battery-with-fast-charger-for-golf-carts-36v","status":"publish","type":"product","link":"https:\/\/coresparkbattery.com\/pt\/25-6v-48v-70-4v-105ah-lifepo4-battery-50ah-100ah-105ah-160ah-lithium-ion-rechargeable-battery-with-fast-charger-for-golf-carts-36v\/","title":{"rendered":"25.6v 48v 70.4v 105ah Bateria Lifepo4 50ah 100ah 105Ah 160Ah Bateria recarreg\u00e1vel de i\u00f5es de l\u00edtio com carregador r\u00e1pido para carrinhos de golfe 36v"},"content":{"rendered":"<p>N\u00famero do modelo 36V 105AH<br \/>\nPeso 34 kg<br \/>\nNome do produto Bateria para carro de golfe 36V 105AH LiFePO4<br \/>\nVida \u00fatil do ciclo 4000 vezes<br \/>\nPeso 34 kg<br \/>\nAceit\u00e1vel OEM\/ODM<br \/>\nOEM<br \/>\nDispon\u00edvel<br \/>\nCobr\u00e1vel<br \/>\nsim<br \/>\nGarantia de 5 anos<br \/>\nTamanho 433*334*285\u00b13mm<\/p>","protected":false},"excerpt":{"rendered":"<p>Bateria para carrinho de golfe Yamaha, Bateria para carrinho de golfe, Atualiza\u00e7\u00e3o, Kit de bateria para carrinho de golfe, Bateria para carrinho de golfe com carregador<\/p>","protected":false},"featured_media":626,"template":"","meta":{"_gspb_post_css":""},"product_brand":[],"product_cat":[490,489,488,15],"product_tag":[39,507,81,506,67],"class_list":{"0":"post-449","1":"product","2":"type-product","3":"status-publish","4":"has-post-thumbnail","6":"product_cat-25-6v-golf-cart-battery","7":"product_cat-48v-golf-cart-battery","8":"product_cat-76-8v-golf-cart-battery","9":"product_cat-golf-cart-battery","10":"product_tag-golf-cart-battery","11":"product_tag-golf-cart-battery-kit","12":"product_tag-golf-cart-battery-with-charger","13":"product_tag-upgrade","14":"product_tag-yamaha-golf-cart-battery","16":"first","17":"instock","18":"featured","19":"shipping-taxable","20":"product-type-simple"},"_links":{"self":[{"href":"https:\/\/coresparkbattery.com\/pt\/wp-json\/wp\/v2\/product\/449","targetHints":{"allow":["GET"]}}],"collection":[{"href":"https:\/\/coresparkbattery.com\/pt\/wp-json\/wp\/v2\/product"}],"about":[{"href":"https:\/\/coresparkbattery.com\/pt\/wp-json\/wp\/v2\/types\/product"}],"wp:featuredmedia":[{"embeddable":true,"href":"https:\/\/coresparkbattery.com\/pt\/wp-json\/wp\/v2\/media\/626"}],"wp:attachment":[{"href":"https:\/\/coresparkbattery.com\/pt\/wp-json\/wp\/v2\/media?parent=449"}],"wp:term":[{"taxonomy":"product_brand","embeddable":true,"href":"https:\/\/coresparkbattery.com\/pt\/wp-json\/wp\/v2\/product_brand?post=449"},{"taxonomy":"product_cat","embeddable":true,"href":"https:\/\/coresparkbattery.com\/pt\/wp-json\/wp\/v2\/product_cat?post=449"},{"taxonomy":"product_tag","embeddable":true,"href":"https:\/\/coresparkbattery.com\/pt\/wp-json\/wp\/v2\/product_tag?post=449"}],"curies":[{"name":"wp","href":"https:\/\/api.w.org\/{rel}","templated":true}]}}