{"id":447,"date":"2026-04-28T08:15:33","date_gmt":"2026-04-28T08:15:33","guid":{"rendered":"https:\/\/coresparkbattery.com\/36v-38-4v-48v-51-2v-72v-50ah-100ah-105ah-160ah-lifepo4-golf-cart-battery-lithium-ion-lifepo4-battery-for-club-car-golf-cart\/"},"modified":"2026-04-28T08:59:24","modified_gmt":"2026-04-28T08:59:24","slug":"36v-38-4v-48v-51-2v-72v-50ah-100ah-105ah-160ah-lifepo4-golf-cart-battery-lithium-ion-lifepo4-battery-for-club-car-golf-cart","status":"publish","type":"product","link":"https:\/\/coresparkbattery.com\/pt\/36v-38-4v-48v-51-2v-72v-50ah-100ah-105ah-160ah-lifepo4-golf-cart-battery-lithium-ion-lifepo4-battery-for-club-car-golf-cart\/","title":{"rendered":"36v 38.4v 48v 51.2v 72v 50ah 100ah 105ah 160ah Bateria para carrinho de golfe Lifepo4 Bateria de i\u00f5es de l\u00edtio Lifepo4 para carrinho de golfe Club Car"},"content":{"rendered":"<p>Ecr\u00e3 LCD especialmente concebido<br \/>\nA bateria de l\u00edtio foi especialmente concebida para carrinhos de golfe de 36V, com energia mais potente e excelente desempenho. \u00c9 compat\u00edvel com as principais marcas de controladores de carrinhos de golfe do mercado. A bateria \u00e9 fornecida com um carregador LiFePO4 de 43,8V 25A, que suporta o carregamento r\u00e1pido. A bateria \u00e9 fornecida com um ecr\u00e3 t\u00e1til de 2,8 polegadas que permite visualizar a informa\u00e7\u00e3o da bateria em tempo real no ecr\u00e3 LCD.<\/p>\n<p>Monitoriza\u00e7\u00e3o de aplica\u00e7\u00f5es m\u00f3veis<br \/>\nA bateria do carrinho de golfe adicionou uma fun\u00e7\u00e3o APP. Os clientes podem ligar a bateria atrav\u00e9s da APP m\u00f3vel, ler ou controlar os v\u00e1rios dados da bateria (SOC) em tempo real.<\/p>","protected":false},"excerpt":{"rendered":"<p>Bateria para carrinho de golfe 36V, Bateria para carrinho de golfe 72V, Bateria de l\u00edtio para carrinho de golfe, Bateria para carrinho de golfe de ciclo profundo<\/p>","protected":false},"featured_media":611,"template":"","meta":{"_gspb_post_css":""},"product_brand":[],"product_cat":[489,487,488,15],"product_tag":[63,77,78,64],"class_list":{"0":"post-447","1":"product","2":"type-product","3":"status-publish","4":"has-post-thumbnail","6":"product_cat-48v-golf-cart-battery","7":"product_cat-51-2v-golf-cart-battery","8":"product_cat-76-8v-golf-cart-battery","9":"product_cat-golf-cart-battery","10":"product_tag-36v-golf-cart-battery","11":"product_tag-72v-golf-cart-battery","12":"product_tag-deep-cycle-golf-cart-battery","13":"product_tag-golf-cart-lithium-battery","15":"first","16":"instock","17":"featured","18":"shipping-taxable","19":"product-type-simple"},"_links":{"self":[{"href":"https:\/\/coresparkbattery.com\/pt\/wp-json\/wp\/v2\/product\/447","targetHints":{"allow":["GET"]}}],"collection":[{"href":"https:\/\/coresparkbattery.com\/pt\/wp-json\/wp\/v2\/product"}],"about":[{"href":"https:\/\/coresparkbattery.com\/pt\/wp-json\/wp\/v2\/types\/product"}],"wp:featuredmedia":[{"embeddable":true,"href":"https:\/\/coresparkbattery.com\/pt\/wp-json\/wp\/v2\/media\/611"}],"wp:attachment":[{"href":"https:\/\/coresparkbattery.com\/pt\/wp-json\/wp\/v2\/media?parent=447"}],"wp:term":[{"taxonomy":"product_brand","embeddable":true,"href":"https:\/\/coresparkbattery.com\/pt\/wp-json\/wp\/v2\/product_brand?post=447"},{"taxonomy":"product_cat","embeddable":true,"href":"https:\/\/coresparkbattery.com\/pt\/wp-json\/wp\/v2\/product_cat?post=447"},{"taxonomy":"product_tag","embeddable":true,"href":"https:\/\/coresparkbattery.com\/pt\/wp-json\/wp\/v2\/product_tag?post=447"}],"curies":[{"name":"wp","href":"https:\/\/api.w.org\/{rel}","templated":true}]}}