{"id":445,"date":"2026-04-28T08:15:33","date_gmt":"2026-04-28T08:15:33","guid":{"rendered":"https:\/\/coresparkbattery.com\/25-6v-50ah-100ah-105ah-160ah-golf-cart-lithium-lon-battery-with-bluetooth-lifepo4-battery-atv\/"},"modified":"2026-04-28T08:57:33","modified_gmt":"2026-04-28T08:57:33","slug":"25-6v-50ah-100ah-105ah-160ah-golf-cart-lithium-lon-battery-with-bluetooth-lifepo4-battery-atv","status":"publish","type":"product","link":"https:\/\/coresparkbattery.com\/pt\/25-6v-50ah-100ah-105ah-160ah-golf-cart-lithium-lon-battery-with-bluetooth-lifepo4-battery-atv\/","title":{"rendered":"25.6V 50ah 100ah 105ah 160ah Carrinho de golfe Bateria de l\u00edtio Lon com Bluetooth Lifepo4 Bateria ATV"},"content":{"rendered":"<p>Tens\u00e3o de carga 43.8V(3.65V\/C\u00e9lula)<br \/>\nTens\u00e3o de corte de descarga 30V (2,5V\/c\u00e9lula)<br \/>\nTens\u00e3o nominal 38,4 V (3,2 V\/c\u00e9lula)<br \/>\nCapacidade m\u00ednima 105Ah @ 0,5C de descarga<br \/>\nCapacidade nominal 105Ah @0,5C descarga<br \/>\nEnergia nominal 4032Wh @0,5C descarga<br \/>\nCorrente de carga cont\u00ednua 55A<br \/>\nCorrente de carga m\u00e1xima 100A<br \/>\nCorrente m\u00e1xima de descarga de conten\u00e7\u00e3o 200A (pico de 400A 35s)<br \/>\nPeso da embalagem Cerca de 74.9Lb (34 Kg)<br \/>\nPorqu\u00ea escolher-nos<br \/>\n* F\u00e1brica com certifica\u00e7\u00e3o de gest\u00e3o ISO 9001<br \/>\n* Equipa de I&amp;D com engenheiros e designers experientes<br \/>\n* Profissionais OEM&amp;ODM<br \/>\n* V\u00e1rias linhas de produ\u00e7\u00e3o e v\u00e1rios trabalhadores da produ\u00e7\u00e3o<br \/>\n* Controlo rigoroso da qualidade do produto, controlo de alta qualidade<br \/>\n* Integra\u00e7\u00e3o da produ\u00e7\u00e3o<\/p>","protected":false},"excerpt":{"rendered":"<p>Bateria para carrinho de golfe de longo alcance para utiliza\u00e7\u00e3o durante todo o dia, bateria LiFePO4 leve para atualiza\u00e7\u00e3o do carrinho de golfe, bateria de l\u00edtio para carrinho de golfe sem manuten\u00e7\u00e3o, bateria para carrinho de golfe de 51,2 V com prote\u00e7\u00e3o BMS<\/p>","protected":false},"featured_media":601,"template":"","meta":{"_gspb_post_css":""},"product_brand":[],"product_cat":[490,15],"product_tag":[76,74,73,75],"class_list":{"0":"post-445","1":"product","2":"type-product","3":"status-publish","4":"has-post-thumbnail","6":"product_cat-25-6v-golf-cart-battery","7":"product_cat-golf-cart-battery","8":"product_tag-51-2v-golf-cart-battery-with-bms-protection","9":"product_tag-lightweight-lifepo4-battery-for-golf-cart-upgrade","10":"product_tag-long-range-golf-cart-battery-for-all-day-use","11":"product_tag-maintenance-free-golf-cart-lithium-battery","13":"first","14":"instock","15":"featured","16":"shipping-taxable","17":"product-type-simple"},"_links":{"self":[{"href":"https:\/\/coresparkbattery.com\/pt\/wp-json\/wp\/v2\/product\/445","targetHints":{"allow":["GET"]}}],"collection":[{"href":"https:\/\/coresparkbattery.com\/pt\/wp-json\/wp\/v2\/product"}],"about":[{"href":"https:\/\/coresparkbattery.com\/pt\/wp-json\/wp\/v2\/types\/product"}],"wp:featuredmedia":[{"embeddable":true,"href":"https:\/\/coresparkbattery.com\/pt\/wp-json\/wp\/v2\/media\/601"}],"wp:attachment":[{"href":"https:\/\/coresparkbattery.com\/pt\/wp-json\/wp\/v2\/media?parent=445"}],"wp:term":[{"taxonomy":"product_brand","embeddable":true,"href":"https:\/\/coresparkbattery.com\/pt\/wp-json\/wp\/v2\/product_brand?post=445"},{"taxonomy":"product_cat","embeddable":true,"href":"https:\/\/coresparkbattery.com\/pt\/wp-json\/wp\/v2\/product_cat?post=445"},{"taxonomy":"product_tag","embeddable":true,"href":"https:\/\/coresparkbattery.com\/pt\/wp-json\/wp\/v2\/product_tag?post=445"}],"curies":[{"name":"wp","href":"https:\/\/api.w.org\/{rel}","templated":true}]}}