{"id":442,"date":"2026-04-28T08:15:32","date_gmt":"2026-04-28T08:15:32","guid":{"rendered":"https:\/\/coresparkbattery.com\/36v-105ah-lithium-iron-phosphate-battery-bluetooth-enabled-deep-cycle-golf-cart-battery-for-club-car\/"},"modified":"2026-04-28T08:54:28","modified_gmt":"2026-04-28T08:54:28","slug":"36v-105ah-lithium-iron-phosphate-battery-bluetooth-enabled-deep-cycle-golf-cart-battery-for-club-car","status":"publish","type":"product","link":"https:\/\/coresparkbattery.com\/pt\/36v-105ah-lithium-iron-phosphate-battery-bluetooth-enabled-deep-cycle-golf-cart-battery-for-club-car\/","title":{"rendered":"Bateria de fosfato de ferro e l\u00edtio de 36V 105Ah com Bluetooth, bateria para carrinho de golfe de ciclo profundo para Club Car"},"content":{"rendered":"<p>Aplica\u00e7\u00e3o: electrodom\u00e9sticos, barcos, carrinhos de golfe, sistemas de armazenamento de energia solar<br \/>\nN\u00famero do modelo:36V 48V 72V(36V)<br \/>\nPeso:34kg<br \/>\nNome de produto:Bateria para carro de golfe 36V 105AH LiFePO4<br \/>\nVida \u00fatil do ciclo:4000 vezes<br \/>\nOEM\/ODM:Aceit\u00e1vel<br \/>\nTipo:Fosfato de ferro e l\u00edtio<br \/>\nTamanho:433*334*285\u00b13mm<\/p>\n<p>Desempenho de topo<br \/>\nA bateria 36V 105Ah liFePO4 do carrinho de golfe tem uma energia compacta de 4.03kWh, que \u00e9 equivalente a 3pcs 12V 100Ah LiFePO4 baterias em 3S (ou mesmo 6pcs 12V 100Ah AGM baterias em 6S). A nossa bateria LiFePO4 tem uma grande pot\u00eancia de 7680w com baixa taxa de auto-descarga, baixa<br \/>\nperda de capacidade, e desempenho mais est\u00e1vel, corrente de descarga cont\u00ednua at\u00e9 200A (Pico 400A 35S), que \u00e9 50% mais potente do que a outra bateria de l\u00edtio do mesmo tamanho.<\/p>\n<p>BMS 200A incorporado e prote\u00e7\u00e3o m\u00faltipla<br \/>\nA bateria LiFePO4 de 36V 105Ah incorporada no Sistema de Gest\u00e3o da Bateria (BMS) de 200A fornece prote\u00e7\u00e3o contra sobrecarga\/descarga, sobrecorrente, temperaturas altas\/baixas e curto-circuito. Com boa estabilidade t\u00e9rmica e qu\u00edmica. Livre de manuten\u00e7\u00e3o, sem trabalho e custo de manuten\u00e7\u00e3o di\u00e1ria.<\/p>","protected":false},"excerpt":{"rendered":"<p>Bateria para carrinho de golfe, Bateria para carrinho de golfe 48V, Bateria para carrinho de golfe 36V, Bateria para carrinho de golfe LiFePO4<\/p>","protected":false},"featured_media":586,"template":"","meta":{"_gspb_post_css":""},"product_brand":[],"product_cat":[15],"product_tag":[63,46,39,41],"class_list":{"0":"post-442","1":"product","2":"type-product","3":"status-publish","4":"has-post-thumbnail","6":"product_cat-golf-cart-battery","7":"product_tag-36v-golf-cart-battery","8":"product_tag-48v-golf-cart-battery","9":"product_tag-golf-cart-battery","10":"product_tag-lifepo4-golf-cart-battery","12":"first","13":"instock","14":"featured","15":"shipping-taxable","16":"product-type-simple"},"_links":{"self":[{"href":"https:\/\/coresparkbattery.com\/pt\/wp-json\/wp\/v2\/product\/442","targetHints":{"allow":["GET"]}}],"collection":[{"href":"https:\/\/coresparkbattery.com\/pt\/wp-json\/wp\/v2\/product"}],"about":[{"href":"https:\/\/coresparkbattery.com\/pt\/wp-json\/wp\/v2\/types\/product"}],"wp:featuredmedia":[{"embeddable":true,"href":"https:\/\/coresparkbattery.com\/pt\/wp-json\/wp\/v2\/media\/586"}],"wp:attachment":[{"href":"https:\/\/coresparkbattery.com\/pt\/wp-json\/wp\/v2\/media?parent=442"}],"wp:term":[{"taxonomy":"product_brand","embeddable":true,"href":"https:\/\/coresparkbattery.com\/pt\/wp-json\/wp\/v2\/product_brand?post=442"},{"taxonomy":"product_cat","embeddable":true,"href":"https:\/\/coresparkbattery.com\/pt\/wp-json\/wp\/v2\/product_cat?post=442"},{"taxonomy":"product_tag","embeddable":true,"href":"https:\/\/coresparkbattery.com\/pt\/wp-json\/wp\/v2\/product_tag?post=442"}],"curies":[{"name":"wp","href":"https:\/\/api.w.org\/{rel}","templated":true}]}}