{"id":441,"date":"2026-04-28T08:15:32","date_gmt":"2026-04-28T08:15:32","guid":{"rendered":"https:\/\/coresparkbattery.com\/rechargeable-36v-48v-72v-lifepo4-battery-50ah-100ah-105ah-160ah-bluetooth-lithium-battery-for-golf-cart-atv\/"},"modified":"2026-04-28T08:53:21","modified_gmt":"2026-04-28T08:53:21","slug":"rechargeable-36v-48v-72v-lifepo4-battery-50ah-100ah-105ah-160ah-bluetooth-lithium-battery-for-golf-cart-atv","status":"publish","type":"product","link":"https:\/\/coresparkbattery.com\/pt\/rechargeable-36v-48v-72v-lifepo4-battery-50ah-100ah-105ah-160ah-bluetooth-lithium-battery-for-golf-cart-atv\/","title":{"rendered":"Bateria recarreg\u00e1vel 36V 48V 72V LiFePO4 50Ah 100Ah 105Ah 160Ah Bateria de l\u00edtio Bluetooth para carrinho de golfe ATV"},"content":{"rendered":"<p>Tens\u00e3o de carga: 43.8V (3.65V\/C\u00e9lula)<br \/>\nTens\u00e3o de corte de descarga: 30V (2.5V\/C\u00e9lula)<br \/>\nTens\u00e3o nominal: 38,4 V (3,2 V\/c\u00e9lula)<br \/>\nCapacidade m\u00ednima: 105Ah a 0,5C de descarga<br \/>\nCapacidade nominal: 105Ah @0,5C de descarga<br \/>\nEnergia nominal: 4032Wh @0,5C de descarga<br \/>\nCorrente de carga cont\u00ednua\uff1a55A<br \/>\nCorrente de carga m\u00e1xima: 100A<br \/>\nCorrente m\u00e1xima de descarga: 200A (pico de 400A 35s)<br \/>\nPeso da embalagem: Cerca de 74.9Lb (34 Kg)<br \/>\nPorqu\u00ea escolher-nos<br \/>\n* F\u00e1brica com certifica\u00e7\u00e3o de gest\u00e3o ISO 9001<br \/>\n* Equipa de I&amp;D com engenheiros e designers experientes<br \/>\n* Profissionais OEM&amp;ODM<br \/>\n* V\u00e1rias linhas de produ\u00e7\u00e3o e v\u00e1rios trabalhadores da produ\u00e7\u00e3o<br \/>\n* Controlo rigoroso da qualidade do produto, controlo de alta qualidade<br \/>\n* Integra\u00e7\u00e3o da produ\u00e7\u00e3o<\/p>","protected":false},"excerpt":{"rendered":"<p>bateria para carrinho de golfe, pre\u00e7o da bateria para carrinho de golfe, bateria para carrinho de golfe perto de mim, bateria para carrinho de golfe por atacado<\/p>","protected":false},"featured_media":576,"template":"","meta":{"_gspb_post_css":""},"product_brand":[],"product_cat":[489,488,15],"product_tag":[59,61,60,62],"class_list":{"0":"post-441","1":"product","2":"type-product","3":"status-publish","4":"has-post-thumbnail","6":"product_cat-48v-golf-cart-battery","7":"product_cat-76-8v-golf-cart-battery","8":"product_cat-golf-cart-battery","9":"product_tag-golf-cart-battery-life","10":"product_tag-golf-cart-battery-near-me","11":"product_tag-golf-cart-battery-price","12":"product_tag-golf-cart-battery-wholesale","14":"first","15":"instock","16":"featured","17":"shipping-taxable","18":"product-type-simple"},"_links":{"self":[{"href":"https:\/\/coresparkbattery.com\/pt\/wp-json\/wp\/v2\/product\/441","targetHints":{"allow":["GET"]}}],"collection":[{"href":"https:\/\/coresparkbattery.com\/pt\/wp-json\/wp\/v2\/product"}],"about":[{"href":"https:\/\/coresparkbattery.com\/pt\/wp-json\/wp\/v2\/types\/product"}],"wp:featuredmedia":[{"embeddable":true,"href":"https:\/\/coresparkbattery.com\/pt\/wp-json\/wp\/v2\/media\/576"}],"wp:attachment":[{"href":"https:\/\/coresparkbattery.com\/pt\/wp-json\/wp\/v2\/media?parent=441"}],"wp:term":[{"taxonomy":"product_brand","embeddable":true,"href":"https:\/\/coresparkbattery.com\/pt\/wp-json\/wp\/v2\/product_brand?post=441"},{"taxonomy":"product_cat","embeddable":true,"href":"https:\/\/coresparkbattery.com\/pt\/wp-json\/wp\/v2\/product_cat?post=441"},{"taxonomy":"product_tag","embeddable":true,"href":"https:\/\/coresparkbattery.com\/pt\/wp-json\/wp\/v2\/product_tag?post=441"}],"curies":[{"name":"wp","href":"https:\/\/api.w.org\/{rel}","templated":true}]}}