{"id":440,"date":"2026-04-28T08:15:32","date_gmt":"2026-04-28T08:15:32","guid":{"rendered":"https:\/\/coresparkbattery.com\/smart-bluetooth-48v-lithium-battery-36v-60v-72v-100ah-105ah-320ah-lifepo4-golf-cart-battery-with-lcd-display-charger\/"},"modified":"2026-04-28T08:51:11","modified_gmt":"2026-04-28T08:51:11","slug":"smart-bluetooth-48v-lithium-battery-36v-60v-72v-100ah-105ah-320ah-lifepo4-golf-cart-battery-with-lcd-display-charger","status":"publish","type":"product","link":"https:\/\/coresparkbattery.com\/pt\/smart-bluetooth-48v-lithium-battery-36v-60v-72v-100ah-105ah-320ah-lifepo4-golf-cart-battery-with-lcd-display-charger\/","title":{"rendered":"Bateria de l\u00edtio 48V Bluetooth inteligente 36V 60V 72V 100Ah 105Ah 320Ah LiFePO4 para carrinho de golfe com carregador de ecr\u00e3 LCD"},"content":{"rendered":"<p>Desempenho de topo<br \/>\nA bateria LiFePO4 de 48V 105Ah para carrinho de golfe \u00e9 fabricada por c\u00e9lulas LiFePO4 prism\u00e1ticas de grau A topo de gama e tem uma energia compacta de 5,37kWh, o que equivale a 4pcs 12V 100Ah LiFePO4 em 4S (mesmo 8pcs 12V 100Ah baterias AGM em 8S). Tem uma \u00f3ptima pot\u00eancia de 10,24kW<br \/>\ncom baixa taxa de auto-descarga, baixa perda de capacidade, desempenho mais est\u00e1vel e corrente de descarga cont\u00ednua at\u00e9 200A (Pico 400A 35S, 600A 3S), que \u00e9 50% mais potente do que a outra bateria de l\u00edtio do mesmo tamanho.<\/p>\n<p>BMS 200A incorporado e prote\u00e7\u00e3o m\u00faltipla<br \/>\nA bateria LiFePO4 de 48V 105Ah incorporada no Sistema de Gest\u00e3o da Bateria (BMS) de 200A fornece prote\u00e7\u00e3o contra sobrecarga\/descarga, sobrecorrente, temperaturas altas\/baixas e curto-circuito. Com boa estabilidade t\u00e9rmica e qu\u00edmica. Livre de manuten\u00e7\u00e3o, sem trabalho e custo de manuten\u00e7\u00e3o di\u00e1ria.<\/p>\n<p>Longevidade excecional e f\u00e1cil de utilizar<br \/>\nAs nossas baterias de l\u00edtio para carrinhos de golfe proporcionam mais de 4000 ciclos em compara\u00e7\u00e3o com os 300~500 ciclos da bateria de chumbo-\u00e1cido. Ajudando a minimizar os custos de substitui\u00e7\u00e3o e a reduzir o custo total de propriedade. Al\u00e9m disso, o peso da bateria de fosfato de ferro-l\u00edtio \u00e9 50% mais leve do que o da bateria de chumbo-\u00e1cido com a mesma capacidade, o que facilita o seu manuseamento e instala\u00e7\u00e3o em carrinhos de golfe onde o espa\u00e7o \u00e9 limitado.<\/p>","protected":false},"excerpt":{"rendered":"<p>atualiza\u00e7\u00e3o da bateria do carrinho de golfe, convers\u00e3o da bateria do carrinho de golfe, carregador de bateria do carrinho de golfe, manuten\u00e7\u00e3o da bateria do carrinho de golfe<\/p>","protected":false},"featured_media":571,"template":"","meta":{"_gspb_post_css":""},"product_brand":[],"product_cat":[489,488,15],"product_tag":[57,56,58,55],"class_list":{"0":"post-440","1":"product","2":"type-product","3":"status-publish","4":"has-post-thumbnail","6":"product_cat-48v-golf-cart-battery","7":"product_cat-76-8v-golf-cart-battery","8":"product_cat-golf-cart-battery","9":"product_tag-golf-cart-battery-charger","10":"product_tag-golf-cart-battery-conversion","11":"product_tag-golf-cart-battery-maintenance","12":"product_tag-golf-cart-battery-upgrade","14":"first","15":"instock","16":"featured","17":"shipping-taxable","18":"product-type-simple"},"_links":{"self":[{"href":"https:\/\/coresparkbattery.com\/pt\/wp-json\/wp\/v2\/product\/440","targetHints":{"allow":["GET"]}}],"collection":[{"href":"https:\/\/coresparkbattery.com\/pt\/wp-json\/wp\/v2\/product"}],"about":[{"href":"https:\/\/coresparkbattery.com\/pt\/wp-json\/wp\/v2\/types\/product"}],"wp:featuredmedia":[{"embeddable":true,"href":"https:\/\/coresparkbattery.com\/pt\/wp-json\/wp\/v2\/media\/571"}],"wp:attachment":[{"href":"https:\/\/coresparkbattery.com\/pt\/wp-json\/wp\/v2\/media?parent=440"}],"wp:term":[{"taxonomy":"product_brand","embeddable":true,"href":"https:\/\/coresparkbattery.com\/pt\/wp-json\/wp\/v2\/product_brand?post=440"},{"taxonomy":"product_cat","embeddable":true,"href":"https:\/\/coresparkbattery.com\/pt\/wp-json\/wp\/v2\/product_cat?post=440"},{"taxonomy":"product_tag","embeddable":true,"href":"https:\/\/coresparkbattery.com\/pt\/wp-json\/wp\/v2\/product_tag?post=440"}],"curies":[{"name":"wp","href":"https:\/\/api.w.org\/{rel}","templated":true}]}}