{"id":438,"date":"2026-04-28T08:15:32","date_gmt":"2026-04-28T08:15:32","guid":{"rendered":"https:\/\/coresparkbattery.com\/high-quality-36v-105ah-48v-105ah-lifepo4-battery-golf-cart-lithium-ion-battery\/"},"modified":"2026-04-28T08:46:39","modified_gmt":"2026-04-28T08:46:39","slug":"high-quality-36v-105ah-48v-105ah-lifepo4-battery-golf-cart-lithium-ion-battery","status":"publish","type":"product","link":"https:\/\/coresparkbattery.com\/pt\/high-quality-36v-105ah-48v-105ah-lifepo4-battery-golf-cart-lithium-ion-battery\/","title":{"rendered":"Bateria 36V 105Ah e 48V 105Ah LiFePO4 de alta qualidade, bateria de i\u00f5es de l\u00edtio para carros de golfe"},"content":{"rendered":"<p>Desempenho de topo<br \/>\nA bateria LiFePO4 de 48V 105Ah para carrinho de golfe \u00e9 fabricada por c\u00e9lulas LiFePO4 prism\u00e1ticas de grau A topo de gama e tem uma energia compacta de 5,37kWh, o que equivale a 4pcs 12V 100Ah LiFePO4 em 4S (mesmo 8pcs 12V 100Ah baterias AGM em 8S). Tem uma \u00f3ptima pot\u00eancia de 10,24kW<br \/>\ncom baixa taxa de auto-descarga, baixa perda de capacidade, desempenho mais est\u00e1vel e corrente de descarga cont\u00ednua at\u00e9 200A (Pico 400A 35S, 600A 3S), que \u00e9 50% mais potente do que a outra bateria de l\u00edtio do mesmo tamanho.<\/p>\n<p>BMS 200A incorporado e prote\u00e7\u00e3o m\u00faltipla<br \/>\nA bateria LiFePO4 de 48V 105Ah incorporada no Sistema de Gest\u00e3o da Bateria (BMS) de 200A fornece prote\u00e7\u00e3o contra sobrecarga\/descarga, sobrecorrente, temperaturas altas\/baixas e curto-circuito. Com boa estabilidade t\u00e9rmica e qu\u00edmica. Livre de manuten\u00e7\u00e3o, sem trabalho e custo de manuten\u00e7\u00e3o di\u00e1ria.<\/p>\n<p>Ecr\u00e3 LCD especialmente concebido<br \/>\nA bateria de l\u00edtio foi especialmente concebida e projectada para satisfazer as rigorosas exig\u00eancias da ind\u00fastria de carrinhos de golfe de 48V, com mais<br \/>\nenergia potente e excelente desempenho, compat\u00edvel com os controladores de carrinhos de golfe das principais marcas do mercado. E vem com um<br \/>\nCarregador LiFePO4 de 58,4 V e 22 A, que suporta o carregamento r\u00e1pido. Equipado com um ecr\u00e3 t\u00e1til de 2,8 polegadas, pode visualizar e controlar o<br \/>\nbateria em tempo real no ecr\u00e3 LCD.<\/p>","protected":false},"excerpt":{"rendered":"<p>Melhor bateria de l\u00edtio para carrinho de golfe 2026, bateria para carrinho de golfe 150Ah LiFePO4, bateria de l\u00edtio para carrinho de golfe \u00e0 prova d'\u00e1gua, bateria para carrinho de golfe Bluetooth<\/p>","protected":false},"featured_media":565,"template":"","meta":{"_gspb_post_css":""},"product_brand":[],"product_cat":[489,15],"product_tag":[49,48,51,50],"class_list":{"0":"post-438","1":"product","2":"type-product","3":"status-publish","4":"has-post-thumbnail","6":"product_cat-48v-golf-cart-battery","7":"product_cat-golf-cart-battery","8":"product_tag-150ah-lifepo4-golf-cart-battery","9":"product_tag-best-lithium-golf-cart-battery-2026","10":"product_tag-bluetooth-golf-cart-battery","11":"product_tag-waterproof-golf-cart-lithium-battery","13":"first","14":"instock","15":"featured","16":"shipping-taxable","17":"product-type-simple"},"_links":{"self":[{"href":"https:\/\/coresparkbattery.com\/pt\/wp-json\/wp\/v2\/product\/438","targetHints":{"allow":["GET"]}}],"collection":[{"href":"https:\/\/coresparkbattery.com\/pt\/wp-json\/wp\/v2\/product"}],"about":[{"href":"https:\/\/coresparkbattery.com\/pt\/wp-json\/wp\/v2\/types\/product"}],"wp:featuredmedia":[{"embeddable":true,"href":"https:\/\/coresparkbattery.com\/pt\/wp-json\/wp\/v2\/media\/565"}],"wp:attachment":[{"href":"https:\/\/coresparkbattery.com\/pt\/wp-json\/wp\/v2\/media?parent=438"}],"wp:term":[{"taxonomy":"product_brand","embeddable":true,"href":"https:\/\/coresparkbattery.com\/pt\/wp-json\/wp\/v2\/product_brand?post=438"},{"taxonomy":"product_cat","embeddable":true,"href":"https:\/\/coresparkbattery.com\/pt\/wp-json\/wp\/v2\/product_cat?post=438"},{"taxonomy":"product_tag","embeddable":true,"href":"https:\/\/coresparkbattery.com\/pt\/wp-json\/wp\/v2\/product_tag?post=438"}],"curies":[{"name":"wp","href":"https:\/\/api.w.org\/{rel}","templated":true}]}}