{"id":437,"date":"2026-04-28T08:15:32","date_gmt":"2026-04-28T08:15:32","guid":{"rendered":"https:\/\/coresparkbattery.com\/new-launch-36v-105ah-lifepo4-battery-with-bluetooth-club-car-golf-cart-special\/"},"modified":"2026-04-28T08:45:25","modified_gmt":"2026-04-28T08:45:25","slug":"new-launch-36v-105ah-lifepo4-battery-with-bluetooth-club-car-golf-cart-special","status":"publish","type":"product","link":"https:\/\/coresparkbattery.com\/pt\/new-launch-36v-105ah-lifepo4-battery-with-bluetooth-club-car-golf-cart-special\/","title":{"rendered":"Novo lan\u00e7amento Bateria 36V 105Ah LiFePO4 com Bluetooth - Club Car Golf Cart Special"},"content":{"rendered":"<p>Desempenho de topo<br \/>\nA bateria 36V 105Ah liFePO4 do carrinho de golfe tem uma energia compacta de 4.03kWh, que \u00e9 equivalente a 3pcs 12V 100Ah LiFePO4 baterias em 3S (ou mesmo 6pcs 12V 100Ah AGM baterias em 6S). A nossa bateria LiFePO4 tem uma grande pot\u00eancia de 7680w com baixa taxa de auto-descarga, baixa<br \/>\nperda de capacidade, e desempenho mais est\u00e1vel, corrente de descarga cont\u00ednua at\u00e9 200A (Pico 400A 35S), que \u00e9 50% mais potente do que a outra bateria de l\u00edtio do mesmo tamanho.<\/p>\n<p>BMS 200A incorporado e prote\u00e7\u00e3o m\u00faltipla<br \/>\nA bateria LiFePO4 de 36V 105Ah incorporada no Sistema de Gest\u00e3o da Bateria (BMS) de 200A fornece prote\u00e7\u00e3o contra sobrecarga\/descarga, sobrecorrente, temperaturas altas\/baixas e curto-circuito. Com boa estabilidade t\u00e9rmica e qu\u00edmica. Livre de manuten\u00e7\u00e3o, sem trabalho e custo de manuten\u00e7\u00e3o di\u00e1ria.<\/p>\n<p>Monitoriza\u00e7\u00e3o de aplica\u00e7\u00f5es m\u00f3veis<br \/>\nA bateria do carrinho de golfe adicionou uma fun\u00e7\u00e3o APP. Os clientes podem ligar a bateria atrav\u00e9s da APP m\u00f3vel, ler ou controlar os v\u00e1rios dados da bateria (SOC) em tempo real.<\/p>","protected":false},"excerpt":{"rendered":"<p>Bateria de carrinho de golfe 48V 105Ah LiFePO4, bateria de l\u00edtio para carrinho de golfe 36V, bateria de carrinho de golfe 48V, bateria de carrinho de golfe de l\u00edtio vs chumbo-\u00e1cido<\/p>","protected":false},"featured_media":556,"template":"","meta":{"_gspb_post_css":""},"product_brand":[],"product_cat":[489,15],"product_tag":[45,44,46,47],"class_list":{"0":"post-437","1":"product","2":"type-product","3":"status-publish","4":"has-post-thumbnail","6":"product_cat-48v-golf-cart-battery","7":"product_cat-golf-cart-battery","8":"product_tag-36v-golf-cart-lithium-battery","9":"product_tag-48v-105ah-lifepo4-golf-cart-battery","10":"product_tag-48v-golf-cart-battery","11":"product_tag-golf-cart-battery-lithium-vs-lead-acid","13":"first","14":"instock","15":"featured","16":"shipping-taxable","17":"product-type-simple"},"_links":{"self":[{"href":"https:\/\/coresparkbattery.com\/pt\/wp-json\/wp\/v2\/product\/437","targetHints":{"allow":["GET"]}}],"collection":[{"href":"https:\/\/coresparkbattery.com\/pt\/wp-json\/wp\/v2\/product"}],"about":[{"href":"https:\/\/coresparkbattery.com\/pt\/wp-json\/wp\/v2\/types\/product"}],"wp:featuredmedia":[{"embeddable":true,"href":"https:\/\/coresparkbattery.com\/pt\/wp-json\/wp\/v2\/media\/556"}],"wp:attachment":[{"href":"https:\/\/coresparkbattery.com\/pt\/wp-json\/wp\/v2\/media?parent=437"}],"wp:term":[{"taxonomy":"product_brand","embeddable":true,"href":"https:\/\/coresparkbattery.com\/pt\/wp-json\/wp\/v2\/product_brand?post=437"},{"taxonomy":"product_cat","embeddable":true,"href":"https:\/\/coresparkbattery.com\/pt\/wp-json\/wp\/v2\/product_cat?post=437"},{"taxonomy":"product_tag","embeddable":true,"href":"https:\/\/coresparkbattery.com\/pt\/wp-json\/wp\/v2\/product_tag?post=437"}],"curies":[{"name":"wp","href":"https:\/\/api.w.org\/{rel}","templated":true}]}}