{"id":436,"date":"2026-04-28T08:15:32","date_gmt":"2026-04-28T08:15:32","guid":{"rendered":"https:\/\/coresparkbattery.com\/custom-lifepo4-golf-cart-lithium-battery-72v-105ah-51-2v-60v-72v-100ah-105ah-150ah-200ah-lithium-battery-for-golf-cart\/"},"modified":"2026-04-28T09:28:31","modified_gmt":"2026-04-28T09:28:31","slug":"custom-lifepo4-golf-cart-lithium-battery-72v-105ah-51-2v-60v-72v-100ah-105ah-150ah-200ah-lithium-battery-for-golf-cart","status":"publish","type":"product","link":"https:\/\/coresparkbattery.com\/pt\/custom-lifepo4-golf-cart-lithium-battery-72v-105ah-51-2v-60v-72v-100ah-105ah-150ah-200ah-lithium-battery-for-golf-cart\/","title":{"rendered":"Bateria de l\u00edtio para carrinho de golfe personalizada Lifepo4 72v 105ah 51.2v 60v 72v 100ah 105ah 150ah 200ah Bateria de l\u00edtio para carrinho de golfe"},"content":{"rendered":"<p>O kit de baterias de l\u00edtio para carrinhos de golfe de 72V 105Ah integra uma elevada pot\u00eancia de sa\u00edda com controlos de seguran\u00e7a avan\u00e7ados. Fornece at\u00e9 14,08kW de pot\u00eancia cont\u00ednua e 200A de corrente de descarga, com correntes de impulso de pico de 400A 35 segundos ou 600A 3 segundos, suportando facilmente inclina\u00e7\u00f5es acentuadas e cargas pesadas. Entretanto, o sistema de gest\u00e3o da bateria BMS de 200 A integrado protege a bateria contra sobrecarga, descarga excessiva, curto-circuitos e sobreaquecimento. A sua classifica\u00e7\u00e3o IP67 \u00e0 prova de \u00e1gua e de poeiras garante um funcionamento fi\u00e1vel em ambientes adversos, tornando cada viagem no seu carrinho de golfe suave e segura.<\/p>\n<p>Aplica\u00e7\u00e3o<br \/>\nFerramentas el\u00e9ctricas, eletr\u00f3nica de consumo, barcos, brinquedos, fontes de alimenta\u00e7\u00e3o ininterrupta, cadeiras de rodas el\u00e9ctricas, sistemas de armazenamento de energia solar, carrinhos de golfe, sistemas de energia el\u00e9ctrica, bicicletas\/scooters el\u00e9ctricas, empilhadores el\u00e9ctricos, submarinos, electrodom\u00e9sticos, ve\u00edculos el\u00e9ctricos<br \/>\nTipo de bateria\uff1aEstado s\u00f3lido<br \/>\nVida \u00fatil do ciclo: 5.000 ciclos<br \/>\nMateriais do c\u00e1todo: LiFePO4<br \/>\nQuantidade m\u00e1xima de carga (c\u00e9lulas)\uff1a7392wh<br \/>\nTemperatura de funcionamento(\u2103)\uff1aAt\u00e9 60<br \/>\nNome da marca\uff1a OEM ODM<br \/>\nDimension (L*W*H)\uff1a558x307x269mm<\/p>","protected":false},"excerpt":{"rendered":"<p>Bateria para carrinho de golfe, Bateria de l\u00edtio para carrinho de golfe, Bateria LiFePO4 para carrinho de golfe, Convers\u00e3o de bateria de l\u00edtio para carrinho de golfe<\/p>","protected":false},"featured_media":727,"template":"","meta":{"_gspb_post_css":""},"product_brand":[],"product_cat":[487,488,15],"product_tag":[39,42,41,40],"class_list":{"0":"post-436","1":"product","2":"type-product","3":"status-publish","4":"has-post-thumbnail","6":"product_cat-51-2v-golf-cart-battery","7":"product_cat-76-8v-golf-cart-battery","8":"product_cat-golf-cart-battery","9":"product_tag-golf-cart-battery","10":"product_tag-golf-cart-lithium-battery-conversion","11":"product_tag-lifepo4-golf-cart-battery","12":"product_tag-lithium-golf-cart-battery","14":"first","15":"instock","16":"featured","17":"shipping-taxable","18":"product-type-simple"},"_links":{"self":[{"href":"https:\/\/coresparkbattery.com\/pt\/wp-json\/wp\/v2\/product\/436","targetHints":{"allow":["GET"]}}],"collection":[{"href":"https:\/\/coresparkbattery.com\/pt\/wp-json\/wp\/v2\/product"}],"about":[{"href":"https:\/\/coresparkbattery.com\/pt\/wp-json\/wp\/v2\/types\/product"}],"wp:featuredmedia":[{"embeddable":true,"href":"https:\/\/coresparkbattery.com\/pt\/wp-json\/wp\/v2\/media\/727"}],"wp:attachment":[{"href":"https:\/\/coresparkbattery.com\/pt\/wp-json\/wp\/v2\/media?parent=436"}],"wp:term":[{"taxonomy":"product_brand","embeddable":true,"href":"https:\/\/coresparkbattery.com\/pt\/wp-json\/wp\/v2\/product_brand?post=436"},{"taxonomy":"product_cat","embeddable":true,"href":"https:\/\/coresparkbattery.com\/pt\/wp-json\/wp\/v2\/product_cat?post=436"},{"taxonomy":"product_tag","embeddable":true,"href":"https:\/\/coresparkbattery.com\/pt\/wp-json\/wp\/v2\/product_tag?post=436"}],"curies":[{"name":"wp","href":"https:\/\/api.w.org\/{rel}","templated":true}]}}