{"id":548,"date":"2026-04-28T08:15:43","date_gmt":"2026-04-28T08:15:43","guid":{"rendered":"https:\/\/coresparkbattery.com\/custom-48v-72v-80v-96v-forklift-lithium-ion-battery-pack-industrial-electric-forklift-lifepo4-battery-for-warehouse\/"},"modified":"2026-04-28T11:52:19","modified_gmt":"2026-04-28T11:52:19","slug":"custom-48v-72v-80v-96v-forklift-lithium-ion-battery-pack-industrial-electric-forklift-lifepo4-battery-for-warehouse","status":"publish","type":"product","link":"https:\/\/coresparkbattery.com\/it\/custom-48v-72v-80v-96v-forklift-lithium-ion-battery-pack-industrial-electric-forklift-lifepo4-battery-for-warehouse\/","title":{"rendered":"Personalizzato 48V 72V 80V 96V carrello elevatore agli ioni di litio batteria Pack industriale carrello elevatore elettrico LiFePO4 batteria per magazzino"},"content":{"rendered":"<p>Si tratta di una batteria al litio LFP di tipo liquido prodotta da Liyue in Cina. \u00c8 caratterizzato da prestazioni stabili, lunga durata e forte adattabilit\u00e0 alle applicazioni pi\u00f9 gravose.<br \/>\nLa batteria offre una tensione nominale di 48V, 72V, 80V, 96V e una capacit\u00e0 di 400Ah, con una potenza massima di 32000W. Supporta una corrente di carica di 200A, una corrente di scarica continua di 300A e una protezione da sovracorrente di 600A. Le prestazioni di picco sono supportate da un connettore ad alta potenza Rema 320A.<br \/>\nOffre 3500 cicli di carica-scarica, un tasso di autoscarica di &lt;2% al mese e una protezione impermeabile e antipolvere IP66. La batteria pu\u00f2 funzionare in modo affidabile in un&#039;ampia gamma di temperature, da -20\u2103 a 60\u2103.<br \/>\nCon dimensioni di 1008\u00d7701\u00d7416 mm e un peso di 360 kg, questa batteria \u00e8 ideale per barche, carrelli da golf, sistemi di alimentazione elettrica, carrelli elevatori elettrici, sottomarini, veicoli elettrici, biciclette e scooter elettrici.<\/p>","protected":false},"excerpt":{"rendered":"<p>Batteria intelligente LiFePO4 con APP, 5 anni di garanzia LiFePO4, batteria LiFePO4 per scooter elettrico, batteria LiFePO4 per aereo elettrico<\/p>","protected":false},"featured_media":1099,"template":"","meta":{"_gspb_post_css":""},"product_brand":[],"product_cat":[491],"product_tag":[464,466,465,463],"class_list":{"0":"post-548","1":"product","2":"type-product","3":"status-publish","4":"has-post-thumbnail","6":"product_cat-forklift-battery-pack","7":"product_tag-5-years-warranty-lifepo4-battery","8":"product_tag-lifepo4-battery-pack-for-electric-plane","9":"product_tag-lifepo4-battery-pack-for-electric-scooter","10":"product_tag-smart-lifepo4-battery-pack-with-app","12":"first","13":"instock","14":"featured","15":"shipping-taxable","16":"product-type-simple"},"_links":{"self":[{"href":"https:\/\/coresparkbattery.com\/it\/wp-json\/wp\/v2\/product\/548","targetHints":{"allow":["GET"]}}],"collection":[{"href":"https:\/\/coresparkbattery.com\/it\/wp-json\/wp\/v2\/product"}],"about":[{"href":"https:\/\/coresparkbattery.com\/it\/wp-json\/wp\/v2\/types\/product"}],"wp:featuredmedia":[{"embeddable":true,"href":"https:\/\/coresparkbattery.com\/it\/wp-json\/wp\/v2\/media\/1099"}],"wp:attachment":[{"href":"https:\/\/coresparkbattery.com\/it\/wp-json\/wp\/v2\/media?parent=548"}],"wp:term":[{"taxonomy":"product_brand","embeddable":true,"href":"https:\/\/coresparkbattery.com\/it\/wp-json\/wp\/v2\/product_brand?post=548"},{"taxonomy":"product_cat","embeddable":true,"href":"https:\/\/coresparkbattery.com\/it\/wp-json\/wp\/v2\/product_cat?post=548"},{"taxonomy":"product_tag","embeddable":true,"href":"https:\/\/coresparkbattery.com\/it\/wp-json\/wp\/v2\/product_tag?post=548"}],"curies":[{"name":"wp","href":"https:\/\/api.w.org\/{rel}","templated":true}]}}