{"id":532,"date":"2026-04-28T08:15:42","date_gmt":"2026-04-28T08:15:42","guid":{"rendered":"https:\/\/coresparkbattery.com\/industrial-48v-100ah-150ah-200ah-280ah-ip54-waterproof-oem-odm-lifepo4-battery-for-electric-forklift-lithium-battery\/"},"modified":"2026-04-28T11:29:49","modified_gmt":"2026-04-28T11:29:49","slug":"industrial-48v-100ah-150ah-200ah-280ah-ip54-waterproof-oem-odm-lifepo4-battery-for-electric-forklift-lithium-battery","status":"publish","type":"product","link":"https:\/\/coresparkbattery.com\/it\/industrial-48v-100ah-150ah-200ah-280ah-ip54-waterproof-oem-odm-lifepo4-battery-for-electric-forklift-lithium-battery\/","title":{"rendered":"Batteria industriale 48V 100Ah 150Ah 200Ah 280Ah IP54 impermeabile OEM ODM LiFePO4 per carrello elevatore elettrico batteria al litio"},"content":{"rendered":"<p>Si tratta di una batteria LiFePO4 allo stato solido con una tensione nominale di 48V, disponibile nelle capacit\u00e0 di 100Ah, 150Ah, 200Ah e 280Ah.<br \/>\nIl peso standard \u00e8 di 139 kg, ma \u00e8 accettabile anche un peso personalizzato, mentre la dimensione complessiva \u00e8 di 975 mm780 mm625 mm.<br \/>\nLa batteria ha una durata di oltre 5000 cicli ed \u00e8 ricaricabile.<br \/>\nSupporta un intervallo di temperatura di carica di 0~60\u2103 e di temperatura di scarica di -20~60\u2103.<br \/>\nProdotti con una chimica affidabile delle celle LiFePO4, i servizi OEM e ODM sono accettabili per soddisfare le diverse esigenze dei clienti.<\/p>","protected":false},"excerpt":{"rendered":"<p>Batteria LiFePO4 ecologica, pacco batteria LiFePO4 leggero, pacco batteria LiFePO4 compatto, batteria LiFePO4 ad alta densit\u00e0 energetica<\/p>","protected":false},"featured_media":1026,"template":"","meta":{"_gspb_post_css":""},"product_brand":[],"product_cat":[491],"product_tag":[414,412,415,413],"class_list":{"0":"post-532","1":"product","2":"type-product","3":"status-publish","4":"has-post-thumbnail","6":"product_cat-forklift-battery-pack","7":"product_tag-compact-lifepo4-battery-pack","8":"product_tag-eco-friendly-lifepo4-battery","9":"product_tag-high-energy-density-lifepo4-battery","10":"product_tag-light-weight-lifepo4-battery-pack","12":"first","13":"instock","14":"featured","15":"shipping-taxable","16":"product-type-simple"},"_links":{"self":[{"href":"https:\/\/coresparkbattery.com\/it\/wp-json\/wp\/v2\/product\/532","targetHints":{"allow":["GET"]}}],"collection":[{"href":"https:\/\/coresparkbattery.com\/it\/wp-json\/wp\/v2\/product"}],"about":[{"href":"https:\/\/coresparkbattery.com\/it\/wp-json\/wp\/v2\/types\/product"}],"wp:featuredmedia":[{"embeddable":true,"href":"https:\/\/coresparkbattery.com\/it\/wp-json\/wp\/v2\/media\/1026"}],"wp:attachment":[{"href":"https:\/\/coresparkbattery.com\/it\/wp-json\/wp\/v2\/media?parent=532"}],"wp:term":[{"taxonomy":"product_brand","embeddable":true,"href":"https:\/\/coresparkbattery.com\/it\/wp-json\/wp\/v2\/product_brand?post=532"},{"taxonomy":"product_cat","embeddable":true,"href":"https:\/\/coresparkbattery.com\/it\/wp-json\/wp\/v2\/product_cat?post=532"},{"taxonomy":"product_tag","embeddable":true,"href":"https:\/\/coresparkbattery.com\/it\/wp-json\/wp\/v2\/product_tag?post=532"}],"curies":[{"name":"wp","href":"https:\/\/api.w.org\/{rel}","templated":true}]}}