{"id":511,"date":"2026-04-28T08:15:40","date_gmt":"2026-04-28T08:15:40","guid":{"rendered":"https:\/\/coresparkbattery.com\/12v-100ah-lifepo4-lithium-ion-battery-replacement-pack-for-solar-rv-marine-camping-gnli-brand-1500-cycles\/"},"modified":"2026-04-28T10:57:45","modified_gmt":"2026-04-28T10:57:45","slug":"12v-100ah-lifepo4-lithium-ion-battery-replacement-pack-for-solar-rv-marine-camping-gnli-brand-1500-cycles","status":"publish","type":"product","link":"https:\/\/coresparkbattery.com\/it\/12v-100ah-lifepo4-lithium-ion-battery-replacement-pack-for-solar-rv-marine-camping-gnli-brand-1500-cycles\/","title":{"rendered":"12V 100Ah LiFePO4 Batteria agli ioni di litio di ricambio per solare RV Marine Camping GNLi Marca 1500 Cicli"},"content":{"rendered":"<p>Questa batteria al litio LiFePO4 da 12 V di GNLi \u00e8 caratterizzata da una lunga durata fino a 1500 cicli, grazie all'utilizzo di LiFePO4 di alta qualit\u00e0 come materiale catodico. Supporta una quantit\u00e0 massima di carico di 32 celle e pu\u00f2 funzionare in modo affidabile in un ampio intervallo di temperatura compreso tra -20\u2103 e +60\u2103.<br \/>\nDisponibile nelle capacit\u00e0 di 50Ah, 100Ah, 150Ah, 200Ah e 300Ah con opzioni di tensione di 12V e 12,8V, questa batteria \u00e8 dotata di celle LiFePO4 da 3,2V e viene fornita con una garanzia di 2 anni. Ha un numero di modello GN 12V100AH, misura 330175216 mm, pesa 12 kg ed \u00e8 originaria di Guangdong, Cina.<br \/>\nProgettato per applicazioni solari, camperistiche e marine, supporta una corrente di carica di 30A e una corrente di scarica di 50A. Si accettano anche servizi OEM e ODM.<\/p>","protected":false},"excerpt":{"rendered":"<p>come installare una batteria per camper LiFePO4 da 24 V, prezzo della batteria per camper LiFePO4 da 24 V, quanto dura una batteria per camper LiFePO4 da 24 V, garanzia della batteria per camper LiFePO4 da 24 V.<\/p>","protected":false},"featured_media":925,"template":"","meta":{"_gspb_post_css":""},"product_brand":[],"product_cat":[494,493,499,498,492],"product_tag":[337,339,338,336],"class_list":{"0":"post-511","1":"product","2":"type-product","3":"status-publish","4":"has-post-thumbnail","6":"product_cat-12v-lifepo4-battery","7":"product_cat-12v-rv-lifepo4-battery","8":"product_cat-24v-lifepo4-battery","9":"product_cat-24v-rv-lifepo4-battery","10":"product_cat-rv-lifepo4-battery","11":"product_tag-24v-lifepo4-rv-battery-price","12":"product_tag-24v-lifepo4-rv-battery-warranty","13":"product_tag-how-long-does-24v-lifepo4-rv-battery-last","14":"product_tag-how-to-install-24v-lifepo4-rv-battery","16":"first","17":"instock","18":"featured","19":"shipping-taxable","20":"product-type-simple"},"_links":{"self":[{"href":"https:\/\/coresparkbattery.com\/it\/wp-json\/wp\/v2\/product\/511","targetHints":{"allow":["GET"]}}],"collection":[{"href":"https:\/\/coresparkbattery.com\/it\/wp-json\/wp\/v2\/product"}],"about":[{"href":"https:\/\/coresparkbattery.com\/it\/wp-json\/wp\/v2\/types\/product"}],"wp:featuredmedia":[{"embeddable":true,"href":"https:\/\/coresparkbattery.com\/it\/wp-json\/wp\/v2\/media\/925"}],"wp:attachment":[{"href":"https:\/\/coresparkbattery.com\/it\/wp-json\/wp\/v2\/media?parent=511"}],"wp:term":[{"taxonomy":"product_brand","embeddable":true,"href":"https:\/\/coresparkbattery.com\/it\/wp-json\/wp\/v2\/product_brand?post=511"},{"taxonomy":"product_cat","embeddable":true,"href":"https:\/\/coresparkbattery.com\/it\/wp-json\/wp\/v2\/product_cat?post=511"},{"taxonomy":"product_tag","embeddable":true,"href":"https:\/\/coresparkbattery.com\/it\/wp-json\/wp\/v2\/product_tag?post=511"}],"curies":[{"name":"wp","href":"https:\/\/api.w.org\/{rel}","templated":true}]}}