{"id":494,"date":"2026-04-28T08:15:38","date_gmt":"2026-04-28T08:15:38","guid":{"rendered":"https:\/\/coresparkbattery.com\/12v-100ah-200ah-230ah-280ah-300ah-460ah-lifepo4-batteries-pack-12-8v-460ah-lithium-battery-pack-for-rv-camping-boat\/"},"modified":"2026-04-28T09:55:46","modified_gmt":"2026-04-28T09:55:46","slug":"12v-100ah-200ah-230ah-280ah-300ah-460ah-lifepo4-batteries-pack-12-8v-460ah-lithium-battery-pack-for-rv-camping-boat","status":"publish","type":"product","link":"https:\/\/coresparkbattery.com\/it\/12v-100ah-200ah-230ah-280ah-300ah-460ah-lifepo4-batteries-pack-12-8v-460ah-lithium-battery-pack-for-rv-camping-boat\/","title":{"rendered":"12v 100ah 200ah 230ah 280ah 300ah 460ah Lifepo4 Batterie Pack 12.8v 460ah batteria al litio per RV campeggio barca"},"content":{"rendered":"<p>Nuovo design, sicurezza a tutto tondo<br \/>\nLa batteria al litio per camper da 460 Ah \u00e8 resistente all'usura e durevole grazie al nuovo involucro della batteria SPCC di alta qualit\u00e0 e all'ottimizzazione del layout interno e della costruzione. La batteria \u00e8 inoltre dotata di un interruttore principale che consente di accenderla o spegnerla con la semplice pressione di un pulsante. Sulla parte superiore sono presenti un termometro e un igrometro per visualizzare la temperatura e l'umidit\u00e0 della batteria in tempo reale.<\/p>\n<p>Dimensioni compatte Massima potenza<br \/>\nLa batteria per camper 12V 460Ah LiFePO4 equivale all'energia di 5 batterie da 100Ah, ma occupa solo 1,1 piedi\u00b3 di spazio ed \u00e8 pi\u00f9 piccola di 5 batterie da 100ah. Inoltre, sar\u00e0 pi\u00f9 facile da manutenere e da installare, senza bisogno di fili eccessivi e di denaro. Aiuta a risparmiare denaro e spazio.<\/p>","protected":false},"excerpt":{"rendered":"<p>Batteria 12V LiFePO4 RV con collegamento in parallelo, batteria 12V LiFePO4 RV con collegamento in serie, batteria 12V LiFePO4 RV per inverter RV 1000W, batteria 12V LiFePO4 RV per inverter RV 2000W<\/p>","protected":false},"featured_media":843,"template":"","meta":{"_gspb_post_css":""},"product_brand":[],"product_cat":[494,493,492],"product_tag":[266,267,264,265],"class_list":{"0":"post-494","1":"product","2":"type-product","3":"status-publish","4":"has-post-thumbnail","6":"product_cat-12v-lifepo4-battery","7":"product_cat-12v-rv-lifepo4-battery","8":"product_cat-rv-lifepo4-battery","9":"product_tag-12v-lifepo4-rv-battery-for-rv-inverter-1000w","10":"product_tag-12v-lifepo4-rv-battery-for-rv-inverter-2000w","11":"product_tag-12v-lifepo4-rv-battery-parallel-connection","12":"product_tag-12v-lifepo4-rv-battery-series-connection","14":"first","15":"instock","16":"featured","17":"shipping-taxable","18":"product-type-simple"},"_links":{"self":[{"href":"https:\/\/coresparkbattery.com\/it\/wp-json\/wp\/v2\/product\/494","targetHints":{"allow":["GET"]}}],"collection":[{"href":"https:\/\/coresparkbattery.com\/it\/wp-json\/wp\/v2\/product"}],"about":[{"href":"https:\/\/coresparkbattery.com\/it\/wp-json\/wp\/v2\/types\/product"}],"wp:featuredmedia":[{"embeddable":true,"href":"https:\/\/coresparkbattery.com\/it\/wp-json\/wp\/v2\/media\/843"}],"wp:attachment":[{"href":"https:\/\/coresparkbattery.com\/it\/wp-json\/wp\/v2\/media?parent=494"}],"wp:term":[{"taxonomy":"product_brand","embeddable":true,"href":"https:\/\/coresparkbattery.com\/it\/wp-json\/wp\/v2\/product_brand?post=494"},{"taxonomy":"product_cat","embeddable":true,"href":"https:\/\/coresparkbattery.com\/it\/wp-json\/wp\/v2\/product_cat?post=494"},{"taxonomy":"product_tag","embeddable":true,"href":"https:\/\/coresparkbattery.com\/it\/wp-json\/wp\/v2\/product_tag?post=494"}],"curies":[{"name":"wp","href":"https:\/\/api.w.org\/{rel}","templated":true}]}}