{"id":490,"date":"2026-04-28T08:15:37","date_gmt":"2026-04-28T08:15:37","guid":{"rendered":"https:\/\/coresparkbattery.com\/deep-cycle-12v-24v-100ah-200ah-lifepo4-battery-pack-with-100a-200a-discharge-rate-lithium-iron-phosphate-energy-storage\/"},"modified":"2026-04-28T09:51:39","modified_gmt":"2026-04-28T09:51:39","slug":"deep-cycle-12v-24v-100ah-200ah-lifepo4-battery-pack-with-100a-200a-discharge-rate-lithium-iron-phosphate-energy-storage","status":"publish","type":"product","link":"https:\/\/coresparkbattery.com\/it\/deep-cycle-12v-24v-100ah-200ah-lifepo4-battery-pack-with-100a-200a-discharge-rate-lithium-iron-phosphate-energy-storage\/","title":{"rendered":"Pacco batteria Lifepo4 a ciclo profondo da 12v 24v 100ah 200ah con tasso di scarica 100A 200A Stoccaggio energetico al litio ferro fosfato"},"content":{"rendered":"<p>Tecnologia avanzata al litio-ferro<br \/>\nBatteria al litio da 24V 100Ah prodotta con celle LiFePO4 di grado automobilistico con una maggiore densit\u00e0 di energia, prestazioni pi\u00f9 stabili e un'elevata qualit\u00e0 di vita.<br \/>\nmaggiore potenza. Eccellenti prestazioni di ciclo, carica e scarica rapida, efficienza di carica fino a 100% ed elevata potenza di uscita. Senza effetto memoria, la batteria pu\u00f2 essere utilizzata non appena caricata, indipendentemente dallo stato in cui si trova. Supporta l'espansione fino a 2 serie e 4 paralleli ed \u00e8 adatto per l'accumulo di energia elettrica.<\/p>\n<p>Eccezionale longevit\u00e0 e leggerezza<br \/>\nLe nostre batterie al litio-ferro LiFePO4 garantiscono pi\u00f9 di 5000 cicli rispetto ai 300~500 cicli delle batterie al piombo. La durata delle batterie LiFePO4 \u00e8 da 8 a 10 volte superiore a quella delle batterie al piombo standard. Ci\u00f2 contribuisce a minimizzare i costi di sostituzione e a ridurre il costo totale di propriet\u00e0. Il peso della batteria al litio-ferro-fosfato \u00e8 di 30% pi\u00f9 leggero rispetto alla batteria al piombo-acido della stessa capacit\u00e0, per cui \u00e8 pi\u00f9 facile trasportarla.<\/p>","protected":false},"excerpt":{"rendered":"<p>Batteria al litio per rimorchi da viaggio da 24V, batteria ausiliaria per camper da 24V, batteria per camper LiFePO4 da 24V 200Ah, batteria per camper LiFePO4 da 24V 50Ah<\/p>","protected":false},"featured_media":823,"template":"","meta":{"_gspb_post_css":""},"product_brand":[],"product_cat":[494,493,499,498,492],"product_tag":[250,251,249,248],"class_list":{"0":"post-490","1":"product","2":"type-product","3":"status-publish","4":"has-post-thumbnail","6":"product_cat-12v-lifepo4-battery","7":"product_cat-12v-rv-lifepo4-battery","8":"product_cat-24v-lifepo4-battery","9":"product_cat-24v-rv-lifepo4-battery","10":"product_cat-rv-lifepo4-battery","11":"product_tag-24v-200ah-lifepo4-rv-battery","12":"product_tag-24v-50ah-lifepo4-rv-battery","13":"product_tag-24v-rv-auxiliary-battery","14":"product_tag-24v-travel-trailer-lithium-battery","16":"first","17":"instock","18":"featured","19":"shipping-taxable","20":"product-type-simple"},"_links":{"self":[{"href":"https:\/\/coresparkbattery.com\/it\/wp-json\/wp\/v2\/product\/490","targetHints":{"allow":["GET"]}}],"collection":[{"href":"https:\/\/coresparkbattery.com\/it\/wp-json\/wp\/v2\/product"}],"about":[{"href":"https:\/\/coresparkbattery.com\/it\/wp-json\/wp\/v2\/types\/product"}],"wp:featuredmedia":[{"embeddable":true,"href":"https:\/\/coresparkbattery.com\/it\/wp-json\/wp\/v2\/media\/823"}],"wp:attachment":[{"href":"https:\/\/coresparkbattery.com\/it\/wp-json\/wp\/v2\/media?parent=490"}],"wp:term":[{"taxonomy":"product_brand","embeddable":true,"href":"https:\/\/coresparkbattery.com\/it\/wp-json\/wp\/v2\/product_brand?post=490"},{"taxonomy":"product_cat","embeddable":true,"href":"https:\/\/coresparkbattery.com\/it\/wp-json\/wp\/v2\/product_cat?post=490"},{"taxonomy":"product_tag","embeddable":true,"href":"https:\/\/coresparkbattery.com\/it\/wp-json\/wp\/v2\/product_tag?post=490"}],"curies":[{"name":"wp","href":"https:\/\/api.w.org\/{rel}","templated":true}]}}