{"id":486,"date":"2026-04-28T08:15:37","date_gmt":"2026-04-28T08:15:37","guid":{"rendered":"https:\/\/coresparkbattery.com\/hot-sale-12v-400ah-460ah-bluetooth-version-lifepo4-battery-pack-built-in-250a-bms-lithium-battery-for-power-backup-rv-camper\/"},"modified":"2026-04-28T09:47:57","modified_gmt":"2026-04-28T09:47:57","slug":"hot-sale-12v-400ah-460ah-bluetooth-version-lifepo4-battery-pack-built-in-250a-bms-lithium-battery-for-power-backup-rv-camper","status":"publish","type":"product","link":"https:\/\/coresparkbattery.com\/it\/hot-sale-12v-400ah-460ah-bluetooth-version-lifepo4-battery-pack-built-in-250a-bms-lithium-battery-for-power-backup-rv-camper\/","title":{"rendered":"Vendita calda 12v 400ah 460ah Bluetooth versione Lifepo4 batteria Pack Built-in 250A BMS batteria al litio per il backup di potenza Rv Camper"},"content":{"rendered":"<p>Nuovo design, sicurezza a tutto tondo<br \/>\nLa batteria al litio per camper da 460 Ah \u00e8 resistente all'usura e durevole grazie al nuovo involucro della batteria SPCC di alta qualit\u00e0 e all'ottimizzazione del layout interno e della costruzione. La batteria \u00e8 inoltre dotata di un interruttore principale che consente di accenderla o spegnerla con la semplice pressione di un pulsante. Sulla parte superiore sono presenti un termometro e un igrometro per visualizzare la temperatura e l'umidit\u00e0 della batteria in tempo reale.<\/p>\n<p>Dimensioni compatte Massima potenza<br \/>\nLa batteria per camper 12V 460Ah LiFePO4 equivale all'energia di 5 batterie da 100Ah, ma occupa solo 1,1 piedi\u00b3 di spazio ed \u00e8 pi\u00f9 piccola di 5 batterie da 100ah. Inoltre, sar\u00e0 pi\u00f9 facile da manutenere e da installare, senza bisogno di fili eccessivi e di denaro. Aiuta a risparmiare denaro e spazio.<\/p>\n<p>Monitoraggio delle APP mobili<br \/>\nLa batteria per camper da 12V 460Ah ha aggiunto una funzione APP. I clienti possono collegare la batteria tramite APP mobile, monitorare o controllare i vari dati della batteria (SOC) in tempo reale.<\/p>","protected":false},"excerpt":{"rendered":"<p>Batteria 12V LiFePO4 per RV in grado di funzionare in parallelo, batteria 12V LiFePO4 per RV in grado di funzionare in serie, batteria 12V LiFePO4 per RV espandibile, batteria 12V LiFePO4 per RV a ciclo lungo<\/p>","protected":false},"featured_media":808,"template":"","meta":{"_gspb_post_css":""},"product_brand":[],"product_cat":[494,493,492],"product_tag":[232,233,230,231],"class_list":{"0":"post-486","1":"product","2":"type-product","3":"status-publish","4":"has-post-thumbnail","6":"product_cat-12v-lifepo4-battery","7":"product_cat-12v-rv-lifepo4-battery","8":"product_cat-rv-lifepo4-battery","9":"product_tag-12v-lifepo4-rv-battery-expandable","10":"product_tag-12v-lifepo4-rv-battery-long-cycle-life","11":"product_tag-12v-lifepo4-rv-battery-parallel-capable","12":"product_tag-12v-lifepo4-rv-battery-series-capable","14":"first","15":"instock","16":"featured","17":"shipping-taxable","18":"product-type-simple"},"_links":{"self":[{"href":"https:\/\/coresparkbattery.com\/it\/wp-json\/wp\/v2\/product\/486","targetHints":{"allow":["GET"]}}],"collection":[{"href":"https:\/\/coresparkbattery.com\/it\/wp-json\/wp\/v2\/product"}],"about":[{"href":"https:\/\/coresparkbattery.com\/it\/wp-json\/wp\/v2\/types\/product"}],"wp:featuredmedia":[{"embeddable":true,"href":"https:\/\/coresparkbattery.com\/it\/wp-json\/wp\/v2\/media\/808"}],"wp:attachment":[{"href":"https:\/\/coresparkbattery.com\/it\/wp-json\/wp\/v2\/media?parent=486"}],"wp:term":[{"taxonomy":"product_brand","embeddable":true,"href":"https:\/\/coresparkbattery.com\/it\/wp-json\/wp\/v2\/product_brand?post=486"},{"taxonomy":"product_cat","embeddable":true,"href":"https:\/\/coresparkbattery.com\/it\/wp-json\/wp\/v2\/product_cat?post=486"},{"taxonomy":"product_tag","embeddable":true,"href":"https:\/\/coresparkbattery.com\/it\/wp-json\/wp\/v2\/product_tag?post=486"}],"curies":[{"name":"wp","href":"https:\/\/api.w.org\/{rel}","templated":true}]}}