{"id":476,"date":"2026-04-28T08:15:36","date_gmt":"2026-04-28T08:15:36","guid":{"rendered":"https:\/\/coresparkbattery.com\/12v-50ah-lithium-battery-lifepo4-lithium-ion-battery-deep-cycle-fot-solar-systems-12v-solar-battery\/"},"modified":"2026-04-28T09:36:56","modified_gmt":"2026-04-28T09:36:56","slug":"12v-50ah-lithium-battery-lifepo4-lithium-ion-battery-deep-cycle-fot-solar-systems-12v-solar-battery","status":"publish","type":"product","link":"https:\/\/coresparkbattery.com\/it\/12v-50ah-lithium-battery-lifepo4-lithium-ion-battery-deep-cycle-fot-solar-systems-12v-solar-battery\/","title":{"rendered":"12V 50Ah batteria al litio Lifepo4 batteria agli ioni di litio a ciclo profondo Fot sistemi solari 12v batteria solare"},"content":{"rendered":"<p>BMS incorporato da 50 A e spegnimento a bassa temperatura<br \/>\nLa batteria a ciclo profondo \u00e8 dotata di un BMS integrato da 100 A che la protegge da sovraccarico, sovrascarica, sovracorrente e cortocircuito, con un eccellente basso tasso di autoscarica. La protezione contro le alte temperature impedisce la ricarica oltre i 75\u00b0C. E protezione contro il taglio a bassa temperatura<br \/>\nevita che la batteria si danneggi in ambienti a bassa temperatura.<\/p>\n<p>Tecnologia avanzata al litio-ferro<br \/>\nBatteria al litio da 50Ah prodotta con celle LiFePO4 di grado automobilistico con densit\u00e0 energetica superiore, prestazioni pi\u00f9 stabili e maggiore potenza. Eccellenti prestazioni di ciclo, carica e scarica rapida, efficienza di carica fino a 100% ed elevata potenza di uscita. Senza effetto memoria, la batteria pu\u00f2 essere utilizzata non appena caricata, indipendentemente dallo stato in cui si trova. Supporta l'espansione fino a 4 serie e 4 paralleli ed \u00e8 adatto per l'accumulo di energia elettrica.<\/p>\n<p>Eccezionale longevit\u00e0 e leggerezza<br \/>\nLe nostre batterie al litio-ferro LiFePO4 garantiscono pi\u00f9 di 5000 cicli rispetto ai 300~500 cicli delle batterie al piombo. La durata di vita delle batterie LiFePO4 \u00e8 da 8 a 10 volte superiore a quella delle batterie al piombo standard.<br \/>\ncosti di gestione. Inoltre, il peso della batteria al litio-ferro-fosfato \u00e8 30% pi\u00f9 leggero di quello della batteria al piombo-acido di pari capacit\u00e0, per cui \u00e8 pi\u00f9 facile trasportarla.<\/p>","protected":false},"excerpt":{"rendered":"<p>Batteria RV 12V senza manutenzione, batteria RV 12V ad alta capacit\u00e0, batteria RV LiFePO4 12,8V, batteria RV ricaricabile 12V<\/p>","protected":false},"featured_media":756,"template":"","meta":{"_gspb_post_css":""},"product_brand":[],"product_cat":[494,493,492],"product_tag":[186,185,188,187],"class_list":{"0":"post-476","1":"product","2":"type-product","3":"status-publish","4":"has-post-thumbnail","6":"product_cat-12v-lifepo4-battery","7":"product_cat-12v-rv-lifepo4-battery","8":"product_cat-rv-lifepo4-battery","9":"product_tag-12v-high-capacity-rv-battery","10":"product_tag-12v-maintenance-free-rv-battery","11":"product_tag-12v-rechargeable-rv-battery","12":"product_tag-rv-lifepo4-battery-12-8v","14":"first","15":"instock","16":"featured","17":"shipping-taxable","18":"product-type-simple"},"_links":{"self":[{"href":"https:\/\/coresparkbattery.com\/it\/wp-json\/wp\/v2\/product\/476","targetHints":{"allow":["GET"]}}],"collection":[{"href":"https:\/\/coresparkbattery.com\/it\/wp-json\/wp\/v2\/product"}],"about":[{"href":"https:\/\/coresparkbattery.com\/it\/wp-json\/wp\/v2\/types\/product"}],"wp:featuredmedia":[{"embeddable":true,"href":"https:\/\/coresparkbattery.com\/it\/wp-json\/wp\/v2\/media\/756"}],"wp:attachment":[{"href":"https:\/\/coresparkbattery.com\/it\/wp-json\/wp\/v2\/media?parent=476"}],"wp:term":[{"taxonomy":"product_brand","embeddable":true,"href":"https:\/\/coresparkbattery.com\/it\/wp-json\/wp\/v2\/product_brand?post=476"},{"taxonomy":"product_cat","embeddable":true,"href":"https:\/\/coresparkbattery.com\/it\/wp-json\/wp\/v2\/product_cat?post=476"},{"taxonomy":"product_tag","embeddable":true,"href":"https:\/\/coresparkbattery.com\/it\/wp-json\/wp\/v2\/product_tag?post=476"}],"curies":[{"name":"wp","href":"https:\/\/api.w.org\/{rel}","templated":true}]}}