{"id":462,"date":"2026-04-28T08:15:34","date_gmt":"2026-04-28T08:15:34","guid":{"rendered":"https:\/\/coresparkbattery.com\/oem-factory-lifepo4-golf-cart-lithium-battery-51-2v-100ah-105ah150ah-lifepo4-battery-pack-for-golf-cart\/"},"modified":"2026-04-28T09:20:50","modified_gmt":"2026-04-28T09:20:50","slug":"oem-factory-lifepo4-golf-cart-lithium-battery-51-2v-100ah-105ah150ah-lifepo4-battery-pack-for-golf-cart","status":"publish","type":"product","link":"https:\/\/coresparkbattery.com\/it\/oem-factory-lifepo4-golf-cart-lithium-battery-51-2v-100ah-105ah150ah-lifepo4-battery-pack-for-golf-cart\/","title":{"rendered":"Fabbrica OEM Lifepo4 Golf Cart batteria al litio 51.2V 100ah 105Ah150ah Lifepo4 batteria per carrello da golf"},"content":{"rendered":"<p>Prestazioni al top<br \/>\nLa batteria LiFePO4 per carrello da golf da 48V 105Ah \u00e8 prodotta con celle LiFePO4 prismatiche di grado A e ha un'energia compatta di 5,37kWh, equivalente a 4 pezzi da 12V 100Ah LiFePO4 in 4S (anche 8 pezzi da 12V 100Ah AGM in 8S). Ha una grande potenza di 10,24kW<br \/>\ncon basso tasso di autoscarica, bassa perdita di capacit\u00e0, prestazioni pi\u00f9 stabili e corrente di scarica continua fino a 200A (picco di 400A 35S, 600A 3S), che \u00e8 50% pi\u00f9 potente rispetto alle altre batterie al litio della stessa dimensione.<\/p>\n<p>Monitoraggio delle APP mobili<br \/>\nLa batteria per carrello da golf ha aggiunto una funzione APP. I clienti possono collegare la batteria tramite APP mobile, leggere o controllare i vari dati della batteria (SOC) in tempo reale.<\/p>","protected":false},"excerpt":{"rendered":"<p>Batteria per carrello da golf 51.2V 100Ah, batteria per carrello da golf 51.2V 150Ah, batteria per carrello da golf 51.2V 200Ah, batteria per carrello da golf 12V 100Ah<\/p>","protected":false},"featured_media":692,"template":"","meta":{"_gspb_post_css":""},"product_brand":[],"product_cat":[487,15],"product_tag":[128,125,126,127],"class_list":{"0":"post-462","1":"product","2":"type-product","3":"status-publish","4":"has-post-thumbnail","6":"product_cat-51-2v-golf-cart-battery","7":"product_cat-golf-cart-battery","8":"product_tag-12v-100ah-golf-cart-battery","9":"product_tag-51-2v-100ah-golf-cart-battery","10":"product_tag-51-2v-150ah-golf-cart-battery","11":"product_tag-51-2v-200ah-golf-cart-battery","13":"first","14":"instock","15":"featured","16":"shipping-taxable","17":"product-type-simple"},"_links":{"self":[{"href":"https:\/\/coresparkbattery.com\/it\/wp-json\/wp\/v2\/product\/462","targetHints":{"allow":["GET"]}}],"collection":[{"href":"https:\/\/coresparkbattery.com\/it\/wp-json\/wp\/v2\/product"}],"about":[{"href":"https:\/\/coresparkbattery.com\/it\/wp-json\/wp\/v2\/types\/product"}],"wp:featuredmedia":[{"embeddable":true,"href":"https:\/\/coresparkbattery.com\/it\/wp-json\/wp\/v2\/media\/692"}],"wp:attachment":[{"href":"https:\/\/coresparkbattery.com\/it\/wp-json\/wp\/v2\/media?parent=462"}],"wp:term":[{"taxonomy":"product_brand","embeddable":true,"href":"https:\/\/coresparkbattery.com\/it\/wp-json\/wp\/v2\/product_brand?post=462"},{"taxonomy":"product_cat","embeddable":true,"href":"https:\/\/coresparkbattery.com\/it\/wp-json\/wp\/v2\/product_cat?post=462"},{"taxonomy":"product_tag","embeddable":true,"href":"https:\/\/coresparkbattery.com\/it\/wp-json\/wp\/v2\/product_tag?post=462"}],"curies":[{"name":"wp","href":"https:\/\/api.w.org\/{rel}","templated":true}]}}