{"id":452,"date":"2026-04-28T08:15:33","date_gmt":"2026-04-28T08:15:33","guid":{"rendered":"https:\/\/coresparkbattery.com\/golf-cart-lithium-batteries-36v-48v-72v-105ah-150ah-golf-cart-bluetooth-lifepo4-battery-with-display\/"},"modified":"2026-04-28T09:05:26","modified_gmt":"2026-04-28T09:05:26","slug":"golf-cart-lithium-batteries-36v-48v-72v-105ah-150ah-golf-cart-bluetooth-lifepo4-battery-with-display","status":"publish","type":"product","link":"https:\/\/coresparkbattery.com\/it\/golf-cart-lithium-batteries-36v-48v-72v-105ah-150ah-golf-cart-bluetooth-lifepo4-battery-with-display\/","title":{"rendered":"Golf Cart batterie al litio 36V 48V 72V 105Ah 150Ah Golf Cart Bluetooth Lifepo4 batteria con display"},"content":{"rendered":"<p>Prestazioni al top<br \/>\nLa batteria LiFePO4 per carrello da golf da 48V 105Ah \u00e8 prodotta con celle LiFePO4 prismatiche di grado A e ha un'energia compatta di 5,37kWh, equivalente a 4 pezzi da 12V 100Ah LiFePO4 in 4S (anche 8 pezzi da 12V 100Ah AGM in 8S). Ha una grande potenza di 10,24kW<br \/>\ncon basso tasso di autoscarica, bassa perdita di capacit\u00e0, prestazioni pi\u00f9 stabili e corrente di scarica continua fino a 200A (picco di 400A 35S, 600A 3S), che \u00e8 50% pi\u00f9 potente rispetto alle altre batterie al litio della stessa dimensione.<\/p>\n<p>BMS integrato da 200 A e protezione multipla<br \/>\nLa batteria LiFePO4 da 48V 105Ah con sistema di gestione della batteria (BMS) da 200A fornisce protezione da sovraccarico\/scarico, sovracorrente, alte\/basse temperature e cortocircuito. Con una buona stabilit\u00e0 termica e chimica. Non richiede manutenzione e non comporta costi di manutenzione giornalieri.<\/p>","protected":false},"excerpt":{"rendered":"<p>Batteria del carrello da golf 48V 200Ah, batteria del carrello da golf 72V 100Ah, batteria del carrello da golf 12V, batteria del carrello da golf 8V<\/p>","protected":false},"featured_media":642,"template":"","meta":{"_gspb_post_css":""},"product_brand":[],"product_cat":[489,488,15],"product_tag":[92,90,91,93],"class_list":{"0":"post-452","1":"product","2":"type-product","3":"status-publish","4":"has-post-thumbnail","6":"product_cat-48v-golf-cart-battery","7":"product_cat-76-8v-golf-cart-battery","8":"product_cat-golf-cart-battery","9":"product_tag-golf-cart-battery-12v","10":"product_tag-golf-cart-battery-48v-200ah","11":"product_tag-golf-cart-battery-72v-100ah","12":"product_tag-golf-cart-battery-8v","14":"first","15":"instock","16":"featured","17":"shipping-taxable","18":"product-type-simple"},"_links":{"self":[{"href":"https:\/\/coresparkbattery.com\/it\/wp-json\/wp\/v2\/product\/452","targetHints":{"allow":["GET"]}}],"collection":[{"href":"https:\/\/coresparkbattery.com\/it\/wp-json\/wp\/v2\/product"}],"about":[{"href":"https:\/\/coresparkbattery.com\/it\/wp-json\/wp\/v2\/types\/product"}],"wp:featuredmedia":[{"embeddable":true,"href":"https:\/\/coresparkbattery.com\/it\/wp-json\/wp\/v2\/media\/642"}],"wp:attachment":[{"href":"https:\/\/coresparkbattery.com\/it\/wp-json\/wp\/v2\/media?parent=452"}],"wp:term":[{"taxonomy":"product_brand","embeddable":true,"href":"https:\/\/coresparkbattery.com\/it\/wp-json\/wp\/v2\/product_brand?post=452"},{"taxonomy":"product_cat","embeddable":true,"href":"https:\/\/coresparkbattery.com\/it\/wp-json\/wp\/v2\/product_cat?post=452"},{"taxonomy":"product_tag","embeddable":true,"href":"https:\/\/coresparkbattery.com\/it\/wp-json\/wp\/v2\/product_tag?post=452"}],"curies":[{"name":"wp","href":"https:\/\/api.w.org\/{rel}","templated":true}]}}