{"id":450,"date":"2026-04-28T08:15:33","date_gmt":"2026-04-28T08:15:33","guid":{"rendered":"https:\/\/coresparkbattery.com\/38-4v-48v-51-2v-72v-50ah-100ah-105ah-160ah-lifepo4-golf-cart-battery-lithium-ion-lifepo4-battery-for-club-car-golf-cart\/"},"modified":"2026-04-28T09:03:20","modified_gmt":"2026-04-28T09:03:20","slug":"38-4v-48v-51-2v-72v-50ah-100ah-105ah-160ah-lifepo4-golf-cart-battery-lithium-ion-lifepo4-battery-for-club-car-golf-cart","status":"publish","type":"product","link":"https:\/\/coresparkbattery.com\/it\/38-4v-48v-51-2v-72v-50ah-100ah-105ah-160ah-lifepo4-golf-cart-battery-lithium-ion-lifepo4-battery-for-club-car-golf-cart\/","title":{"rendered":"38.4v 48v 51.2v 72v 50ah 100ah 105ah 160ah Lifepo4 Golf Cart Battery Batteria agli ioni di litio Lifepo4 per Club Car Golf Cart"},"content":{"rendered":"<p>Prestazioni al top<br \/>\nLa batteria LiFePO4 da 36V 105Ah per carrello da golf ha un'energia compatta di 4,03kWh, equivalente a 3 batterie LiFePO4 da 12V 100Ah in 3S (o anche a 6 batterie AGM da 12V 100Ah in 6S). La nostra batteria LiFePO4 ha una grande potenza di 7680w con un basso tasso di autoscarica, bassa<br \/>\nperdita di capacit\u00e0 e prestazioni pi\u00f9 stabili, corrente di scarica continua fino a 200A (picco 400A 35S), che \u00e8 50% pi\u00f9 potente rispetto alle altre batterie al litio della stessa dimensione.<\/p>\n<p>BMS integrato da 200 A e protezione multipla<br \/>\nLa batteria LiFePO4 da 36V 105Ah con sistema di gestione della batteria (BMS) da 200A fornisce protezione da sovraccarico\/scarico, sovracorrente, alte\/basse temperature e cortocircuito. Con una buona stabilit\u00e0 termica e chimica. Non richiede manutenzione e non comporta costi di manutenzione giornalieri.<\/p>","protected":false},"excerpt":{"rendered":"<p>Batteria del carrello da golf con BMS, batteria del carrello da golf 100Ah, batteria del carrello da golf 150Ah, batteria del carrello da golf 200Ah<\/p>","protected":false},"featured_media":631,"template":"","meta":{"_gspb_post_css":""},"product_brand":[],"product_cat":[489,487,488,15],"product_tag":[83,84,85,82],"class_list":{"0":"post-450","1":"product","2":"type-product","3":"status-publish","4":"has-post-thumbnail","6":"product_cat-48v-golf-cart-battery","7":"product_cat-51-2v-golf-cart-battery","8":"product_cat-76-8v-golf-cart-battery","9":"product_cat-golf-cart-battery","10":"product_tag-golf-cart-battery-100ah","11":"product_tag-golf-cart-battery-150ah","12":"product_tag-golf-cart-battery-200ah","13":"product_tag-golf-cart-battery-with-bms","15":"first","16":"instock","17":"featured","18":"shipping-taxable","19":"product-type-simple"},"_links":{"self":[{"href":"https:\/\/coresparkbattery.com\/it\/wp-json\/wp\/v2\/product\/450","targetHints":{"allow":["GET"]}}],"collection":[{"href":"https:\/\/coresparkbattery.com\/it\/wp-json\/wp\/v2\/product"}],"about":[{"href":"https:\/\/coresparkbattery.com\/it\/wp-json\/wp\/v2\/types\/product"}],"wp:featuredmedia":[{"embeddable":true,"href":"https:\/\/coresparkbattery.com\/it\/wp-json\/wp\/v2\/media\/631"}],"wp:attachment":[{"href":"https:\/\/coresparkbattery.com\/it\/wp-json\/wp\/v2\/media?parent=450"}],"wp:term":[{"taxonomy":"product_brand","embeddable":true,"href":"https:\/\/coresparkbattery.com\/it\/wp-json\/wp\/v2\/product_brand?post=450"},{"taxonomy":"product_cat","embeddable":true,"href":"https:\/\/coresparkbattery.com\/it\/wp-json\/wp\/v2\/product_cat?post=450"},{"taxonomy":"product_tag","embeddable":true,"href":"https:\/\/coresparkbattery.com\/it\/wp-json\/wp\/v2\/product_tag?post=450"}],"curies":[{"name":"wp","href":"https:\/\/api.w.org\/{rel}","templated":true}]}}