{"id":442,"date":"2026-04-28T08:15:32","date_gmt":"2026-04-28T08:15:32","guid":{"rendered":"https:\/\/coresparkbattery.com\/36v-105ah-lithium-iron-phosphate-battery-bluetooth-enabled-deep-cycle-golf-cart-battery-for-club-car\/"},"modified":"2026-04-28T08:54:28","modified_gmt":"2026-04-28T08:54:28","slug":"36v-105ah-lithium-iron-phosphate-battery-bluetooth-enabled-deep-cycle-golf-cart-battery-for-club-car","status":"publish","type":"product","link":"https:\/\/coresparkbattery.com\/it\/36v-105ah-lithium-iron-phosphate-battery-bluetooth-enabled-deep-cycle-golf-cart-battery-for-club-car\/","title":{"rendered":"36V 105Ah Batteria al litio ferro fosfato Bluetooth abilitata, batteria per carrello da golf a ciclo profondo per Club Car"},"content":{"rendered":"<p>Applicazione: elettrodomestici, barche, carrelli da golf, sistemi di accumulo dell'energia solare.<br \/>\nNumero di modello: 36V 48V 72V (36V)<br \/>\nPeso: 34 kg<br \/>\nNome del prodotto: 36V 105AH LiFePO4 Batteria del carrello da golf<br \/>\nDurata del ciclo: 4000 volte<br \/>\nOEM\/ODM: Accettabile<br \/>\nTipo: litio ferro fosfato<br \/>\nDimensione: 433*334*285\u00b13mm<\/p>\n<p>Prestazioni al top<br \/>\nLa batteria LiFePO4 da 36V 105Ah per carrello da golf ha un'energia compatta di 4,03kWh, equivalente a 3 batterie LiFePO4 da 12V 100Ah in 3S (o anche a 6 batterie AGM da 12V 100Ah in 6S). La nostra batteria LiFePO4 ha una grande potenza di 7680w con un basso tasso di autoscarica, bassa<br \/>\nperdita di capacit\u00e0 e prestazioni pi\u00f9 stabili, corrente di scarica continua fino a 200A (picco 400A 35S), che \u00e8 50% pi\u00f9 potente rispetto alle altre batterie al litio della stessa dimensione.<\/p>\n<p>BMS integrato da 200 A e protezione multipla<br \/>\nLa batteria LiFePO4 da 36V 105Ah con sistema di gestione della batteria (BMS) da 200A fornisce protezione da sovraccarico\/scarico, sovracorrente, alte\/basse temperature e cortocircuito. Con una buona stabilit\u00e0 termica e chimica. Non richiede manutenzione e non comporta costi di manutenzione giornalieri.<\/p>","protected":false},"excerpt":{"rendered":"<p>Batteria del carrello da golf, batteria del carrello da golf 48V, batteria del carrello da golf 36V, batteria del carrello da golf LiFePO4<\/p>","protected":false},"featured_media":586,"template":"","meta":{"_gspb_post_css":""},"product_brand":[],"product_cat":[15],"product_tag":[63,46,39,41],"class_list":{"0":"post-442","1":"product","2":"type-product","3":"status-publish","4":"has-post-thumbnail","6":"product_cat-golf-cart-battery","7":"product_tag-36v-golf-cart-battery","8":"product_tag-48v-golf-cart-battery","9":"product_tag-golf-cart-battery","10":"product_tag-lifepo4-golf-cart-battery","12":"first","13":"instock","14":"featured","15":"shipping-taxable","16":"product-type-simple"},"_links":{"self":[{"href":"https:\/\/coresparkbattery.com\/it\/wp-json\/wp\/v2\/product\/442","targetHints":{"allow":["GET"]}}],"collection":[{"href":"https:\/\/coresparkbattery.com\/it\/wp-json\/wp\/v2\/product"}],"about":[{"href":"https:\/\/coresparkbattery.com\/it\/wp-json\/wp\/v2\/types\/product"}],"wp:featuredmedia":[{"embeddable":true,"href":"https:\/\/coresparkbattery.com\/it\/wp-json\/wp\/v2\/media\/586"}],"wp:attachment":[{"href":"https:\/\/coresparkbattery.com\/it\/wp-json\/wp\/v2\/media?parent=442"}],"wp:term":[{"taxonomy":"product_brand","embeddable":true,"href":"https:\/\/coresparkbattery.com\/it\/wp-json\/wp\/v2\/product_brand?post=442"},{"taxonomy":"product_cat","embeddable":true,"href":"https:\/\/coresparkbattery.com\/it\/wp-json\/wp\/v2\/product_cat?post=442"},{"taxonomy":"product_tag","embeddable":true,"href":"https:\/\/coresparkbattery.com\/it\/wp-json\/wp\/v2\/product_tag?post=442"}],"curies":[{"name":"wp","href":"https:\/\/api.w.org\/{rel}","templated":true}]}}