{"id":439,"date":"2026-04-28T08:15:32","date_gmt":"2026-04-28T08:15:32","guid":{"rendered":"https:\/\/coresparkbattery.com\/long-cycle-life-48v-72v-lifepo4-golf-cart-battery-100ah-150ah-200ah-rechargeable-lithium-battery\/"},"modified":"2026-04-28T08:47:32","modified_gmt":"2026-04-28T08:47:32","slug":"long-cycle-life-48v-72v-lifepo4-golf-cart-battery-100ah-150ah-200ah-rechargeable-lithium-battery","status":"publish","type":"product","link":"https:\/\/coresparkbattery.com\/it\/long-cycle-life-48v-72v-lifepo4-golf-cart-battery-100ah-150ah-200ah-rechargeable-lithium-battery\/","title":{"rendered":"Lunga durata del ciclo 48V 72V LiFePO4 Golf Cart batteria 100Ah 150Ah 200Ah batteria al litio ricaricabile"},"content":{"rendered":"<p>Applicazione: carrelli da golf, carrelli elevatori elettrici, veicoli elettrici<br \/>\nDurata del ciclo: 4000 cicli<br \/>\nMateriali catodici: LiFePO4<br \/>\nTemperatura di funzionamento (\u2103)\uff1a10240W<br \/>\nDimension (L*W*H)\uff1a509*334*230\u00b13mm<br \/>\nNumero di modello: 36V 48V 72V (48V)<br \/>\nPeso: 46,5 kg<br \/>\nDurata del ciclo: 4000 volte<br \/>\nPeso: 46,5 kg<br \/>\nGaranzia: 5 anni<br \/>\nDimensione: 509*334*230\u00b13mm<\/p>\n<p>BMS integrato da 200 A e protezione multipla<br \/>\nLa batteria LiFePO4 da 48V 105Ah con sistema di gestione della batteria (BMS) da 200A fornisce protezione da sovraccarico\/scarico, sovracorrente, alte\/basse temperature e cortocircuito. Con una buona stabilit\u00e0 termica e chimica. Non richiede manutenzione e non comporta costi di manutenzione giornalieri.<\/p>\n<p>Prestazioni al top<br \/>\nLa batteria LiFePO4 per carrello da golf da 48V 105Ah \u00e8 prodotta con celle LiFePO4 prismatiche di grado A e ha un'energia compatta di 5,37kWh, equivalente a 4 pezzi da 12V 100Ah LiFePO4 in 4S (anche 8 pezzi da 12V 100Ah AGM in 8S). Ha una grande potenza di 10,24kW<br \/>\ncon basso tasso di autoscarica, bassa perdita di capacit\u00e0, prestazioni pi\u00f9 stabili e corrente di scarica continua fino a 200A (picco di 400A 35S, 600A 3S), che \u00e8 50% pi\u00f9 potente rispetto alle altre batterie al litio della stessa dimensione.<\/p>","protected":false},"excerpt":{"rendered":"<p>batteria del carrello da golf, batterie del carrello da golf, pacco batteria del carrello da golf, sostituzione della batteria del carrello da golf<\/p>","protected":false},"featured_media":566,"template":"","meta":{"_gspb_post_css":""},"product_brand":[],"product_cat":[489,488,15],"product_tag":[52,39,53,54],"class_list":{"0":"post-439","1":"product","2":"type-product","3":"status-publish","4":"has-post-thumbnail","6":"product_cat-48v-golf-cart-battery","7":"product_cat-76-8v-golf-cart-battery","8":"product_cat-golf-cart-battery","9":"product_tag-golf-cart-batteries","10":"product_tag-golf-cart-battery","11":"product_tag-golf-cart-battery-pack","12":"product_tag-golf-cart-battery-replacement","14":"first","15":"instock","16":"featured","17":"shipping-taxable","18":"product-type-simple"},"_links":{"self":[{"href":"https:\/\/coresparkbattery.com\/it\/wp-json\/wp\/v2\/product\/439","targetHints":{"allow":["GET"]}}],"collection":[{"href":"https:\/\/coresparkbattery.com\/it\/wp-json\/wp\/v2\/product"}],"about":[{"href":"https:\/\/coresparkbattery.com\/it\/wp-json\/wp\/v2\/types\/product"}],"wp:featuredmedia":[{"embeddable":true,"href":"https:\/\/coresparkbattery.com\/it\/wp-json\/wp\/v2\/media\/566"}],"wp:attachment":[{"href":"https:\/\/coresparkbattery.com\/it\/wp-json\/wp\/v2\/media?parent=439"}],"wp:term":[{"taxonomy":"product_brand","embeddable":true,"href":"https:\/\/coresparkbattery.com\/it\/wp-json\/wp\/v2\/product_brand?post=439"},{"taxonomy":"product_cat","embeddable":true,"href":"https:\/\/coresparkbattery.com\/it\/wp-json\/wp\/v2\/product_cat?post=439"},{"taxonomy":"product_tag","embeddable":true,"href":"https:\/\/coresparkbattery.com\/it\/wp-json\/wp\/v2\/product_tag?post=439"}],"curies":[{"name":"wp","href":"https:\/\/api.w.org\/{rel}","templated":true}]}}