{"id":438,"date":"2026-04-28T08:15:32","date_gmt":"2026-04-28T08:15:32","guid":{"rendered":"https:\/\/coresparkbattery.com\/high-quality-36v-105ah-48v-105ah-lifepo4-battery-golf-cart-lithium-ion-battery\/"},"modified":"2026-04-28T08:46:39","modified_gmt":"2026-04-28T08:46:39","slug":"high-quality-36v-105ah-48v-105ah-lifepo4-battery-golf-cart-lithium-ion-battery","status":"publish","type":"product","link":"https:\/\/coresparkbattery.com\/it\/high-quality-36v-105ah-48v-105ah-lifepo4-battery-golf-cart-lithium-ion-battery\/","title":{"rendered":"Batteria LiFePO4 di alta qualit\u00e0 36V 105Ah &amp; 48V 105Ah, batteria agli ioni di litio del carrello da golf"},"content":{"rendered":"<p>Prestazioni al top<br \/>\nLa batteria LiFePO4 per carrello da golf da 48V 105Ah \u00e8 prodotta con celle LiFePO4 prismatiche di grado A e ha un'energia compatta di 5,37kWh, equivalente a 4 pezzi da 12V 100Ah LiFePO4 in 4S (anche 8 pezzi da 12V 100Ah AGM in 8S). Ha una grande potenza di 10,24kW<br \/>\ncon basso tasso di autoscarica, bassa perdita di capacit\u00e0, prestazioni pi\u00f9 stabili e corrente di scarica continua fino a 200A (picco di 400A 35S, 600A 3S), che \u00e8 50% pi\u00f9 potente rispetto alle altre batterie al litio della stessa dimensione.<\/p>\n<p>BMS integrato da 200 A e protezione multipla<br \/>\nLa batteria LiFePO4 da 48V 105Ah con sistema di gestione della batteria (BMS) da 200A fornisce protezione da sovraccarico\/scarico, sovracorrente, alte\/basse temperature e cortocircuito. Con una buona stabilit\u00e0 termica e chimica. Non richiede manutenzione e non comporta costi di manutenzione giornalieri.<\/p>\n<p>Schermo di visualizzazione LCD appositamente progettato<br \/>\nLa batteria al litio \u00e8 stata appositamente studiata e progettata per soddisfare le rigorose esigenze del settore dei carrelli da golf da 48V, con pi\u00f9<br \/>\nenergia potente e prestazioni eccellenti, compatibile con le principali marche di controller per golf cart presenti sul mercato. E viene fornito con un<br \/>\nCaricatore LiFePO4 da 58,4 V e 22 A, che supporta la ricarica rapida. Dotato di uno schermo tattile da 2,8 pollici, consente di visualizzare e controllare i dati di ricarica.<br \/>\nbatteria in tempo reale sullo schermo LCD.<\/p>","protected":false},"excerpt":{"rendered":"<p>Migliore batteria del carrello di golf del litio 2026, batteria del carrello di golf di 150Ah LiFePO4, batteria impermeabile del carrello di golf del litio, batteria del carrello di golf di Bluetooth<\/p>","protected":false},"featured_media":565,"template":"","meta":{"_gspb_post_css":""},"product_brand":[],"product_cat":[489,15],"product_tag":[49,48,51,50],"class_list":{"0":"post-438","1":"product","2":"type-product","3":"status-publish","4":"has-post-thumbnail","6":"product_cat-48v-golf-cart-battery","7":"product_cat-golf-cart-battery","8":"product_tag-150ah-lifepo4-golf-cart-battery","9":"product_tag-best-lithium-golf-cart-battery-2026","10":"product_tag-bluetooth-golf-cart-battery","11":"product_tag-waterproof-golf-cart-lithium-battery","13":"first","14":"instock","15":"featured","16":"shipping-taxable","17":"product-type-simple"},"_links":{"self":[{"href":"https:\/\/coresparkbattery.com\/it\/wp-json\/wp\/v2\/product\/438","targetHints":{"allow":["GET"]}}],"collection":[{"href":"https:\/\/coresparkbattery.com\/it\/wp-json\/wp\/v2\/product"}],"about":[{"href":"https:\/\/coresparkbattery.com\/it\/wp-json\/wp\/v2\/types\/product"}],"wp:featuredmedia":[{"embeddable":true,"href":"https:\/\/coresparkbattery.com\/it\/wp-json\/wp\/v2\/media\/565"}],"wp:attachment":[{"href":"https:\/\/coresparkbattery.com\/it\/wp-json\/wp\/v2\/media?parent=438"}],"wp:term":[{"taxonomy":"product_brand","embeddable":true,"href":"https:\/\/coresparkbattery.com\/it\/wp-json\/wp\/v2\/product_brand?post=438"},{"taxonomy":"product_cat","embeddable":true,"href":"https:\/\/coresparkbattery.com\/it\/wp-json\/wp\/v2\/product_cat?post=438"},{"taxonomy":"product_tag","embeddable":true,"href":"https:\/\/coresparkbattery.com\/it\/wp-json\/wp\/v2\/product_tag?post=438"}],"curies":[{"name":"wp","href":"https:\/\/api.w.org\/{rel}","templated":true}]}}