{"id":437,"date":"2026-04-28T08:15:32","date_gmt":"2026-04-28T08:15:32","guid":{"rendered":"https:\/\/coresparkbattery.com\/new-launch-36v-105ah-lifepo4-battery-with-bluetooth-club-car-golf-cart-special\/"},"modified":"2026-04-28T08:45:25","modified_gmt":"2026-04-28T08:45:25","slug":"new-launch-36v-105ah-lifepo4-battery-with-bluetooth-club-car-golf-cart-special","status":"publish","type":"product","link":"https:\/\/coresparkbattery.com\/it\/new-launch-36v-105ah-lifepo4-battery-with-bluetooth-club-car-golf-cart-special\/","title":{"rendered":"Batteria LiFePO4 36V 105Ah con Bluetooth - Speciale carrello da golf Club Car"},"content":{"rendered":"<p>Prestazioni al top<br \/>\nLa batteria LiFePO4 da 36V 105Ah per carrello da golf ha un'energia compatta di 4,03kWh, equivalente a 3 batterie LiFePO4 da 12V 100Ah in 3S (o anche a 6 batterie AGM da 12V 100Ah in 6S). La nostra batteria LiFePO4 ha una grande potenza di 7680w con un basso tasso di autoscarica, bassa<br \/>\nperdita di capacit\u00e0 e prestazioni pi\u00f9 stabili, corrente di scarica continua fino a 200A (picco 400A 35S), che \u00e8 50% pi\u00f9 potente rispetto alle altre batterie al litio della stessa dimensione.<\/p>\n<p>BMS integrato da 200 A e protezione multipla<br \/>\nLa batteria LiFePO4 da 36V 105Ah con sistema di gestione della batteria (BMS) da 200A fornisce protezione da sovraccarico\/scarico, sovracorrente, alte\/basse temperature e cortocircuito. Con una buona stabilit\u00e0 termica e chimica. Non richiede manutenzione e non comporta costi di manutenzione giornalieri.<\/p>\n<p>Monitoraggio delle APP mobili<br \/>\nLa batteria del carrello da golf ha aggiunto una funzione APP. I clienti possono collegare la batteria tramite APP mobile, leggere o controllare i vari dati della batteria (SOC) in tempo reale.<\/p>","protected":false},"excerpt":{"rendered":"<p>48V 105Ah LiFePO4 batteria del carrello di golf, 36V batteria del carrello di golf del litio, 48V batteria del carrello di golf, litio della batteria del carrello di golf contro piombo-acido<\/p>","protected":false},"featured_media":556,"template":"","meta":{"_gspb_post_css":""},"product_brand":[],"product_cat":[489,15],"product_tag":[45,44,46,47],"class_list":{"0":"post-437","1":"product","2":"type-product","3":"status-publish","4":"has-post-thumbnail","6":"product_cat-48v-golf-cart-battery","7":"product_cat-golf-cart-battery","8":"product_tag-36v-golf-cart-lithium-battery","9":"product_tag-48v-105ah-lifepo4-golf-cart-battery","10":"product_tag-48v-golf-cart-battery","11":"product_tag-golf-cart-battery-lithium-vs-lead-acid","13":"first","14":"instock","15":"featured","16":"shipping-taxable","17":"product-type-simple"},"_links":{"self":[{"href":"https:\/\/coresparkbattery.com\/it\/wp-json\/wp\/v2\/product\/437","targetHints":{"allow":["GET"]}}],"collection":[{"href":"https:\/\/coresparkbattery.com\/it\/wp-json\/wp\/v2\/product"}],"about":[{"href":"https:\/\/coresparkbattery.com\/it\/wp-json\/wp\/v2\/types\/product"}],"wp:featuredmedia":[{"embeddable":true,"href":"https:\/\/coresparkbattery.com\/it\/wp-json\/wp\/v2\/media\/556"}],"wp:attachment":[{"href":"https:\/\/coresparkbattery.com\/it\/wp-json\/wp\/v2\/media?parent=437"}],"wp:term":[{"taxonomy":"product_brand","embeddable":true,"href":"https:\/\/coresparkbattery.com\/it\/wp-json\/wp\/v2\/product_brand?post=437"},{"taxonomy":"product_cat","embeddable":true,"href":"https:\/\/coresparkbattery.com\/it\/wp-json\/wp\/v2\/product_cat?post=437"},{"taxonomy":"product_tag","embeddable":true,"href":"https:\/\/coresparkbattery.com\/it\/wp-json\/wp\/v2\/product_tag?post=437"}],"curies":[{"name":"wp","href":"https:\/\/api.w.org\/{rel}","templated":true}]}}