{"id":552,"date":"2026-04-28T08:15:44","date_gmt":"2026-04-28T08:15:44","guid":{"rendered":"https:\/\/coresparkbattery.com\/36v-48v-60v-100ah-lifepo4-lithium-battery-packs-for-e-rickshaw-electric-tricycle-golf-cart-low-speed-vehicle-with-bms-customized-2\/"},"modified":"2026-04-28T11:56:57","modified_gmt":"2026-04-28T11:56:57","slug":"36v-48v-60v-100ah-lifepo4-lithium-battery-packs-for-e-rickshaw-electric-tricycle-golf-cart-low-speed-vehicle-with-bms-customized-2","status":"publish","type":"product","link":"https:\/\/coresparkbattery.com\/fr\/36v-48v-60v-100ah-lifepo4-lithium-battery-packs-for-e-rickshaw-electric-tricycle-golf-cart-low-speed-vehicle-with-bms-customized-2\/","title":{"rendered":"36V 48V 60V 100ah LiFePO4 Lithium Battery Packs for E-Rickshaw Electric Tricycle Golf Cart Low Speed Vehicle with BMS Customized"},"content":{"rendered":"<p>Nom du produit : Batterie au lithium LiFePO4<br \/>\nIl s'agit d'une batterie LiFePO4 \u00e0 l'\u00e9tat solide, qui adopte des cellules LFP de classe A avec un BMS int\u00e9gr\u00e9 pour des performances s\u00fbres et stables.<br \/>\nLa batterie prend en charge une tension nominale de 36V\/48V\/60V et une capacit\u00e9 de 100Ah, avec une configuration allant jusqu'\u00e0 16 cellules. Elle offre une dur\u00e9e de vie de 3 000 cycles et peut fonctionner de mani\u00e8re fiable dans une large plage de temp\u00e9ratures allant de -20\u2103 \u00e0 60\u2103.<br \/>\nIl est \u00e9quip\u00e9 d'une protection compl\u00e8te contre les courts-circuits et a obtenu les certifications CE, RoHS, UN38.3, MSDS. Les dimensions sont personnalisables et le poids net est de 56 kg.<br \/>\nLes OEM et ODM sont acceptables.<br \/>\nCette batterie est principalement utilis\u00e9e dans les v\u00e9los\/scooters \u00e9lectriques, les v\u00e9hicules \u00e9lectriques et les fauteuils roulants \u00e9lectriques.<\/p>","protected":false},"excerpt":{"rendered":"<p>Batterie LiFePO4 pour usage industriel, Batterie LiFePO4 pour v\u00e9hicule de loisirs, Batterie LiFePO4 pour usage en haute altitude, Batterie l\u00e9g\u00e8re 12V LiFePO4 100Ah<\/p>","protected":false},"featured_media":1113,"template":"","meta":{"_gspb_post_css":""},"product_brand":[],"product_cat":[489,15],"product_tag":[479,481,480,482],"class_list":{"0":"post-552","1":"product","2":"type-product","3":"status-publish","4":"has-post-thumbnail","6":"product_cat-48v-golf-cart-battery","7":"product_cat-golf-cart-battery","8":"product_tag-heavy-duty-lifepo4-battery-for-industrial-use","9":"product_tag-lifepo4-battery-pack-for-high-altitude-use","10":"product_tag-lifepo4-battery-pack-for-rv-house-battery","11":"product_tag-light-weight-12v-lifepo4-battery-100ah","13":"first","14":"instock","15":"featured","16":"shipping-taxable","17":"product-type-simple"},"_links":{"self":[{"href":"https:\/\/coresparkbattery.com\/fr\/wp-json\/wp\/v2\/product\/552","targetHints":{"allow":["GET"]}}],"collection":[{"href":"https:\/\/coresparkbattery.com\/fr\/wp-json\/wp\/v2\/product"}],"about":[{"href":"https:\/\/coresparkbattery.com\/fr\/wp-json\/wp\/v2\/types\/product"}],"wp:featuredmedia":[{"embeddable":true,"href":"https:\/\/coresparkbattery.com\/fr\/wp-json\/wp\/v2\/media\/1113"}],"wp:attachment":[{"href":"https:\/\/coresparkbattery.com\/fr\/wp-json\/wp\/v2\/media?parent=552"}],"wp:term":[{"taxonomy":"product_brand","embeddable":true,"href":"https:\/\/coresparkbattery.com\/fr\/wp-json\/wp\/v2\/product_brand?post=552"},{"taxonomy":"product_cat","embeddable":true,"href":"https:\/\/coresparkbattery.com\/fr\/wp-json\/wp\/v2\/product_cat?post=552"},{"taxonomy":"product_tag","embeddable":true,"href":"https:\/\/coresparkbattery.com\/fr\/wp-json\/wp\/v2\/product_tag?post=552"}],"curies":[{"name":"wp","href":"https:\/\/api.w.org\/{rel}","templated":true}]}}