{"id":549,"date":"2026-04-28T08:15:44","date_gmt":"2026-04-28T08:15:44","guid":{"rendered":"https:\/\/coresparkbattery.com\/solar-led-streetlight-12v-40ah-photovoltaic-lithium-iron-phosphate-battery-deep-cycle-rechargeable-lithium-ion-batteries-pack\/"},"modified":"2026-04-28T11:53:16","modified_gmt":"2026-04-28T11:53:16","slug":"solar-led-streetlight-12v-40ah-photovoltaic-lithium-iron-phosphate-battery-deep-cycle-rechargeable-lithium-ion-batteries-pack","status":"publish","type":"product","link":"https:\/\/coresparkbattery.com\/fr\/solar-led-streetlight-12v-40ah-photovoltaic-lithium-iron-phosphate-battery-deep-cycle-rechargeable-lithium-ion-batteries-pack\/","title":{"rendered":"Solar LED Streetlight 12V 40Ah Photovoltaic Lithium Iron Phosphate Battery Deep Cycle Rechargeable Lithium Ion Batteries Pack"},"content":{"rendered":"<p>Il s'agit d'une batterie LiFePO4 \u00e0 l'\u00e9tat semi-solide produite par Liyue battery en Chine. Elle se caract\u00e9rise par une grande s\u00e9curit\u00e9, une longue dur\u00e9e de vie et des performances stables pour des applications multi-sc\u00e9narios.<br \/>\nLa batterie a une tension nominale de 12,8V et une capacit\u00e9 nominale de 40Ah, avec une puissance maximale de 512W. Elle supporte un courant de charge\/d\u00e9charge de 40A et une protection contre les surintensit\u00e9s de 90A. \u00c9quip\u00e9e d'un BMS int\u00e9gr\u00e9, elle offre une protection compl\u00e8te contre les surcharges, les surd\u00e9charges, les surintensit\u00e9s et les courts-circuits.<br \/>\nElle offre une dur\u00e9e de vie de 3000 cycles, un taux d'autod\u00e9charge de &lt;3% par mois, et peut fonctionner de mani\u00e8re fiable dans une large plage de temp\u00e9rature allant de -20\u2103 \u00e0 60\u2103. Avec des bornes de cl\u00f4ture, des dimensions compactes de 30019080mm et un poids l\u00e9ger de 6kg, il est facile \u00e0 installer et \u00e0 utiliser.<br \/>\nLes OEM et ODM sont accept\u00e9s. Cette batterie 12V \u00e0 d\u00e9charge profonde est largement utilis\u00e9e dans les syst\u00e8mes de stockage d'\u00e9nergie solaire, les v\u00e9los\/scooters \u00e9lectriques, les sous-marins, les syst\u00e8mes d'alimentation \u00e9lectrique, les fauteuils roulants \u00e9lectriques, les feux de circulation, les lampadaires solaires et les portes automatiques.<\/p>","protected":false},"excerpt":{"rendered":"<p>Batterie LiFePO4 pour sauvegarde UPS, Batterie LiFePO4 pour chariot \u00e9l\u00e9vateur \u00e9lectrique, Batterie LiFePO4 pour moto \u00e9lectrique, Batterie LiFePO4 basse temp\u00e9rature -20\u2103<\/p>","protected":false},"featured_media":1104,"template":"","meta":{"_gspb_post_css":""},"product_brand":[],"product_cat":[494],"product_tag":[468,469,467,470],"class_list":{"0":"post-549","1":"product","2":"type-product","3":"status-publish","4":"has-post-thumbnail","6":"product_cat-12v-lifepo4-battery","7":"product_tag-lifepo4-battery-pack-for-electric-forklift","8":"product_tag-lifepo4-battery-pack-for-electric-motorcycle","9":"product_tag-lifepo4-battery-pack-for-ups-backup","10":"product_tag-low-temperature-lifepo4-battery-pack-20","12":"first","13":"instock","14":"featured","15":"shipping-taxable","16":"product-type-simple"},"_links":{"self":[{"href":"https:\/\/coresparkbattery.com\/fr\/wp-json\/wp\/v2\/product\/549","targetHints":{"allow":["GET"]}}],"collection":[{"href":"https:\/\/coresparkbattery.com\/fr\/wp-json\/wp\/v2\/product"}],"about":[{"href":"https:\/\/coresparkbattery.com\/fr\/wp-json\/wp\/v2\/types\/product"}],"wp:featuredmedia":[{"embeddable":true,"href":"https:\/\/coresparkbattery.com\/fr\/wp-json\/wp\/v2\/media\/1104"}],"wp:attachment":[{"href":"https:\/\/coresparkbattery.com\/fr\/wp-json\/wp\/v2\/media?parent=549"}],"wp:term":[{"taxonomy":"product_brand","embeddable":true,"href":"https:\/\/coresparkbattery.com\/fr\/wp-json\/wp\/v2\/product_brand?post=549"},{"taxonomy":"product_cat","embeddable":true,"href":"https:\/\/coresparkbattery.com\/fr\/wp-json\/wp\/v2\/product_cat?post=549"},{"taxonomy":"product_tag","embeddable":true,"href":"https:\/\/coresparkbattery.com\/fr\/wp-json\/wp\/v2\/product_tag?post=549"}],"curies":[{"name":"wp","href":"https:\/\/api.w.org\/{rel}","templated":true}]}}