{"id":548,"date":"2026-04-28T08:15:43","date_gmt":"2026-04-28T08:15:43","guid":{"rendered":"https:\/\/coresparkbattery.com\/custom-48v-72v-80v-96v-forklift-lithium-ion-battery-pack-industrial-electric-forklift-lifepo4-battery-for-warehouse\/"},"modified":"2026-04-28T11:52:19","modified_gmt":"2026-04-28T11:52:19","slug":"custom-48v-72v-80v-96v-forklift-lithium-ion-battery-pack-industrial-electric-forklift-lifepo4-battery-for-warehouse","status":"publish","type":"product","link":"https:\/\/coresparkbattery.com\/fr\/custom-48v-72v-80v-96v-forklift-lithium-ion-battery-pack-industrial-electric-forklift-lifepo4-battery-for-warehouse\/","title":{"rendered":"Batterie Lithium Ion pour chariot \u00e9l\u00e9vateur 48V 72V 80V 96V Batterie LiFePO4 pour chariot \u00e9l\u00e9vateur \u00e9lectrique industriel pour entrep\u00f4t"},"content":{"rendered":"<p>Il s'agit d'une batterie au lithium LFP de type liquide fabriqu\u00e9e par Liyue en Chine. Il se caract\u00e9rise par des performances stables, une longue dur\u00e9e de vie et une forte adaptabilit\u00e9 aux applications lourdes.<br \/>\nLa batterie offre une tension nominale de 48V, 72V, 80V, 96V et une capacit\u00e9 de 400Ah, avec une puissance maximale de 32000W. Elle supporte un courant de charge de 200A, un courant de d\u00e9charge continu de 300A et une protection contre les surintensit\u00e9s de 600A. Les performances maximales sont soutenues par un connecteur haute puissance Rema 320A.<br \/>\nElle offre 3500 cycles de charge-d\u00e9charge, un taux d'autod\u00e9charge de &lt;2% par mois, et une protection IP66 contre l&#039;eau et la poussi\u00e8re. La batterie peut fonctionner de mani\u00e8re fiable dans une large gamme de temp\u00e9ratures allant de -20\u2103 \u00e0 60\u2103.<br \/>\nAvec des dimensions de 1008\u00d7701\u00d7416 mm et un poids de 360 kg, cette batterie est id\u00e9ale pour les bateaux, les voiturettes de golf, les syst\u00e8mes d'alimentation \u00e9lectrique, les chariots \u00e9l\u00e9vateurs \u00e9lectriques, les sous-marins, les v\u00e9hicules \u00e9lectriques, les v\u00e9los et les scooters \u00e9lectriques.<\/p>","protected":false},"excerpt":{"rendered":"<p>Batterie LiFePO4 intelligente avec APP, batterie LiFePO4 garantie 5 ans, batterie LiFePO4 pour scooter \u00e9lectrique, batterie LiFePO4 pour avion \u00e9lectrique<\/p>","protected":false},"featured_media":1099,"template":"","meta":{"_gspb_post_css":""},"product_brand":[],"product_cat":[491],"product_tag":[464,466,465,463],"class_list":{"0":"post-548","1":"product","2":"type-product","3":"status-publish","4":"has-post-thumbnail","6":"product_cat-forklift-battery-pack","7":"product_tag-5-years-warranty-lifepo4-battery","8":"product_tag-lifepo4-battery-pack-for-electric-plane","9":"product_tag-lifepo4-battery-pack-for-electric-scooter","10":"product_tag-smart-lifepo4-battery-pack-with-app","12":"first","13":"instock","14":"featured","15":"shipping-taxable","16":"product-type-simple"},"_links":{"self":[{"href":"https:\/\/coresparkbattery.com\/fr\/wp-json\/wp\/v2\/product\/548","targetHints":{"allow":["GET"]}}],"collection":[{"href":"https:\/\/coresparkbattery.com\/fr\/wp-json\/wp\/v2\/product"}],"about":[{"href":"https:\/\/coresparkbattery.com\/fr\/wp-json\/wp\/v2\/types\/product"}],"wp:featuredmedia":[{"embeddable":true,"href":"https:\/\/coresparkbattery.com\/fr\/wp-json\/wp\/v2\/media\/1099"}],"wp:attachment":[{"href":"https:\/\/coresparkbattery.com\/fr\/wp-json\/wp\/v2\/media?parent=548"}],"wp:term":[{"taxonomy":"product_brand","embeddable":true,"href":"https:\/\/coresparkbattery.com\/fr\/wp-json\/wp\/v2\/product_brand?post=548"},{"taxonomy":"product_cat","embeddable":true,"href":"https:\/\/coresparkbattery.com\/fr\/wp-json\/wp\/v2\/product_cat?post=548"},{"taxonomy":"product_tag","embeddable":true,"href":"https:\/\/coresparkbattery.com\/fr\/wp-json\/wp\/v2\/product_tag?post=548"}],"curies":[{"name":"wp","href":"https:\/\/api.w.org\/{rel}","templated":true}]}}