{"id":546,"date":"2026-04-28T08:15:43","date_gmt":"2026-04-28T08:15:43","guid":{"rendered":"https:\/\/coresparkbattery.com\/lfp-battery-48v-60v-72v-85ah-100ah-640ah-lifepo4-battery-for-golf-cart-forklift\/"},"modified":"2026-04-28T11:49:01","modified_gmt":"2026-04-28T11:49:01","slug":"lfp-battery-48v-60v-72v-85ah-100ah-640ah-lifepo4-battery-for-golf-cart-forklift","status":"publish","type":"product","link":"https:\/\/coresparkbattery.com\/fr\/lfp-battery-48v-60v-72v-85ah-100ah-640ah-lifepo4-battery-for-golf-cart-forklift\/","title":{"rendered":"Lfp Battery 48V 60V 72V 85Ah 100Ah 640Ah LiFePO4 Battery for Golf Cart Forklift"},"content":{"rendered":"<p>Il s'agit d'un bloc-batterie au lithium LiFePO4 aliment\u00e9 par la technologie avanc\u00e9e du phosphate de fer lithi\u00e9, dot\u00e9 d'une tension nominale de 48V et d'une capacit\u00e9 \u00e9nerg\u00e9tique de 2016Wh. Il prend en charge jusqu'\u00e0 42 cellules et offre une longue dur\u00e9e de vie de 4000 cycles, garantissant des performances stables et durables.<br \/>\nLa batterie fonctionne de mani\u00e8re fiable dans une large plage de temp\u00e9rature allant de -20\u2103 \u00e0 60\u2103, avec une finition argent\u00e9e et des dimensions compactes de 380290175mm, ne pesant que 20kg. Elle est fabriqu\u00e9e \u00e0 Shandong, en Chine, sous la marque Sirui (Jinan) Technology.<br \/>\nLa personnalisation OEM et ODM est enti\u00e8rement prise en charge. Cette batterie est largement utilis\u00e9e dans les bateaux, les voiturettes de golf, les sous-marins, les v\u00e9los\/scooters \u00e9lectriques, les v\u00e9hicules \u00e9lectriques, les fauteuils roulants \u00e9lectriques et les chariots \u00e9l\u00e9vateurs \u00e9lectriques.<\/p>","protected":false},"excerpt":{"rendered":"<p>Batterie LiFePO4 haute capacit\u00e9 500Ah, Bulk order LiFePO4 battery pack, LiFePO4 battery pack pour tricycle \u00e9lectrique, LiFePO4 battery pack pour train \u00e9lectrique<\/p>","protected":false},"featured_media":1089,"template":"","meta":{"_gspb_post_css":""},"product_brand":[],"product_cat":[489,488,491,15],"product_tag":[456,455,458,457],"class_list":{"0":"post-546","1":"product","2":"type-product","3":"status-publish","4":"has-post-thumbnail","6":"product_cat-48v-golf-cart-battery","7":"product_cat-76-8v-golf-cart-battery","8":"product_cat-forklift-battery-pack","9":"product_cat-golf-cart-battery","10":"product_tag-bulk-order-lifepo4-battery-pack","11":"product_tag-high-capacity-500ah-lifepo4-battery","12":"product_tag-lifepo4-battery-pack-for-electric-train","13":"product_tag-lifepo4-battery-pack-for-electric-tricycle","15":"first","16":"instock","17":"featured","18":"shipping-taxable","19":"product-type-simple"},"_links":{"self":[{"href":"https:\/\/coresparkbattery.com\/fr\/wp-json\/wp\/v2\/product\/546","targetHints":{"allow":["GET"]}}],"collection":[{"href":"https:\/\/coresparkbattery.com\/fr\/wp-json\/wp\/v2\/product"}],"about":[{"href":"https:\/\/coresparkbattery.com\/fr\/wp-json\/wp\/v2\/types\/product"}],"wp:featuredmedia":[{"embeddable":true,"href":"https:\/\/coresparkbattery.com\/fr\/wp-json\/wp\/v2\/media\/1089"}],"wp:attachment":[{"href":"https:\/\/coresparkbattery.com\/fr\/wp-json\/wp\/v2\/media?parent=546"}],"wp:term":[{"taxonomy":"product_brand","embeddable":true,"href":"https:\/\/coresparkbattery.com\/fr\/wp-json\/wp\/v2\/product_brand?post=546"},{"taxonomy":"product_cat","embeddable":true,"href":"https:\/\/coresparkbattery.com\/fr\/wp-json\/wp\/v2\/product_cat?post=546"},{"taxonomy":"product_tag","embeddable":true,"href":"https:\/\/coresparkbattery.com\/fr\/wp-json\/wp\/v2\/product_tag?post=546"}],"curies":[{"name":"wp","href":"https:\/\/api.w.org\/{rel}","templated":true}]}}