{"id":545,"date":"2026-04-28T08:15:43","date_gmt":"2026-04-28T08:15:43","guid":{"rendered":"https:\/\/coresparkbattery.com\/professional-electric-forklift-lithium-battery-supplier-customized-lifepo4-24v-36v-48v-60v-72v-80v-lithium-ion-battery-for-sale\/"},"modified":"2026-04-28T11:48:05","modified_gmt":"2026-04-28T11:48:05","slug":"professional-electric-forklift-lithium-battery-supplier-customized-lifepo4-24v-36v-48v-60v-72v-80v-lithium-ion-battery-for-sale","status":"publish","type":"product","link":"https:\/\/coresparkbattery.com\/fr\/professional-electric-forklift-lithium-battery-supplier-customized-lifepo4-24v-36v-48v-60v-72v-80v-lithium-ion-battery-for-sale\/","title":{"rendered":"Fournisseur professionnel de batteries au lithium pour chariots \u00e9l\u00e9vateurs \u00e9lectriques Batterie au lithium ion 24v 36v 48V 60V 72v 80v personnalis\u00e9e pour la vente"},"content":{"rendered":"<p>Nos batteries au lithium pour chariots \u00e9l\u00e9vateurs se caract\u00e9risent par un rendement \u00e9lev\u00e9, une longue dur\u00e9e de vie, un fonctionnement sans entretien, un respect de l'environnement et d'excellentes performances en mati\u00e8re de s\u00e9curit\u00e9. Con\u00e7ues pour remplacer directement les batteries plomb-acide traditionnelles, elles sont devenues la solution \u00e9nerg\u00e9tique pr\u00e9f\u00e9r\u00e9e des industries modernes de la logistique et de l'entreposage.<\/p>","protected":false},"excerpt":{"rendered":"<p>Batterie LiFePO4 pour temp\u00e9ratures extr\u00eames, fabricant de batteries LiFePO4 de Guangdong, batterie LiFePO4 pour voiture touristique, batterie LiFePO4 pour camion \u00e9lectrique<\/p>","protected":false},"featured_media":1084,"template":"","meta":{"_gspb_post_css":""},"product_brand":[],"product_cat":[491],"product_tag":[452,454,451,453],"class_list":{"0":"post-545","1":"product","2":"type-product","3":"status-publish","4":"has-post-thumbnail","6":"product_cat-forklift-battery-pack","7":"product_tag-guangdong-lifepo4-battery-manufacturer","8":"product_tag-lifepo4-battery-pack-for-electric-truck","9":"product_tag-lifepo4-battery-pack-for-extreme-temperature","10":"product_tag-lifepo4-battery-pack-for-sightseeing-car","12":"first","13":"instock","14":"featured","15":"shipping-taxable","16":"product-type-simple"},"_links":{"self":[{"href":"https:\/\/coresparkbattery.com\/fr\/wp-json\/wp\/v2\/product\/545","targetHints":{"allow":["GET"]}}],"collection":[{"href":"https:\/\/coresparkbattery.com\/fr\/wp-json\/wp\/v2\/product"}],"about":[{"href":"https:\/\/coresparkbattery.com\/fr\/wp-json\/wp\/v2\/types\/product"}],"wp:featuredmedia":[{"embeddable":true,"href":"https:\/\/coresparkbattery.com\/fr\/wp-json\/wp\/v2\/media\/1084"}],"wp:attachment":[{"href":"https:\/\/coresparkbattery.com\/fr\/wp-json\/wp\/v2\/media?parent=545"}],"wp:term":[{"taxonomy":"product_brand","embeddable":true,"href":"https:\/\/coresparkbattery.com\/fr\/wp-json\/wp\/v2\/product_brand?post=545"},{"taxonomy":"product_cat","embeddable":true,"href":"https:\/\/coresparkbattery.com\/fr\/wp-json\/wp\/v2\/product_cat?post=545"},{"taxonomy":"product_tag","embeddable":true,"href":"https:\/\/coresparkbattery.com\/fr\/wp-json\/wp\/v2\/product_tag?post=545"}],"curies":[{"name":"wp","href":"https:\/\/api.w.org\/{rel}","templated":true}]}}