{"id":544,"date":"2026-04-28T08:15:43","date_gmt":"2026-04-28T08:15:43","guid":{"rendered":"https:\/\/coresparkbattery.com\/48v-60v-72v-80v-volt-400ah-600ah-800ah-rechargeable-electric-charger-lithium-ion-prices-forklift-battery-batteries-for-forklift\/"},"modified":"2026-04-28T11:46:45","modified_gmt":"2026-04-28T11:46:45","slug":"48v-60v-72v-80v-volt-400ah-600ah-800ah-rechargeable-electric-charger-lithium-ion-prices-forklift-battery-batteries-for-forklift","status":"publish","type":"product","link":"https:\/\/coresparkbattery.com\/fr\/48v-60v-72v-80v-volt-400ah-600ah-800ah-rechargeable-electric-charger-lithium-ion-prices-forklift-battery-batteries-for-forklift\/","title":{"rendered":"48v 60v 72v 80v Volt 400ah 600ah 800ah Chargeur \u00e9lectrique rechargeable Prix Lithium Ion Batterie pour chariot \u00e9l\u00e9vateur Batteries pour chariot \u00e9l\u00e9vateur"},"content":{"rendered":"<p>Tension nominale : 51,2 V<br \/>\nCapacit\u00e9 nominale : 100Ah<br \/>\n\u00c9nergie nominale : 5120Wh<br \/>\nR\u00e9sistance interne : \u226420m\u03a9<br \/>\nTension de coupure de la d\u00e9charge : 43,2 V<br \/>\nTension de coupure de la charge : 57,6V\u00b10,2V<br \/>\nCourant de charge standard : 50A (recommand\u00e9 pour une dur\u00e9e de vie plus longue)<br \/>\nCourant de charge continu maximal : 100 A<br \/>\nCourant de d\u00e9charge standard : 50A<br \/>\nCourant de d\u00e9charge continu maximal : 100A<br \/>\nDur\u00e9e de vie : \u22654000 cycles<br \/>\nMat\u00e9riau d'emballage : Bo\u00eetier m\u00e9tallique, RAL7024, IP67<br \/>\nPoids : 43\u00b10.2Kg<br \/>\nTaille : (580\u00b12) * (420\u00b12) * (160\u00b12) mm<br \/>\nFil d'alimentation : Bornes du bloc-batterie - M6<br \/>\nConnecteur d'alimentation et de communication : WS16K3Z<br \/>\nFonctions de protection : Protection contre les surcharges, protection contre les d\u00e9charges excessives, \u00e9galisation des cellules, protection contre les courts-circuits<br \/>\nTemp\u00e9rature de travail :<br \/>\nDans les 3 mois : -20\u2103 ~ +45\u2103<br \/>\nDans les 6 mois : -10\u2103 ~ +35\u2103<br \/>\nCaract\u00e9ristiques suppl\u00e9mentaires : Interrupteur d'alimentation, communication CAN, RS485<\/p>","protected":false},"excerpt":{"rendered":"<p>Batterie LiFePO4 \u00e9tanche IP67, batterie LiFePO4 fabriqu\u00e9e en Chine, batterie LiFePO4 pour voiturette \u00e9lectrique, batterie LiFePO4 pour bus \u00e9lectrique<\/p>","protected":false},"featured_media":1079,"template":"","meta":{"_gspb_post_css":""},"product_brand":[],"product_cat":[491],"product_tag":[448,447,450,449],"class_list":{"0":"post-544","1":"product","2":"type-product","3":"status-publish","4":"has-post-thumbnail","6":"product_cat-forklift-battery-pack","7":"product_tag-china-made-lifepo4-battery-pack","8":"product_tag-ip67-waterproof-lifepo4-battery-pack","9":"product_tag-lifepo4-battery-pack-for-electric-bus","10":"product_tag-lifepo4-battery-pack-for-electric-cart","12":"first","13":"instock","14":"featured","15":"shipping-taxable","16":"product-type-simple"},"_links":{"self":[{"href":"https:\/\/coresparkbattery.com\/fr\/wp-json\/wp\/v2\/product\/544","targetHints":{"allow":["GET"]}}],"collection":[{"href":"https:\/\/coresparkbattery.com\/fr\/wp-json\/wp\/v2\/product"}],"about":[{"href":"https:\/\/coresparkbattery.com\/fr\/wp-json\/wp\/v2\/types\/product"}],"wp:featuredmedia":[{"embeddable":true,"href":"https:\/\/coresparkbattery.com\/fr\/wp-json\/wp\/v2\/media\/1079"}],"wp:attachment":[{"href":"https:\/\/coresparkbattery.com\/fr\/wp-json\/wp\/v2\/media?parent=544"}],"wp:term":[{"taxonomy":"product_brand","embeddable":true,"href":"https:\/\/coresparkbattery.com\/fr\/wp-json\/wp\/v2\/product_brand?post=544"},{"taxonomy":"product_cat","embeddable":true,"href":"https:\/\/coresparkbattery.com\/fr\/wp-json\/wp\/v2\/product_cat?post=544"},{"taxonomy":"product_tag","embeddable":true,"href":"https:\/\/coresparkbattery.com\/fr\/wp-json\/wp\/v2\/product_tag?post=544"}],"curies":[{"name":"wp","href":"https:\/\/api.w.org\/{rel}","templated":true}]}}