{"id":543,"date":"2026-04-28T08:15:43","date_gmt":"2026-04-28T08:15:43","guid":{"rendered":"https:\/\/coresparkbattery.com\/60v-400ah-electric-forklift-lithium-battery-faster-charging-zero-maintenance-perfect-for-walkie-stackers-and-forklifts-for-sale\/"},"modified":"2026-04-28T11:45:27","modified_gmt":"2026-04-28T11:45:27","slug":"60v-400ah-electric-forklift-lithium-battery-faster-charging-zero-maintenance-perfect-for-walkie-stackers-and-forklifts-for-sale","status":"publish","type":"product","link":"https:\/\/coresparkbattery.com\/fr\/60v-400ah-electric-forklift-lithium-battery-faster-charging-zero-maintenance-perfect-for-walkie-stackers-and-forklifts-for-sale\/","title":{"rendered":"60V 400Ah Electric Forklift Lithium Battery Faster Charging zero Maintenance Perfect for Walkie Stackers and Forklifts for Sale"},"content":{"rendered":"<p>Nos batteries au lithium pour chariots \u00e9l\u00e9vateurs ont un rendement \u00e9lev\u00e9, une longue dur\u00e9e de vie, un fonctionnement sans entretien, sont respectueuses de l'environnement et s\u00fbres. Elles sont con\u00e7ues pour remplacer les batteries plomb-acide traditionnelles et deviennent la solution \u00e9nerg\u00e9tique pr\u00e9f\u00e9r\u00e9e des industries modernes de la logistique et de l'entreposage.<\/p>","protected":false},"excerpt":{"rendered":"<p>Batterie LiFePO4 avec \u00e9quilibrage actif, usine de batteries LiFePO4 certifi\u00e9e ISO, batterie LiFePO4 pour machine de nettoyage, batterie LiFePO4 pour voiture \u00e9lectrique<\/p>","protected":false},"featured_media":1074,"template":"","meta":{"_gspb_post_css":""},"product_brand":[],"product_cat":[491],"product_tag":[444,445,446,443],"class_list":{"0":"post-543","1":"product","2":"type-product","3":"status-publish","4":"has-post-thumbnail","6":"product_cat-forklift-battery-pack","7":"product_tag-iso-certified-lifepo4-battery-factory","8":"product_tag-lifepo4-battery-pack-for-cleaning-machine","9":"product_tag-lifepo4-battery-pack-for-electric-car","10":"product_tag-lifepo4-battery-pack-with-active-balancing","12":"first","13":"instock","14":"featured","15":"shipping-taxable","16":"product-type-simple"},"_links":{"self":[{"href":"https:\/\/coresparkbattery.com\/fr\/wp-json\/wp\/v2\/product\/543","targetHints":{"allow":["GET"]}}],"collection":[{"href":"https:\/\/coresparkbattery.com\/fr\/wp-json\/wp\/v2\/product"}],"about":[{"href":"https:\/\/coresparkbattery.com\/fr\/wp-json\/wp\/v2\/types\/product"}],"wp:featuredmedia":[{"embeddable":true,"href":"https:\/\/coresparkbattery.com\/fr\/wp-json\/wp\/v2\/media\/1074"}],"wp:attachment":[{"href":"https:\/\/coresparkbattery.com\/fr\/wp-json\/wp\/v2\/media?parent=543"}],"wp:term":[{"taxonomy":"product_brand","embeddable":true,"href":"https:\/\/coresparkbattery.com\/fr\/wp-json\/wp\/v2\/product_brand?post=543"},{"taxonomy":"product_cat","embeddable":true,"href":"https:\/\/coresparkbattery.com\/fr\/wp-json\/wp\/v2\/product_cat?post=543"},{"taxonomy":"product_tag","embeddable":true,"href":"https:\/\/coresparkbattery.com\/fr\/wp-json\/wp\/v2\/product_tag?post=543"}],"curies":[{"name":"wp","href":"https:\/\/api.w.org\/{rel}","templated":true}]}}