{"id":541,"date":"2026-04-28T08:15:43","date_gmt":"2026-04-28T08:15:43","guid":{"rendered":"https:\/\/coresparkbattery.com\/forklift-lithium-battery-36v-48v-60v-80v-400ah-600ah-high-capacity-lifepo4-electric-forklift-batteries-for-forklift-applications\/"},"modified":"2026-04-28T11:43:02","modified_gmt":"2026-04-28T11:43:02","slug":"forklift-lithium-battery-36v-48v-60v-80v-400ah-600ah-high-capacity-lifepo4-electric-forklift-batteries-for-forklift-applications","status":"publish","type":"product","link":"https:\/\/coresparkbattery.com\/fr\/forklift-lithium-battery-36v-48v-60v-80v-400ah-600ah-high-capacity-lifepo4-electric-forklift-batteries-for-forklift-applications\/","title":{"rendered":"Batterie au lithium pour chariot \u00e9l\u00e9vateur 36v 48v 60v 80v 400ah 600ah Batterie \u00e9lectrique LifePO4 haute capacit\u00e9 pour chariot \u00e9l\u00e9vateur"},"content":{"rendered":"<p>Longue dur\u00e9e de vie Con\u00e7ue pour d\u00e9passer 4 000 cycles de charge tout en conservant des performances stables et fiables.<br \/>\nChargement rapide Recharge rapidement sans effet de m\u00e9moire, ce qui permet \u00e0 votre \u00e9quipement de fonctionner avec moins de temps d'arr\u00eat.<br \/>\nEntretien - Gratuit Aucun arrosage ni inspection n'est n\u00e9cessaire, ce qui r\u00e9duit le temps de travail et am\u00e9liore la disponibilit\u00e9 de l'\u00e9quipement.<br \/>\nR\u00e9duction des co\u00fbts R\u00e9duisez les co\u00fbts de propri\u00e9t\u00e9 jusqu'\u00e0 70% en cinq ans gr\u00e2ce \u00e0 une utilisation efficace de l'\u00e9nergie et \u00e0 une longue dur\u00e9e de vie.<br \/>\nGarantie \u00e9tendue La garantie de 8 ans et l'assistance mondiale compl\u00e8te garantissent une confiance \u00e0 long terme.<br \/>\nR\u00e9sistant \u00e0 la temp\u00e9rature Fonctionne efficacement par forte chaleur ou par froid glacial, id\u00e9al pour les environnements int\u00e9rieurs et ext\u00e9rieurs.<br \/>\nSurveillance intelligente Prend en charge le suivi en temps r\u00e9el et les diagnostics \u00e0 distance pour simplifier la gestion de la batterie.<br \/>\nRespectueux de l'environnement Construit avec des caract\u00e9ristiques de s\u00e9curit\u00e9 et un design respectueux de l'environnement pour aider \u00e0 r\u00e9duire votre empreinte carbone.<\/p>","protected":false},"excerpt":{"rendered":"<p>Batterie LiFePO4 48V pour syst\u00e8me solaire, batterie LiFePO4 list\u00e9e UL, batterie LiFePO4 avec surveillance Bluetooth, batterie LiFePO4 12V 200Ah \u00e0 cycle profond<\/p>","protected":false},"featured_media":1064,"template":"","meta":{"_gspb_post_css":""},"product_brand":[],"product_cat":[491],"product_tag":[438,435,437,436],"class_list":{"0":"post-541","1":"product","2":"type-product","3":"status-publish","4":"has-post-thumbnail","6":"product_cat-forklift-battery-pack","7":"product_tag-12v-200ah-deep-cycle-lifepo4-battery","8":"product_tag-48v-lifepo4-battery-for-solar-system","9":"product_tag-lifepo4-battery-pack-with-bluetooth-monitoring","10":"product_tag-ul-listed-lifepo4-battery-pack","12":"first","13":"instock","14":"featured","15":"shipping-taxable","16":"product-type-simple"},"_links":{"self":[{"href":"https:\/\/coresparkbattery.com\/fr\/wp-json\/wp\/v2\/product\/541","targetHints":{"allow":["GET"]}}],"collection":[{"href":"https:\/\/coresparkbattery.com\/fr\/wp-json\/wp\/v2\/product"}],"about":[{"href":"https:\/\/coresparkbattery.com\/fr\/wp-json\/wp\/v2\/types\/product"}],"wp:featuredmedia":[{"embeddable":true,"href":"https:\/\/coresparkbattery.com\/fr\/wp-json\/wp\/v2\/media\/1064"}],"wp:attachment":[{"href":"https:\/\/coresparkbattery.com\/fr\/wp-json\/wp\/v2\/media?parent=541"}],"wp:term":[{"taxonomy":"product_brand","embeddable":true,"href":"https:\/\/coresparkbattery.com\/fr\/wp-json\/wp\/v2\/product_brand?post=541"},{"taxonomy":"product_cat","embeddable":true,"href":"https:\/\/coresparkbattery.com\/fr\/wp-json\/wp\/v2\/product_cat?post=541"},{"taxonomy":"product_tag","embeddable":true,"href":"https:\/\/coresparkbattery.com\/fr\/wp-json\/wp\/v2\/product_tag?post=541"}],"curies":[{"name":"wp","href":"https:\/\/api.w.org\/{rel}","templated":true}]}}