{"id":539,"date":"2026-04-28T08:15:43","date_gmt":"2026-04-28T08:15:43","guid":{"rendered":"https:\/\/coresparkbattery.com\/customized-48v-460ah-electric-forklift-lithium-ion-battery-high-capacity-rechargeable-lifepo4-battery-pack\/"},"modified":"2026-04-28T11:38:11","modified_gmt":"2026-04-28T11:38:11","slug":"customized-48v-460ah-electric-forklift-lithium-ion-battery-high-capacity-rechargeable-lifepo4-battery-pack","status":"publish","type":"product","link":"https:\/\/coresparkbattery.com\/fr\/customized-48v-460ah-electric-forklift-lithium-ion-battery-high-capacity-rechargeable-lifepo4-battery-pack\/","title":{"rendered":"Batterie lithium-ion haute capacit\u00e9 rechargeable LiFePO4 pour chariot \u00e9l\u00e9vateur \u00e9lectrique 48V 460Ah, sur mesure"},"content":{"rendered":"<p>Il s'agit d'une batterie au lithium LiFePO4 personnalis\u00e9e, con\u00e7ue avec une configuration flexible pour r\u00e9pondre \u00e0 divers besoins d'application. Il offre deux options de tension nominale : 51,2V et 48V, avec une capacit\u00e9 nominale fixe de 460Ah et une configuration de cellules 16S2P, garantissant une puissance de sortie stable et fiable.<br \/>\nLa batterie prend en charge une tension de charge de 58,4 V et un courant de charge de 200 A, ce qui permet une charge efficace. Pour la d\u00e9charge, la tension de d\u00e9charge est de 51,2 V et le courant de d\u00e9charge est compris entre 300 et 500 A, ce qui permet de r\u00e9pondre \u00e0 des sc\u00e9narios de demande de puissance \u00e9lev\u00e9e.<br \/>\nNous acceptons pleinement les services OEM\/ODM, ce qui permet une personnalisation en fonction des exigences sp\u00e9cifiques des clients en mati\u00e8re de param\u00e8tres, d'apparence et de fonctions. Le produit est assorti d'une garantie de deux ans, offrant aux clients une assurance de qualit\u00e9 et un service apr\u00e8s-vente sans souci.<\/p>","protected":false},"excerpt":{"rendered":"<p>Batterie LiFePO4 24V 200Ah, Batterie LiFePO4 pour voiturette de golf, Batterie LiFePO4 longue dur\u00e9e 5000 cycles, Batterie LiFePO4 remplacement plomb-acide<\/p>","protected":false},"featured_media":1056,"template":"","meta":{"_gspb_post_css":""},"product_brand":[],"product_cat":[491],"product_tag":[421,429,431,430],"class_list":{"0":"post-539","1":"product","2":"type-product","3":"status-publish","4":"has-post-thumbnail","6":"product_cat-forklift-battery-pack","7":"product_tag-24v-200ah-lifepo4-battery-pack","8":"product_tag-lifepo4-battery-pack-for-golf-cart","9":"product_tag-lifepo4-battery-pack-replacement-for-lead-acid","10":"product_tag-long-cycle-life-lifepo4-battery-5000-cycles","12":"first","13":"instock","14":"featured","15":"shipping-taxable","16":"product-type-simple"},"_links":{"self":[{"href":"https:\/\/coresparkbattery.com\/fr\/wp-json\/wp\/v2\/product\/539","targetHints":{"allow":["GET"]}}],"collection":[{"href":"https:\/\/coresparkbattery.com\/fr\/wp-json\/wp\/v2\/product"}],"about":[{"href":"https:\/\/coresparkbattery.com\/fr\/wp-json\/wp\/v2\/types\/product"}],"wp:featuredmedia":[{"embeddable":true,"href":"https:\/\/coresparkbattery.com\/fr\/wp-json\/wp\/v2\/media\/1056"}],"wp:attachment":[{"href":"https:\/\/coresparkbattery.com\/fr\/wp-json\/wp\/v2\/media?parent=539"}],"wp:term":[{"taxonomy":"product_brand","embeddable":true,"href":"https:\/\/coresparkbattery.com\/fr\/wp-json\/wp\/v2\/product_brand?post=539"},{"taxonomy":"product_cat","embeddable":true,"href":"https:\/\/coresparkbattery.com\/fr\/wp-json\/wp\/v2\/product_cat?post=539"},{"taxonomy":"product_tag","embeddable":true,"href":"https:\/\/coresparkbattery.com\/fr\/wp-json\/wp\/v2\/product_tag?post=539"}],"curies":[{"name":"wp","href":"https:\/\/api.w.org\/{rel}","templated":true}]}}