{"id":538,"date":"2026-04-28T08:15:43","date_gmt":"2026-04-28T08:15:43","guid":{"rendered":"https:\/\/coresparkbattery.com\/lifepo4-48v-300ah-400ah-600ah-energy-storage-battery-300ah-400ah-600ah-heating-for-home-solar-energy-storage\/"},"modified":"2026-04-28T11:37:20","modified_gmt":"2026-04-28T11:37:20","slug":"lifepo4-48v-300ah-400ah-600ah-energy-storage-battery-300ah-400ah-600ah-heating-for-home-solar-energy-storage","status":"publish","type":"product","link":"https:\/\/coresparkbattery.com\/fr\/lifepo4-48v-300ah-400ah-600ah-energy-storage-battery-300ah-400ah-600ah-heating-for-home-solar-energy-storage\/","title":{"rendered":"LiFePo4 48v 300ah 400ah 600ah Batterie de stockage d'\u00e9nergie 300ah 400ah 600ah Chauffage pour la maison Stockage d'\u00e9nergie solaire"},"content":{"rendered":"<p>Il s'agit d'une batterie LiFePO4 de 48V avec un poids de 50kg, disponible en capacit\u00e9s de 300Ah, 400Ah et 600Ah.<br \/>\nIl adopte un mat\u00e9riau de cathode LiFePO4 de haute qualit\u00e9 et utilise des cellules haut de gamme de EVE, Gotion, LG et DJ.<br \/>\nAvec une dur\u00e9e de vie de plus de 6000 cycles, il supporte un courant de charge recommand\u00e9 de 300A et un courant de d\u00e9charge recommand\u00e9 de 300A.<br \/>\nIl se caract\u00e9rise par une large plage de temp\u00e9rature de fonctionnement : 0~60\u2103 pour la charge et -20~60\u2103 pour la d\u00e9charge.<br \/>\nFabriqu\u00e9 \u00e0 Guangdong, en Chine, les personnalisations OEM et ODM sont accept\u00e9es.<\/p>","protected":false},"excerpt":{"rendered":"<p>Batterie LiFePO4 12V 100Ah, Batterie LiFePO4 pour RV solaire, Batterie LiFePO4 \u00e0 d\u00e9charge profonde pour r\u00e9seaux \u00e9lectriques autonomes, Batterie LiFePO4 industrielle OEM<\/p>","protected":false},"featured_media":1052,"template":"","meta":{"_gspb_post_css":""},"product_brand":[],"product_cat":[494],"product_tag":[420,427,426,428],"class_list":{"0":"post-538","1":"product","2":"type-product","3":"status-publish","4":"has-post-thumbnail","6":"product_cat-12v-lifepo4-battery","7":"product_tag-12v-100ah-lifepo4-battery-pack","8":"product_tag-deep-cycle-lifepo4-battery-for-off-grid","9":"product_tag-lifepo4-battery-pack-for-rv-solar","10":"product_tag-oem-industrial-lifepo4-battery-pack","12":"first","13":"instock","14":"featured","15":"shipping-taxable","16":"product-type-simple"},"_links":{"self":[{"href":"https:\/\/coresparkbattery.com\/fr\/wp-json\/wp\/v2\/product\/538","targetHints":{"allow":["GET"]}}],"collection":[{"href":"https:\/\/coresparkbattery.com\/fr\/wp-json\/wp\/v2\/product"}],"about":[{"href":"https:\/\/coresparkbattery.com\/fr\/wp-json\/wp\/v2\/types\/product"}],"wp:featuredmedia":[{"embeddable":true,"href":"https:\/\/coresparkbattery.com\/fr\/wp-json\/wp\/v2\/media\/1052"}],"wp:attachment":[{"href":"https:\/\/coresparkbattery.com\/fr\/wp-json\/wp\/v2\/media?parent=538"}],"wp:term":[{"taxonomy":"product_brand","embeddable":true,"href":"https:\/\/coresparkbattery.com\/fr\/wp-json\/wp\/v2\/product_brand?post=538"},{"taxonomy":"product_cat","embeddable":true,"href":"https:\/\/coresparkbattery.com\/fr\/wp-json\/wp\/v2\/product_cat?post=538"},{"taxonomy":"product_tag","embeddable":true,"href":"https:\/\/coresparkbattery.com\/fr\/wp-json\/wp\/v2\/product_tag?post=538"}],"curies":[{"name":"wp","href":"https:\/\/api.w.org\/{rel}","templated":true}]}}