{"id":537,"date":"2026-04-28T08:15:43","date_gmt":"2026-04-28T08:15:43","guid":{"rendered":"https:\/\/coresparkbattery.com\/12v-12-8v-314ah-lithium-ion-lfp-battery-pack-4kwh-ship-truck-lithium-iron-phosphate-battery-rv-energy-storage-battery\/"},"modified":"2026-04-28T11:36:21","modified_gmt":"2026-04-28T11:36:21","slug":"12v-12-8v-314ah-lithium-ion-lfp-battery-pack-4kwh-ship-truck-lithium-iron-phosphate-battery-rv-energy-storage-battery","status":"publish","type":"product","link":"https:\/\/coresparkbattery.com\/fr\/12v-12-8v-314ah-lithium-ion-lfp-battery-pack-4kwh-ship-truck-lithium-iron-phosphate-battery-rv-energy-storage-battery\/","title":{"rendered":"12V 12.8V 314Ah Lithium Ion LFP Battery Pack 4KWH Ship Truck Lithium Iron Phosphate Battery RV Energy Storage Battery"},"content":{"rendered":"<p>Il s'agit d'une batterie rechargeable LiFePO4 d'une tension nominale de 12,8V et d'une capacit\u00e9 de 314Ah, d\u00e9livrant une \u00e9nergie de 4,01KWh.<br \/>\nIl a une tension de charge de 14,4 V et une tension de coupure de d\u00e9charge de 10,8 V. Il est aliment\u00e9 par des cellules LFP de qualit\u00e9 A et est \u00e9quip\u00e9 d'une protection BMS int\u00e9gr\u00e9e.<br \/>\nLes services OEM et ODM sont accept\u00e9s et le produit b\u00e9n\u00e9ficie d'une garantie de 12 mois.<\/p>","protected":false},"excerpt":{"rendered":"<p>Batterie LiFePO4 12V 100Ah, Batterie LiFePO4 72V 100Ah, Batterie LiFePO4 marine \u00e9tanche, Batterie LiFePO4 48V 200Ah en gros<\/p>","protected":false},"featured_media":1049,"template":"","meta":{"_gspb_post_css":""},"product_brand":[],"product_cat":[494,493,492],"product_tag":[420,423,424,425],"class_list":{"0":"post-537","1":"product","2":"type-product","3":"status-publish","4":"has-post-thumbnail","6":"product_cat-12v-lifepo4-battery","7":"product_cat-12v-rv-lifepo4-battery","8":"product_cat-rv-lifepo4-battery","9":"product_tag-12v-100ah-lifepo4-battery-pack","10":"product_tag-72v-100ah-lifepo4-battery-pack","11":"product_tag-waterproof-marine-lifepo4-battery-pack","12":"product_tag-wholesale-48v-200ah-lifepo4-battery","14":"first","15":"instock","16":"featured","17":"shipping-taxable","18":"product-type-simple"},"_links":{"self":[{"href":"https:\/\/coresparkbattery.com\/fr\/wp-json\/wp\/v2\/product\/537","targetHints":{"allow":["GET"]}}],"collection":[{"href":"https:\/\/coresparkbattery.com\/fr\/wp-json\/wp\/v2\/product"}],"about":[{"href":"https:\/\/coresparkbattery.com\/fr\/wp-json\/wp\/v2\/types\/product"}],"wp:featuredmedia":[{"embeddable":true,"href":"https:\/\/coresparkbattery.com\/fr\/wp-json\/wp\/v2\/media\/1049"}],"wp:attachment":[{"href":"https:\/\/coresparkbattery.com\/fr\/wp-json\/wp\/v2\/media?parent=537"}],"wp:term":[{"taxonomy":"product_brand","embeddable":true,"href":"https:\/\/coresparkbattery.com\/fr\/wp-json\/wp\/v2\/product_brand?post=537"},{"taxonomy":"product_cat","embeddable":true,"href":"https:\/\/coresparkbattery.com\/fr\/wp-json\/wp\/v2\/product_cat?post=537"},{"taxonomy":"product_tag","embeddable":true,"href":"https:\/\/coresparkbattery.com\/fr\/wp-json\/wp\/v2\/product_tag?post=537"}],"curies":[{"name":"wp","href":"https:\/\/api.w.org\/{rel}","templated":true}]}}