{"id":536,"date":"2026-04-28T08:15:42","date_gmt":"2026-04-28T08:15:42","guid":{"rendered":"https:\/\/coresparkbattery.com\/oem-lifepo4-12v-24v-36v-48v-battery-100ah-200ah-300ah-auto-rechargeable-lithium-ion-batteries\/"},"modified":"2026-04-28T11:35:11","modified_gmt":"2026-04-28T11:35:11","slug":"oem-lifepo4-12v-24v-36v-48v-battery-100ah-200ah-300ah-auto-rechargeable-lithium-ion-batteries","status":"publish","type":"product","link":"https:\/\/coresparkbattery.com\/fr\/oem-lifepo4-12v-24v-36v-48v-battery-100ah-200ah-300ah-auto-rechargeable-lithium-ion-batteries\/","title":{"rendered":"OEM Lifepo4 12v 24v 36v 48v Battery 100ah 200ah 300Ah Auto Rechargeable Lithium Ion Batteries"},"content":{"rendered":"<p>Il s'agit d'une batterie LiFePO4 12V 314Ah avec une tension nominale de 12,8V et une capacit\u00e9 de 314Ah, fournissant une \u00e9nergie de 4,01KWh.<br \/>\nElle a une tension de charge de 14,4 V et une tension de coupure de d\u00e9charge de 10,8 V, en utilisant des cellules LFP de qualit\u00e9 A et une protection BMS int\u00e9gr\u00e9e.<br \/>\nLes services OEM et ODM sont accept\u00e9s et le produit est assorti d'une garantie de 12 mois.<\/p>","protected":false},"excerpt":{"rendered":"<p>Batterie LiFePO4 12V 100Ah, Batterie LiFePO4 24V 200Ah, Batterie LiFePO4 48V 100Ah, Batterie LiFePO4 72V 100Ah<\/p>","protected":false},"featured_media":1044,"template":"","meta":{"_gspb_post_css":""},"product_brand":[],"product_cat":[494,499],"product_tag":[420,421,422,423],"class_list":{"0":"post-536","1":"product","2":"type-product","3":"status-publish","4":"has-post-thumbnail","6":"product_cat-12v-lifepo4-battery","7":"product_cat-24v-lifepo4-battery","8":"product_tag-12v-100ah-lifepo4-battery-pack","9":"product_tag-24v-200ah-lifepo4-battery-pack","10":"product_tag-48v-100ah-lifepo4-battery-pack","11":"product_tag-72v-100ah-lifepo4-battery-pack","13":"first","14":"instock","15":"featured","16":"shipping-taxable","17":"product-type-simple"},"_links":{"self":[{"href":"https:\/\/coresparkbattery.com\/fr\/wp-json\/wp\/v2\/product\/536","targetHints":{"allow":["GET"]}}],"collection":[{"href":"https:\/\/coresparkbattery.com\/fr\/wp-json\/wp\/v2\/product"}],"about":[{"href":"https:\/\/coresparkbattery.com\/fr\/wp-json\/wp\/v2\/types\/product"}],"wp:featuredmedia":[{"embeddable":true,"href":"https:\/\/coresparkbattery.com\/fr\/wp-json\/wp\/v2\/media\/1044"}],"wp:attachment":[{"href":"https:\/\/coresparkbattery.com\/fr\/wp-json\/wp\/v2\/media?parent=536"}],"wp:term":[{"taxonomy":"product_brand","embeddable":true,"href":"https:\/\/coresparkbattery.com\/fr\/wp-json\/wp\/v2\/product_brand?post=536"},{"taxonomy":"product_cat","embeddable":true,"href":"https:\/\/coresparkbattery.com\/fr\/wp-json\/wp\/v2\/product_cat?post=536"},{"taxonomy":"product_tag","embeddable":true,"href":"https:\/\/coresparkbattery.com\/fr\/wp-json\/wp\/v2\/product_tag?post=536"}],"curies":[{"name":"wp","href":"https:\/\/api.w.org\/{rel}","templated":true}]}}