{"id":535,"date":"2026-04-28T08:15:42","date_gmt":"2026-04-28T08:15:42","guid":{"rendered":"https:\/\/coresparkbattery.com\/customized-48v-72v-150ah-sla-replacement-electric-wheelchair-lifepo4-battery-6000-cycles-rechargeable-lithium-ion-battery\/"},"modified":"2026-04-28T11:33:55","modified_gmt":"2026-04-28T11:33:55","slug":"customized-48v-72v-150ah-sla-replacement-electric-wheelchair-lifepo4-battery-6000-cycles-rechargeable-lithium-ion-battery","status":"publish","type":"product","link":"https:\/\/coresparkbattery.com\/fr\/customized-48v-72v-150ah-sla-replacement-electric-wheelchair-lifepo4-battery-6000-cycles-rechargeable-lithium-ion-battery\/","title":{"rendered":"Customized 48V 72V 150Ah Sla Replacement Electric Wheelchair LiFePO4 Battery 6000 Cycles Rechargeable Lithium Ion Battery"},"content":{"rendered":"<p>Il s'agit d'une batterie au lithium-phosphate de fer (LiFePO4) disponible en capacit\u00e9s de 26Ah, 37,5Ah, 48Ah et 200Ah, avec des options de tension de 48V, 60V et 72V.<br \/>\nIl utilise des \u00e9l\u00e9ments de batterie rechargeables LiFePO4 de haute qualit\u00e9 et est \u00e9quip\u00e9 d'un BMS intelligent int\u00e9gr\u00e9 pour un fonctionnement s\u00fbr et stable.<br \/>\nLa couleur et le connecteur peuvent \u00eatre personnalis\u00e9s en fonction des exigences du client.<br \/>\nLes services OEM et ODM sont accept\u00e9s et la batterie est assortie d'une garantie de 12 mois.<\/p>","protected":false},"excerpt":{"rendered":"<p>Batterie LiFePO4 OEM, Batterie LiFePO4 ODM, Batterie LiFePO4 personnalis\u00e9e, Batterie LiFePO4 \u00e0 tension personnalis\u00e9e<\/p>","protected":false},"featured_media":1043,"template":"","meta":{"_gspb_post_css":""},"product_brand":[],"product_cat":[504],"product_tag":[419,418,417,416],"class_list":{"0":"post-535","1":"product","2":"type-product","3":"status-publish","4":"has-post-thumbnail","6":"product_cat-lead-acid-replacement-batteries","7":"product_tag-custom-voltage-lifepo4-battery","8":"product_tag-customized-lifepo4-battery-pack","9":"product_tag-odm-lifepo4-battery-pack","10":"product_tag-oem-lifepo4-battery-pack","12":"first","13":"instock","14":"featured","15":"shipping-taxable","16":"product-type-simple"},"_links":{"self":[{"href":"https:\/\/coresparkbattery.com\/fr\/wp-json\/wp\/v2\/product\/535","targetHints":{"allow":["GET"]}}],"collection":[{"href":"https:\/\/coresparkbattery.com\/fr\/wp-json\/wp\/v2\/product"}],"about":[{"href":"https:\/\/coresparkbattery.com\/fr\/wp-json\/wp\/v2\/types\/product"}],"wp:featuredmedia":[{"embeddable":true,"href":"https:\/\/coresparkbattery.com\/fr\/wp-json\/wp\/v2\/media\/1043"}],"wp:attachment":[{"href":"https:\/\/coresparkbattery.com\/fr\/wp-json\/wp\/v2\/media?parent=535"}],"wp:term":[{"taxonomy":"product_brand","embeddable":true,"href":"https:\/\/coresparkbattery.com\/fr\/wp-json\/wp\/v2\/product_brand?post=535"},{"taxonomy":"product_cat","embeddable":true,"href":"https:\/\/coresparkbattery.com\/fr\/wp-json\/wp\/v2\/product_cat?post=535"},{"taxonomy":"product_tag","embeddable":true,"href":"https:\/\/coresparkbattery.com\/fr\/wp-json\/wp\/v2\/product_tag?post=535"}],"curies":[{"name":"wp","href":"https:\/\/api.w.org\/{rel}","templated":true}]}}